{"id":33219,"date":"2024-02-27T10:36:56","date_gmt":"2024-02-27T08:36:56","guid":{"rendered":"https:\/\/puhdasplus.ee\/tooted\/be-kategorijos\/kordicepso-milteliai-40-g\/"},"modified":"2026-04-07T20:09:26","modified_gmt":"2026-04-07T17:09:26","slug":"kordicepso-milteliai-40-g","status":"publish","type":"product","link":"https:\/\/puhdasplus.ee\/lt\/produktai\/stresas-ir-miegas\/kordicepso-milteliai-40-g\/","title":{"rendered":"Kordicepso milteliai 40 g"},"content":{"rendered":"<h2>Kas yra \u201ePuhdas+\u201c kordicepso milteliai?<\/h2>\n<p>\u201ePuhdas+\u201c kordicepso milteli\u0173 sud\u0117tyje yra kokybi\u0161ko kordicepso (<em>Cordyceps sinensis<\/em>) grybo, kuris Azijos kult\u016broje tradici\u0161kai naudojamas jau \u0161imtme\u010dius. Kordicepsas priklauso funkciniams grybams ir da\u017enai vartojamas kasdienei mitybai pa\u012fvairinti. <\/p>\n<p>Milteliai pagaminti i\u0161 kordicepso vaisiak\u016bni\u0173 ir tinka vartoti su \u012fvairiais g\u0117rimais bei maistu. D\u0117l neutralaus skonio juos lengva d\u0117ti \u012f kokteilius, arbat\u0105 ar kitus g\u0117rimus. <\/p>\n<p>\u201ePuhdas+\u201c kordicepso milteliai yra augalinis maisto papildas, puikiai tinkantis aktyviai gyvenantiems \u017emon\u0117ms ir tiems, kurie nori \u012f savo kasdien\u012f valgiara\u0161t\u012f \u012ftraukti funkcini\u0173 gryb\u0173.<\/p>\n<h2>Kod\u0117l verta vartoti kordicepso miltelius?<\/h2>\n<p>Kordicepsas (<em>Cordyceps sinensis<\/em>) yra gryb\u0173 r\u016b\u0161is, naudojama tradicin\u0117je Azijos maisto kult\u016broje. Grybuose nat\u016braliai gausu \u012fvairi\u0173 bioaktyvi\u0173 jungini\u0173, pavyzd\u017eiui, polisacharid\u0173 ir kit\u0173 grybams b\u016bding\u0173 sudedam\u0173j\u0173 dali\u0173. <\/p>\n<p>Milteli\u0173 forma leid\u017eia kordiceps\u0105 vartoti paprastai ir patogiai. Juos galima \u012ftraukti \u012f kasdien\u0119 mityb\u0105 kaip kokteili\u0173, g\u0117rim\u0173 ar \u012fvairi\u0173 patiekal\u0173 ingredient\u0105. <\/p>\n<h2>Kam tinka \u201ePuhdas+\u201c kordicepso milteliai?<\/h2>\n<p>Kordicepso milteliai tinka \u017emon\u0117ms, norintiems papildyti savo mityb\u0105 funkciniais grybais.<\/p>\n<p>Produktas tinka, pavyzd\u017eiui:<\/p>\n<p>\u2022 aktyviai gyvenantiems \u017emon\u0117ms<br \/>\u2022 sportuojantiems asmenims<br \/>\u2022 tiems, kurie nori pa\u012fvairinti savo kasdien\u0119 mityb\u0105 nat\u016braliais ingredientais<br \/>\u2022 \u017emon\u0117ms, kurie teikia pirmenyb\u0119 augaliniams maisto papildams<\/p>\n<p>Tinka veganams ir vegetarams.<\/p>\n<h2>Naudojimas<\/h2>\n<p>Sumai\u0161ykite nuo 1\/2 iki 1 arbatinio \u0161auk\u0161telio (apie 1\u20132 g) kordicepso milteli\u0173 su vandeniu, arbata, kokteiliu ar maistu 1 kart\u0105 per dien\u0105.<\/p>\n<p>Rekomenduojamos paros doz\u0117s vir\u0161yti negalima.<\/p>\n<p>Maisto papildas netur\u0117t\u0173 b\u016bti vartojamas kaip maisto pakaitalas. Svarbu \u012fvairi ir subalansuota mityba bei sveikas gyvenimo b\u016bdas.<br \/>Laikyti vaikams nepasiekiamoje vietoje.<\/p>\n<h2>Ingredientai<\/h2>\n<p>Ekologi\u0161ki kordicepso (<em>Cordyceps sinensis<\/em>) vaisiak\u016bni\u0173 milteliai, maltodekstrinas (i\u0161 kukur\u016bz\u0173).<\/p>\n<p>Grynasis kiekis: 40 g<\/p>\n<p>&nbsp;<\/p>\n<p><strong>\u017di\u016br\u0117ti taip pat:<\/strong> <a href=\"https:\/\/puhdasplus.ee\/lt\/sport\/\">Sportas<\/a> | <a href=\"https:\/\/puhdasplus.ee\/toote-kategooria\/stress-uni\/\">Stress ja Uni<\/a> | <a href=\"https:\/\/puhdasplus.ee\/toote-kategooria\/magneesium\/\">Magnis<\/a><\/p>\n","protected":false},"excerpt":{"rendered":"<p><strong>Kordicepsas (<em>Cordyceps sinensis<\/em>) yra tradici\u0161kai vertinamas grybas, Azijos kult\u016brose naudojamas jau \u0161imtme\u010dius. \u201ePuhdas+\u201c kordicepso milteliai yra augalinis maisto papildas, kurio sud\u0117tyje yra kokybi\u0161k\u0173 kordicepso gryb\u0173 milteli\u0173, tinkan\u010di\u0173 kasdienei mitybai pa\u012fvairinti. <\/strong><\/p>\n<p>Kordicepso grybas \u017einomas d\u0117l savo turtingos sud\u0117ties, jame nat\u016braliai yra polisacharid\u0173 ir kit\u0173 grybams b\u016bding\u0173 bioaktyvi\u0173 jungini\u0173. Milteli\u0173 forma leid\u017eia produkt\u0105 vartoti paprastai \u2013 j\u012f galima patogiai d\u0117ti \u012f kokteilius, g\u0117rimus ar \u012fvairius patiekalus. <\/p>\n<p>\u201ePuhdas+\u201c kordicepso milteliai puikiai tinka aktyviai gyvenantiems \u017emon\u0117ms ir tiems, kurie nori \u012f savo kasdien\u012f valgiara\u0161t\u012f \u012ftraukti funkcini\u0173 gryb\u0173. Produktas yra augalinis ir tinka veganams. <\/p>\n","protected":false},"featured_media":33221,"comment_status":"closed","ping_status":"closed","template":"","meta":{"_acf_changed":false,"googlesitekit_rrm_CAow3eq7DA:productID":""},"product_brand":[],"product_cat":[3016,3013,3019],"product_tag":[8350,3025,3023,3131,7890,8378,3026,2967],"class_list":{"0":"post-33219","1":"product","2":"type-product","3":"status-publish","4":"has-post-thumbnail","6":"product_cat-sportas","7":"product_cat-stresas-ir-miegas","8":"product_cat-supermaistas","9":"product_tag-be-laktozs-lt","10":"product_tag-energija","11":"product_tag-imunitetas","12":"product_tag-maisto-papildas","13":"product_tag-milteliai","14":"product_tag-natralus-lt","15":"product_tag-supermaistas","16":"product_tag-veganas","18":"first","19":"onbackorder","20":"taxable","21":"shipping-taxable","22":"purchasable","23":"product-type-simple"},"acf":[],"yoast_head":"<!-- This site is optimized with the Yoast SEO plugin v27.3 - https:\/\/yoast.com\/product\/yoast-seo-wordpress\/ -->\n<title>Kordicepso milteliai 40 g | Puhdas+<\/title>\n<meta name=\"description\" content=\"Kordicepso gryb\u0173 milteliai 40 g \u2014 tradici\u0161kai vertinamas grybas. Gryni kordicepso milteliai be pried\u0173. Tinka veganams.\" \/>\n<meta name=\"robots\" content=\"index, follow, max-snippet:-1, max-image-preview:large, max-video-preview:-1\" \/>\n<link rel=\"canonical\" href=\"https:\/\/puhdasplus.ee\/lt\/produktai\/stresas-ir-miegas\/kordicepso-milteliai-40-g\/\" \/>\n<meta property=\"og:locale\" content=\"lt_LT\" \/>\n<meta property=\"og:type\" content=\"article\" \/>\n<meta property=\"og:title\" content=\"Kordicepso milteliai 40 g | Puhdas+\" \/>\n<meta property=\"og:description\" content=\"Kordicepso gryb\u0173 milteliai 40 g \u2014 tradici\u0161kai vertinamas grybas. Gryni kordicepso milteliai be pried\u0173. Tinka veganams.\" \/>\n<meta property=\"og:url\" content=\"https:\/\/puhdasplus.ee\/lt\/produktai\/stresas-ir-miegas\/kordicepso-milteliai-40-g\/\" \/>\n<meta property=\"og:site_name\" content=\"Puhdas+\" \/>\n<meta property=\"article:publisher\" content=\"https:\/\/www.facebook.com\/puhdasplus\" \/>\n<meta property=\"article:modified_time\" content=\"2026-04-07T17:09:26+00:00\" \/>\n<meta property=\"og:image\" content=\"https:\/\/puhdasplus.ee\/wp-content\/uploads\/2025\/03\/114.jpg\" \/>\n\t<meta property=\"og:image:width\" content=\"1862\" \/>\n\t<meta property=\"og:image:height\" content=\"2560\" \/>\n\t<meta property=\"og:image:type\" content=\"image\/jpeg\" \/>\n<meta name=\"twitter:card\" content=\"summary_large_image\" \/>\n<meta name=\"twitter:label1\" content=\"Est. reading time\" \/>\n\t<meta name=\"twitter:data1\" content=\"1 minut\u0117\" \/>\n<script type=\"application\/ld+json\" class=\"yoast-schema-graph\">{\"@context\":\"https:\\\/\\\/schema.org\",\"@graph\":[{\"@type\":\"WebPage\",\"@id\":\"https:\\\/\\\/puhdasplus.ee\\\/lt\\\/produktai\\\/stresas-ir-miegas\\\/kordicepso-milteliai-40-g\\\/\",\"url\":\"https:\\\/\\\/puhdasplus.ee\\\/lt\\\/produktai\\\/stresas-ir-miegas\\\/kordicepso-milteliai-40-g\\\/\",\"name\":\"Kordicepso milteliai 40 g | Puhdas+\",\"isPartOf\":{\"@id\":\"https:\\\/\\\/puhdasplus.ee\\\/lt\\\/#website\"},\"primaryImageOfPage\":{\"@id\":\"https:\\\/\\\/puhdasplus.ee\\\/lt\\\/produktai\\\/stresas-ir-miegas\\\/kordicepso-milteliai-40-g\\\/#primaryimage\"},\"image\":{\"@id\":\"https:\\\/\\\/puhdasplus.ee\\\/lt\\\/produktai\\\/stresas-ir-miegas\\\/kordicepso-milteliai-40-g\\\/#primaryimage\"},\"thumbnailUrl\":\"https:\\\/\\\/puhdasplus.ee\\\/wp-content\\\/uploads\\\/2025\\\/03\\\/114.jpg\",\"datePublished\":\"2024-02-27T08:36:56+00:00\",\"dateModified\":\"2026-04-07T17:09:26+00:00\",\"description\":\"Kordicepso gryb\u0173 milteliai 40 g \u2014 tradici\u0161kai vertinamas grybas. Gryni kordicepso milteliai be pried\u0173. Tinka veganams.\",\"breadcrumb\":{\"@id\":\"https:\\\/\\\/puhdasplus.ee\\\/lt\\\/produktai\\\/stresas-ir-miegas\\\/kordicepso-milteliai-40-g\\\/#breadcrumb\"},\"inLanguage\":\"lt-LT\",\"potentialAction\":[{\"@type\":\"ReadAction\",\"target\":[\"https:\\\/\\\/puhdasplus.ee\\\/lt\\\/produktai\\\/stresas-ir-miegas\\\/kordicepso-milteliai-40-g\\\/\"]}]},{\"@type\":\"ImageObject\",\"inLanguage\":\"lt-LT\",\"@id\":\"https:\\\/\\\/puhdasplus.ee\\\/lt\\\/produktai\\\/stresas-ir-miegas\\\/kordicepso-milteliai-40-g\\\/#primaryimage\",\"url\":\"https:\\\/\\\/puhdasplus.ee\\\/wp-content\\\/uploads\\\/2025\\\/03\\\/114.jpg\",\"contentUrl\":\"https:\\\/\\\/puhdasplus.ee\\\/wp-content\\\/uploads\\\/2025\\\/03\\\/114.jpg\",\"width\":1862,\"height\":2560,\"caption\":\"Kordicepso milteliai\"},{\"@type\":\"BreadcrumbList\",\"@id\":\"https:\\\/\\\/puhdasplus.ee\\\/lt\\\/produktai\\\/stresas-ir-miegas\\\/kordicepso-milteliai-40-g\\\/#breadcrumb\",\"itemListElement\":[{\"@type\":\"ListItem\",\"position\":1,\"name\":\"Prad\u017eia\",\"item\":\"https:\\\/\\\/puhdasplus.ee\\\/lt\\\/\"},{\"@type\":\"ListItem\",\"position\":2,\"name\":\"Produktai\",\"item\":\"https:\\\/\\\/puhdasplus.ee\\\/lt\\\/parduotuve\\\/\"},{\"@type\":\"ListItem\",\"position\":3,\"name\":\"Kordicepso milteliai 40 g\"}]},{\"@type\":\"WebSite\",\"@id\":\"https:\\\/\\\/puhdasplus.ee\\\/lt\\\/#website\",\"url\":\"https:\\\/\\\/puhdasplus.ee\\\/lt\\\/\",\"name\":\"Puhdas+\",\"description\":\"Vitaminai, maisto papildai, nat\u016brali kosmetika, sveikata, sportas\",\"publisher\":{\"@id\":\"https:\\\/\\\/puhdasplus.ee\\\/lt\\\/#organization\"},\"potentialAction\":[{\"@type\":\"SearchAction\",\"target\":{\"@type\":\"EntryPoint\",\"urlTemplate\":\"https:\\\/\\\/puhdasplus.ee\\\/lt\\\/?s={search_term_string}\"},\"query-input\":{\"@type\":\"PropertyValueSpecification\",\"valueRequired\":true,\"valueName\":\"search_term_string\"}}],\"inLanguage\":\"lt-LT\"},{\"@type\":\"Organization\",\"@id\":\"https:\\\/\\\/puhdasplus.ee\\\/lt\\\/#organization\",\"name\":\"Puhdas+\",\"alternateName\":\"Puhdasplus\",\"url\":\"https:\\\/\\\/puhdasplus.ee\\\/lt\\\/\",\"logo\":{\"@type\":\"ImageObject\",\"inLanguage\":\"lt-LT\",\"@id\":\"https:\\\/\\\/puhdasplus.ee\\\/lt\\\/#\\\/schema\\\/logo\\\/image\\\/\",\"url\":\"https:\\\/\\\/puhdasplus.ee\\\/wp-content\\\/uploads\\\/2019\\\/10\\\/puhdas_logo-arvele.png\",\"contentUrl\":\"https:\\\/\\\/puhdasplus.ee\\\/wp-content\\\/uploads\\\/2019\\\/10\\\/puhdas_logo-arvele.png\",\"width\":114,\"height\":94,\"caption\":\"Puhdas+\"},\"image\":{\"@id\":\"https:\\\/\\\/puhdasplus.ee\\\/lt\\\/#\\\/schema\\\/logo\\\/image\\\/\"},\"sameAs\":[\"https:\\\/\\\/www.facebook.com\\\/puhdasplus\",\"https:\\\/\\\/www.instagram.com\\\/puhdasplus_ee\\\/\"]}]}<\/script>\n<!-- \/ Yoast SEO plugin. -->","yoast_head_json":{"title":"Kordicepso milteliai 40 g | Puhdas+","description":"Kordicepso gryb\u0173 milteliai 40 g \u2014 tradici\u0161kai vertinamas grybas. Gryni kordicepso milteliai be pried\u0173. Tinka veganams.","robots":{"index":"index","follow":"follow","max-snippet":"max-snippet:-1","max-image-preview":"max-image-preview:large","max-video-preview":"max-video-preview:-1"},"canonical":"https:\/\/puhdasplus.ee\/lt\/produktai\/stresas-ir-miegas\/kordicepso-milteliai-40-g\/","og_locale":"lt_LT","og_type":"article","og_title":"Kordicepso milteliai 40 g | Puhdas+","og_description":"Kordicepso gryb\u0173 milteliai 40 g \u2014 tradici\u0161kai vertinamas grybas. Gryni kordicepso milteliai be pried\u0173. Tinka veganams.","og_url":"https:\/\/puhdasplus.ee\/lt\/produktai\/stresas-ir-miegas\/kordicepso-milteliai-40-g\/","og_site_name":"Puhdas+","article_publisher":"https:\/\/www.facebook.com\/puhdasplus","article_modified_time":"2026-04-07T17:09:26+00:00","og_image":[{"width":1862,"height":2560,"url":"https:\/\/puhdasplus.ee\/wp-content\/uploads\/2025\/03\/114.jpg","type":"image\/jpeg"}],"twitter_card":"summary_large_image","twitter_misc":{"Est. reading time":"1 minut\u0117"},"schema":{"@context":"https:\/\/schema.org","@graph":[{"@type":"WebPage","@id":"https:\/\/puhdasplus.ee\/lt\/produktai\/stresas-ir-miegas\/kordicepso-milteliai-40-g\/","url":"https:\/\/puhdasplus.ee\/lt\/produktai\/stresas-ir-miegas\/kordicepso-milteliai-40-g\/","name":"Kordicepso milteliai 40 g | Puhdas+","isPartOf":{"@id":"https:\/\/puhdasplus.ee\/lt\/#website"},"primaryImageOfPage":{"@id":"https:\/\/puhdasplus.ee\/lt\/produktai\/stresas-ir-miegas\/kordicepso-milteliai-40-g\/#primaryimage"},"image":{"@id":"https:\/\/puhdasplus.ee\/lt\/produktai\/stresas-ir-miegas\/kordicepso-milteliai-40-g\/#primaryimage"},"thumbnailUrl":"https:\/\/puhdasplus.ee\/wp-content\/uploads\/2025\/03\/114.jpg","datePublished":"2024-02-27T08:36:56+00:00","dateModified":"2026-04-07T17:09:26+00:00","description":"Kordicepso gryb\u0173 milteliai 40 g \u2014 tradici\u0161kai vertinamas grybas. Gryni kordicepso milteliai be pried\u0173. Tinka veganams.","breadcrumb":{"@id":"https:\/\/puhdasplus.ee\/lt\/produktai\/stresas-ir-miegas\/kordicepso-milteliai-40-g\/#breadcrumb"},"inLanguage":"lt-LT","potentialAction":[{"@type":"ReadAction","target":["https:\/\/puhdasplus.ee\/lt\/produktai\/stresas-ir-miegas\/kordicepso-milteliai-40-g\/"]}]},{"@type":"ImageObject","inLanguage":"lt-LT","@id":"https:\/\/puhdasplus.ee\/lt\/produktai\/stresas-ir-miegas\/kordicepso-milteliai-40-g\/#primaryimage","url":"https:\/\/puhdasplus.ee\/wp-content\/uploads\/2025\/03\/114.jpg","contentUrl":"https:\/\/puhdasplus.ee\/wp-content\/uploads\/2025\/03\/114.jpg","width":1862,"height":2560,"caption":"Kordicepso milteliai"},{"@type":"BreadcrumbList","@id":"https:\/\/puhdasplus.ee\/lt\/produktai\/stresas-ir-miegas\/kordicepso-milteliai-40-g\/#breadcrumb","itemListElement":[{"@type":"ListItem","position":1,"name":"Prad\u017eia","item":"https:\/\/puhdasplus.ee\/lt\/"},{"@type":"ListItem","position":2,"name":"Produktai","item":"https:\/\/puhdasplus.ee\/lt\/parduotuve\/"},{"@type":"ListItem","position":3,"name":"Kordicepso milteliai 40 g"}]},{"@type":"WebSite","@id":"https:\/\/puhdasplus.ee\/lt\/#website","url":"https:\/\/puhdasplus.ee\/lt\/","name":"Puhdas+","description":"Vitaminai, maisto papildai, nat\u016brali kosmetika, sveikata, sportas","publisher":{"@id":"https:\/\/puhdasplus.ee\/lt\/#organization"},"potentialAction":[{"@type":"SearchAction","target":{"@type":"EntryPoint","urlTemplate":"https:\/\/puhdasplus.ee\/lt\/?s={search_term_string}"},"query-input":{"@type":"PropertyValueSpecification","valueRequired":true,"valueName":"search_term_string"}}],"inLanguage":"lt-LT"},{"@type":"Organization","@id":"https:\/\/puhdasplus.ee\/lt\/#organization","name":"Puhdas+","alternateName":"Puhdasplus","url":"https:\/\/puhdasplus.ee\/lt\/","logo":{"@type":"ImageObject","inLanguage":"lt-LT","@id":"https:\/\/puhdasplus.ee\/lt\/#\/schema\/logo\/image\/","url":"https:\/\/puhdasplus.ee\/wp-content\/uploads\/2019\/10\/puhdas_logo-arvele.png","contentUrl":"https:\/\/puhdasplus.ee\/wp-content\/uploads\/2019\/10\/puhdas_logo-arvele.png","width":114,"height":94,"caption":"Puhdas+"},"image":{"@id":"https:\/\/puhdasplus.ee\/lt\/#\/schema\/logo\/image\/"},"sameAs":["https:\/\/www.facebook.com\/puhdasplus","https:\/\/www.instagram.com\/puhdasplus_ee\/"]}]}},"_yoast_wpseo_title":"Kordicepso milteliai 40 g | Puhdas+","_yoast_wpseo_metadesc":"Kordicepso gryb\u0173 milteliai 40 g \u2014 tradici\u0161kai vertinamas grybas. Gryni kordicepso milteliai be pried\u0173. Tinka veganams.","_yoast_wpseo_focuskw":"","_links":{"self":[{"href":"https:\/\/puhdasplus.ee\/lt\/wp-json\/wp\/v2\/product\/33219","targetHints":{"allow":["GET"]}}],"collection":[{"href":"https:\/\/puhdasplus.ee\/lt\/wp-json\/wp\/v2\/product"}],"about":[{"href":"https:\/\/puhdasplus.ee\/lt\/wp-json\/wp\/v2\/types\/product"}],"replies":[{"embeddable":true,"href":"https:\/\/puhdasplus.ee\/lt\/wp-json\/wp\/v2\/comments?post=33219"}],"wp:featuredmedia":[{"embeddable":true,"href":"https:\/\/puhdasplus.ee\/lt\/wp-json\/wp\/v2\/media\/33221"}],"wp:attachment":[{"href":"https:\/\/puhdasplus.ee\/lt\/wp-json\/wp\/v2\/media?parent=33219"}],"wp:term":[{"taxonomy":"product_brand","embeddable":true,"href":"https:\/\/puhdasplus.ee\/lt\/wp-json\/wp\/v2\/product_brand?post=33219"},{"taxonomy":"product_cat","embeddable":true,"href":"https:\/\/puhdasplus.ee\/lt\/wp-json\/wp\/v2\/product_cat?post=33219"},{"taxonomy":"product_tag","embeddable":true,"href":"https:\/\/puhdasplus.ee\/lt\/wp-json\/wp\/v2\/product_tag?post=33219"}],"curies":[{"name":"wp","href":"https:\/\/api.w.org\/{rel}","templated":true}]}}