{"id":33163,"date":"2025-01-16T20:29:04","date_gmt":"2025-01-16T18:29:04","guid":{"rendered":"https:\/\/puhdasplus.ee\/tooted\/be-kategorijos\/vitamino-c-serumas-30-ml\/"},"modified":"2026-04-07T20:10:44","modified_gmt":"2026-04-07T17:10:44","slug":"vitamino-c-serumas-30-ml","status":"publish","type":"product","link":"https:\/\/puhdasplus.ee\/lt\/produktai\/kosmetika-lt\/vitamino-c-serumas-30-ml\/","title":{"rendered":"Vitamino C serumas 30 ml"},"content":{"rendered":"<p>Atraskite nauj\u0105 geriausi\u0105 savo odos draug\u0105 \u2013 veiksming\u0105 vitamino C serum\u0105, kuris atskleid\u017eia nat\u016bral\u0173 odos spindes\u012f ir elastingum\u0105. \u0160is nuostabus serumas praturtintas vitaminu C, \u017einomu d\u0117l puiki\u0173 antioksidacini\u0173 savybi\u0173. Vitaminas C padeda suma\u017einti sen\u0117jimo po\u017eymius, suvienodinti odos atspalv\u012f ir u\u017ekirsti keli\u0105 nauj\u0173 pigmentini\u0173 d\u0117mi\u0173 susidarymui. Vitamino C serumas palieka od\u0105 \u0161ilkin\u0119 \u0161velni\u0105 ir elasting\u0105.   <\/p>\n<p>Vitamino C 10 % serumas yra galingas antioksidacinis serumas, padedantis suvienodinti odos atspalv\u012f, suma\u017einti am\u017eiaus d\u0117mes ir suteikti odai spindesio. Vitaminas C (10 %) stimuliuoja kolageno gamyb\u0105, apsaugo od\u0105 nuo \u017ealingo laisv\u0173j\u0173 radikal\u0173 poveikio ir padeda i\u0161vengti sen\u0117jimo po\u017eymi\u0173. Serume taip pat yra hialurono r\u016bg\u0161ties, kuri giliai dr\u0117kina od\u0105, tod\u0117l ji tampa lygi ir elastinga. Lengva ir greitai \u012fsigerianti formul\u0117 tinka visiems odos tipams, ypa\u010d papilk\u0117jusiai ir netolygiai veido odai.   <\/p>\n<p>Vitamino C nauda odos prie\u017ei\u016brai:<\/p>\n<p><strong>Antioksidant\u0173 apsauga:<\/strong> vitaminas C pasi\u017eymi stipriomis antioksidacin\u0117mis savyb\u0117mis, kurios padeda kovoti su laisvaisiais radikalais ir apsaugo od\u0105 nuo \u017ealingo aplinkos poveikio.<\/p>\n<p><strong>Suvienodina odos atspalv\u012f:<\/strong> vitaminas C padeda suma\u017einti esam\u0105 pigmentacij\u0105 ir u\u017ekirsti keli\u0105 nauj\u0173 d\u0117mi\u0173 susidarymui, i\u0161ry\u0161kindamas nat\u016bral\u0173 odos \u0161vyt\u0117jim\u0105.<\/p>\n<p><strong>Palaiko kolageno gamyb\u0105:<\/strong> Vitaminas C palaiko kolageno sintez\u0119, padeda suma\u017einti sen\u0117jimo po\u017eymius ir i\u0161laikyti od\u0105 jaunatvi\u0161k\u0105.<\/p>\n<h2>Naudojimo instrukcijos<\/h2>\n<ol>\n<li>Prie\u0161 tepdami serum\u0105, nuvalykite ir nusausinkite od\u0105.<\/li>\n<li>U\u017etepkite 2\u20133 la\u0161us serumo ant veido ir kaklo odos ir \u0161velniai masa\u017euokite, kol \u012fsigers.<\/li>\n<li>Naudokite ryte prie\u0161 dr\u0117kinam\u0105j\u012f krem\u0105 ir apsaugin\u012f krem\u0105 nuo saul\u0117s.<\/li>\n<li>Geriausiems rezultatams pasiekti naudokite reguliariai.<\/li>\n<\/ol>\n<p><strong>Sudedamosios dalys:<\/strong><br \/> Vanduo (Aqua), glicerinas, askorbilgliukozidas, dikaprilo karbonatas, kaprilo\/kaprio trigliceridas, pentilenglikolis, argininas, kokos\u0173 kaprilatas\/kapratas, dodekanas, soj\u0173 pupeli\u0173 ekstraktas (Glycine Soja), ksantano derva, kvapiosios med\u017eiagos (Parfum), arb\u016bz\u0173 s\u0117kl\u0173 aliejus (Citrullus Lanatus), tokoferolis, fitino r\u016bg\u0161tis, natrio hialuronatas, citrin\u0173 r\u016bg\u0161tis.<\/p>\n<p><strong>\u017di\u016br\u0117ti taip pat:<\/strong> <a href=\"https:\/\/puhdasplus.ee\/toote-kategooria\/looduskosmeetika\/\">Looduskosmeetika<\/a> | <a href=\"https:\/\/puhdasplus.ee\/toote-kategooria\/nahk-juuksed-kuuned\/\">Oda, plaukai, nagai<\/a><\/p>\n","protected":false},"excerpt":{"rendered":"<p>\u0160viesinantis ir tolygaus atspalvio vitamino C serumas, padedantis suma\u017einti am\u017eiaus d\u0117mes ir stimuliuojantis kolageno gamyb\u0105.<\/p>\n","protected":false},"featured_media":33165,"comment_status":"closed","ping_status":"closed","template":"","meta":{"_acf_changed":false,"googlesitekit_rrm_CAow3eq7DA:productID":""},"product_brand":[],"product_cat":[2582],"product_tag":[4764,7869,2886,8370,3125],"class_list":{"0":"post-33163","1":"product","2":"type-product","3":"status-publish","4":"has-post-thumbnail","6":"product_cat-kosmetika-lt","7":"product_tag-antioksidantas-lt","8":"product_tag-naturali-kosmetika","9":"product_tag-odos-prieziura","10":"product_tag-vitaminai-lt","11":"product_tag-vitaminas-c-lt","13":"first","14":"instock","15":"taxable","16":"shipping-taxable","17":"purchasable","18":"product-type-simple"},"acf":[],"yoast_head":"<!-- This site is optimized with the Yoast SEO plugin v27.3 - https:\/\/yoast.com\/product\/yoast-seo-wordpress\/ -->\n<title>Vitamino C serumas 30 ml | Puhdas+<\/title>\n<meta name=\"description\" content=\"Serumas su vitaminu C (10 %) suteikia odai \u0161vyt\u0117jimo, suvienodina veido spalv\u0105 ir apsaugo nuo laisv\u0173j\u0173 radikal\u0173. Sud\u0117tyje yra vitamino C ir hialurono r\u016bg\u0161ties!\" \/>\n<meta name=\"robots\" content=\"index, follow, max-snippet:-1, max-image-preview:large, max-video-preview:-1\" \/>\n<link rel=\"canonical\" href=\"https:\/\/puhdasplus.ee\/lt\/produktai\/kosmetika-lt\/vitamino-c-serumas-30-ml\/\" \/>\n<meta property=\"og:locale\" content=\"lt_LT\" \/>\n<meta property=\"og:type\" content=\"article\" \/>\n<meta property=\"og:title\" content=\"Vitamino C serumas 30 ml | Puhdas+\" \/>\n<meta property=\"og:description\" content=\"Serumas su vitaminu C (10 %) suteikia odai \u0161vyt\u0117jimo, suvienodina veido spalv\u0105 ir apsaugo nuo laisv\u0173j\u0173 radikal\u0173. Sud\u0117tyje yra vitamino C ir hialurono r\u016bg\u0161ties!\" \/>\n<meta property=\"og:url\" content=\"https:\/\/puhdasplus.ee\/lt\/produktai\/kosmetika-lt\/vitamino-c-serumas-30-ml\/\" \/>\n<meta property=\"og:site_name\" content=\"Puhdas+\" \/>\n<meta property=\"article:publisher\" content=\"https:\/\/www.facebook.com\/puhdasplus\" \/>\n<meta property=\"article:modified_time\" content=\"2026-04-07T17:10:44+00:00\" \/>\n<meta property=\"og:image\" content=\"https:\/\/puhdasplus.ee\/wp-content\/uploads\/2025\/03\/143.jpg\" \/>\n\t<meta property=\"og:image:width\" content=\"1862\" \/>\n\t<meta property=\"og:image:height\" content=\"2560\" \/>\n\t<meta property=\"og:image:type\" content=\"image\/jpeg\" \/>\n<meta name=\"twitter:card\" content=\"summary_large_image\" \/>\n<meta name=\"twitter:label1\" content=\"Est. reading time\" \/>\n\t<meta name=\"twitter:data1\" content=\"2 minut\u0117\" \/>\n<script type=\"application\/ld+json\" class=\"yoast-schema-graph\">{\"@context\":\"https:\\\/\\\/schema.org\",\"@graph\":[{\"@type\":\"WebPage\",\"@id\":\"https:\\\/\\\/puhdasplus.ee\\\/lt\\\/produktai\\\/kosmetika-lt\\\/vitamino-c-serumas-30-ml\\\/\",\"url\":\"https:\\\/\\\/puhdasplus.ee\\\/lt\\\/produktai\\\/kosmetika-lt\\\/vitamino-c-serumas-30-ml\\\/\",\"name\":\"Vitamino C serumas 30 ml | Puhdas+\",\"isPartOf\":{\"@id\":\"https:\\\/\\\/puhdasplus.ee\\\/lt\\\/#website\"},\"primaryImageOfPage\":{\"@id\":\"https:\\\/\\\/puhdasplus.ee\\\/lt\\\/produktai\\\/kosmetika-lt\\\/vitamino-c-serumas-30-ml\\\/#primaryimage\"},\"image\":{\"@id\":\"https:\\\/\\\/puhdasplus.ee\\\/lt\\\/produktai\\\/kosmetika-lt\\\/vitamino-c-serumas-30-ml\\\/#primaryimage\"},\"thumbnailUrl\":\"https:\\\/\\\/puhdasplus.ee\\\/wp-content\\\/uploads\\\/2025\\\/03\\\/143.jpg\",\"datePublished\":\"2025-01-16T18:29:04+00:00\",\"dateModified\":\"2026-04-07T17:10:44+00:00\",\"description\":\"Serumas su vitaminu C (10 %) suteikia odai \u0161vyt\u0117jimo, suvienodina veido spalv\u0105 ir apsaugo nuo laisv\u0173j\u0173 radikal\u0173. Sud\u0117tyje yra vitamino C ir hialurono r\u016bg\u0161ties!\",\"breadcrumb\":{\"@id\":\"https:\\\/\\\/puhdasplus.ee\\\/lt\\\/produktai\\\/kosmetika-lt\\\/vitamino-c-serumas-30-ml\\\/#breadcrumb\"},\"inLanguage\":\"lt-LT\",\"potentialAction\":[{\"@type\":\"ReadAction\",\"target\":[\"https:\\\/\\\/puhdasplus.ee\\\/lt\\\/produktai\\\/kosmetika-lt\\\/vitamino-c-serumas-30-ml\\\/\"]}]},{\"@type\":\"ImageObject\",\"inLanguage\":\"lt-LT\",\"@id\":\"https:\\\/\\\/puhdasplus.ee\\\/lt\\\/produktai\\\/kosmetika-lt\\\/vitamino-c-serumas-30-ml\\\/#primaryimage\",\"url\":\"https:\\\/\\\/puhdasplus.ee\\\/wp-content\\\/uploads\\\/2025\\\/03\\\/143.jpg\",\"contentUrl\":\"https:\\\/\\\/puhdasplus.ee\\\/wp-content\\\/uploads\\\/2025\\\/03\\\/143.jpg\",\"width\":1862,\"height\":2560,\"caption\":\"Vitamino C serumas\"},{\"@type\":\"BreadcrumbList\",\"@id\":\"https:\\\/\\\/puhdasplus.ee\\\/lt\\\/produktai\\\/kosmetika-lt\\\/vitamino-c-serumas-30-ml\\\/#breadcrumb\",\"itemListElement\":[{\"@type\":\"ListItem\",\"position\":1,\"name\":\"Prad\u017eia\",\"item\":\"https:\\\/\\\/puhdasplus.ee\\\/lt\\\/\"},{\"@type\":\"ListItem\",\"position\":2,\"name\":\"Produktai\",\"item\":\"https:\\\/\\\/puhdasplus.ee\\\/lt\\\/parduotuve\\\/\"},{\"@type\":\"ListItem\",\"position\":3,\"name\":\"Vitamino C serumas 30 ml\"}]},{\"@type\":\"WebSite\",\"@id\":\"https:\\\/\\\/puhdasplus.ee\\\/lt\\\/#website\",\"url\":\"https:\\\/\\\/puhdasplus.ee\\\/lt\\\/\",\"name\":\"Puhdas+\",\"description\":\"Vitaminai, maisto papildai, nat\u016brali kosmetika, sveikata, sportas\",\"publisher\":{\"@id\":\"https:\\\/\\\/puhdasplus.ee\\\/lt\\\/#organization\"},\"potentialAction\":[{\"@type\":\"SearchAction\",\"target\":{\"@type\":\"EntryPoint\",\"urlTemplate\":\"https:\\\/\\\/puhdasplus.ee\\\/lt\\\/?s={search_term_string}\"},\"query-input\":{\"@type\":\"PropertyValueSpecification\",\"valueRequired\":true,\"valueName\":\"search_term_string\"}}],\"inLanguage\":\"lt-LT\"},{\"@type\":\"Organization\",\"@id\":\"https:\\\/\\\/puhdasplus.ee\\\/lt\\\/#organization\",\"name\":\"Puhdas+\",\"alternateName\":\"Puhdasplus\",\"url\":\"https:\\\/\\\/puhdasplus.ee\\\/lt\\\/\",\"logo\":{\"@type\":\"ImageObject\",\"inLanguage\":\"lt-LT\",\"@id\":\"https:\\\/\\\/puhdasplus.ee\\\/lt\\\/#\\\/schema\\\/logo\\\/image\\\/\",\"url\":\"https:\\\/\\\/puhdasplus.ee\\\/wp-content\\\/uploads\\\/2019\\\/10\\\/puhdas_logo-arvele.png\",\"contentUrl\":\"https:\\\/\\\/puhdasplus.ee\\\/wp-content\\\/uploads\\\/2019\\\/10\\\/puhdas_logo-arvele.png\",\"width\":114,\"height\":94,\"caption\":\"Puhdas+\"},\"image\":{\"@id\":\"https:\\\/\\\/puhdasplus.ee\\\/lt\\\/#\\\/schema\\\/logo\\\/image\\\/\"},\"sameAs\":[\"https:\\\/\\\/www.facebook.com\\\/puhdasplus\",\"https:\\\/\\\/www.instagram.com\\\/puhdasplus_ee\\\/\"]}]}<\/script>\n<!-- \/ Yoast SEO plugin. -->","yoast_head_json":{"title":"Vitamino C serumas 30 ml | Puhdas+","description":"Serumas su vitaminu C (10 %) suteikia odai \u0161vyt\u0117jimo, suvienodina veido spalv\u0105 ir apsaugo nuo laisv\u0173j\u0173 radikal\u0173. Sud\u0117tyje yra vitamino C ir hialurono r\u016bg\u0161ties!","robots":{"index":"index","follow":"follow","max-snippet":"max-snippet:-1","max-image-preview":"max-image-preview:large","max-video-preview":"max-video-preview:-1"},"canonical":"https:\/\/puhdasplus.ee\/lt\/produktai\/kosmetika-lt\/vitamino-c-serumas-30-ml\/","og_locale":"lt_LT","og_type":"article","og_title":"Vitamino C serumas 30 ml | Puhdas+","og_description":"Serumas su vitaminu C (10 %) suteikia odai \u0161vyt\u0117jimo, suvienodina veido spalv\u0105 ir apsaugo nuo laisv\u0173j\u0173 radikal\u0173. Sud\u0117tyje yra vitamino C ir hialurono r\u016bg\u0161ties!","og_url":"https:\/\/puhdasplus.ee\/lt\/produktai\/kosmetika-lt\/vitamino-c-serumas-30-ml\/","og_site_name":"Puhdas+","article_publisher":"https:\/\/www.facebook.com\/puhdasplus","article_modified_time":"2026-04-07T17:10:44+00:00","og_image":[{"width":1862,"height":2560,"url":"https:\/\/puhdasplus.ee\/wp-content\/uploads\/2025\/03\/143.jpg","type":"image\/jpeg"}],"twitter_card":"summary_large_image","twitter_misc":{"Est. reading time":"2 minut\u0117"},"schema":{"@context":"https:\/\/schema.org","@graph":[{"@type":"WebPage","@id":"https:\/\/puhdasplus.ee\/lt\/produktai\/kosmetika-lt\/vitamino-c-serumas-30-ml\/","url":"https:\/\/puhdasplus.ee\/lt\/produktai\/kosmetika-lt\/vitamino-c-serumas-30-ml\/","name":"Vitamino C serumas 30 ml | Puhdas+","isPartOf":{"@id":"https:\/\/puhdasplus.ee\/lt\/#website"},"primaryImageOfPage":{"@id":"https:\/\/puhdasplus.ee\/lt\/produktai\/kosmetika-lt\/vitamino-c-serumas-30-ml\/#primaryimage"},"image":{"@id":"https:\/\/puhdasplus.ee\/lt\/produktai\/kosmetika-lt\/vitamino-c-serumas-30-ml\/#primaryimage"},"thumbnailUrl":"https:\/\/puhdasplus.ee\/wp-content\/uploads\/2025\/03\/143.jpg","datePublished":"2025-01-16T18:29:04+00:00","dateModified":"2026-04-07T17:10:44+00:00","description":"Serumas su vitaminu C (10 %) suteikia odai \u0161vyt\u0117jimo, suvienodina veido spalv\u0105 ir apsaugo nuo laisv\u0173j\u0173 radikal\u0173. Sud\u0117tyje yra vitamino C ir hialurono r\u016bg\u0161ties!","breadcrumb":{"@id":"https:\/\/puhdasplus.ee\/lt\/produktai\/kosmetika-lt\/vitamino-c-serumas-30-ml\/#breadcrumb"},"inLanguage":"lt-LT","potentialAction":[{"@type":"ReadAction","target":["https:\/\/puhdasplus.ee\/lt\/produktai\/kosmetika-lt\/vitamino-c-serumas-30-ml\/"]}]},{"@type":"ImageObject","inLanguage":"lt-LT","@id":"https:\/\/puhdasplus.ee\/lt\/produktai\/kosmetika-lt\/vitamino-c-serumas-30-ml\/#primaryimage","url":"https:\/\/puhdasplus.ee\/wp-content\/uploads\/2025\/03\/143.jpg","contentUrl":"https:\/\/puhdasplus.ee\/wp-content\/uploads\/2025\/03\/143.jpg","width":1862,"height":2560,"caption":"Vitamino C serumas"},{"@type":"BreadcrumbList","@id":"https:\/\/puhdasplus.ee\/lt\/produktai\/kosmetika-lt\/vitamino-c-serumas-30-ml\/#breadcrumb","itemListElement":[{"@type":"ListItem","position":1,"name":"Prad\u017eia","item":"https:\/\/puhdasplus.ee\/lt\/"},{"@type":"ListItem","position":2,"name":"Produktai","item":"https:\/\/puhdasplus.ee\/lt\/parduotuve\/"},{"@type":"ListItem","position":3,"name":"Vitamino C serumas 30 ml"}]},{"@type":"WebSite","@id":"https:\/\/puhdasplus.ee\/lt\/#website","url":"https:\/\/puhdasplus.ee\/lt\/","name":"Puhdas+","description":"Vitaminai, maisto papildai, nat\u016brali kosmetika, sveikata, sportas","publisher":{"@id":"https:\/\/puhdasplus.ee\/lt\/#organization"},"potentialAction":[{"@type":"SearchAction","target":{"@type":"EntryPoint","urlTemplate":"https:\/\/puhdasplus.ee\/lt\/?s={search_term_string}"},"query-input":{"@type":"PropertyValueSpecification","valueRequired":true,"valueName":"search_term_string"}}],"inLanguage":"lt-LT"},{"@type":"Organization","@id":"https:\/\/puhdasplus.ee\/lt\/#organization","name":"Puhdas+","alternateName":"Puhdasplus","url":"https:\/\/puhdasplus.ee\/lt\/","logo":{"@type":"ImageObject","inLanguage":"lt-LT","@id":"https:\/\/puhdasplus.ee\/lt\/#\/schema\/logo\/image\/","url":"https:\/\/puhdasplus.ee\/wp-content\/uploads\/2019\/10\/puhdas_logo-arvele.png","contentUrl":"https:\/\/puhdasplus.ee\/wp-content\/uploads\/2019\/10\/puhdas_logo-arvele.png","width":114,"height":94,"caption":"Puhdas+"},"image":{"@id":"https:\/\/puhdasplus.ee\/lt\/#\/schema\/logo\/image\/"},"sameAs":["https:\/\/www.facebook.com\/puhdasplus","https:\/\/www.instagram.com\/puhdasplus_ee\/"]}]}},"_yoast_wpseo_title":"Vitamino C serumas 30 ml | Puhdas+","_yoast_wpseo_metadesc":"Serumas su vitaminu C (10 %) suteikia odai \u0161vyt\u0117jimo, suvienodina veido spalv\u0105 ir apsaugo nuo laisv\u0173j\u0173 radikal\u0173. Sud\u0117tyje yra vitamino C ir hialurono r\u016bg\u0161ties!","_yoast_wpseo_focuskw":"","_links":{"self":[{"href":"https:\/\/puhdasplus.ee\/lt\/wp-json\/wp\/v2\/product\/33163","targetHints":{"allow":["GET"]}}],"collection":[{"href":"https:\/\/puhdasplus.ee\/lt\/wp-json\/wp\/v2\/product"}],"about":[{"href":"https:\/\/puhdasplus.ee\/lt\/wp-json\/wp\/v2\/types\/product"}],"replies":[{"embeddable":true,"href":"https:\/\/puhdasplus.ee\/lt\/wp-json\/wp\/v2\/comments?post=33163"}],"wp:featuredmedia":[{"embeddable":true,"href":"https:\/\/puhdasplus.ee\/lt\/wp-json\/wp\/v2\/media\/33165"}],"wp:attachment":[{"href":"https:\/\/puhdasplus.ee\/lt\/wp-json\/wp\/v2\/media?parent=33163"}],"wp:term":[{"taxonomy":"product_brand","embeddable":true,"href":"https:\/\/puhdasplus.ee\/lt\/wp-json\/wp\/v2\/product_brand?post=33163"},{"taxonomy":"product_cat","embeddable":true,"href":"https:\/\/puhdasplus.ee\/lt\/wp-json\/wp\/v2\/product_cat?post=33163"},{"taxonomy":"product_tag","embeddable":true,"href":"https:\/\/puhdasplus.ee\/lt\/wp-json\/wp\/v2\/product_tag?post=33163"}],"curies":[{"name":"wp","href":"https:\/\/api.w.org\/{rel}","templated":true}]}}