{"id":33128,"date":"2025-01-16T20:07:31","date_gmt":"2025-01-16T18:07:31","guid":{"rendered":"https:\/\/puhdasplus.ee\/tooted\/be-kategorijos\/biciu-nuodu-serumas-30-ml\/"},"modified":"2026-04-07T09:18:20","modified_gmt":"2026-04-07T06:18:20","slug":"biciu-nuodu-serumas-30-ml","status":"publish","type":"product","link":"https:\/\/puhdasplus.ee\/lt\/produktai\/kosmetika-lt\/biciu-nuodu-serumas-30-ml\/","title":{"rendered":"Bi\u010di\u0173 nuod\u0173 serumas 30 ml"},"content":{"rendered":"<p>Bi\u010di\u0173 nuod\u0173 serumas yra intensyviai atjauninantis ir stangrinantis serumas, kuriame yra bi\u010di\u0173 nuod\u0173 \u2013 nat\u016bralaus komponento, kuris stimuliuoja odos atsinaujinim\u0105 ir kolageno gamyb\u0105. Bi\u010di\u0173 nuodai veikia kaip nat\u016bralus &#8222;mikro liftingas&#8221;, pad\u0117dami suma\u017einti smulkias rauk\u0161les ir pagerinti odos elastingum\u0105. Be to, serume yra hialurono r\u016bg\u0161ties ir nat\u016brali\u0173 dr\u0117kinan\u010di\u0173 ekstrakt\u0173, kurie u\u017etikrina gil\u0173 dr\u0117kinim\u0105 ir suteikia odai sveik\u0173 spindes\u012f. Lengva sud\u0117tis greitai \u012fsigeria ir nepalieka odos riebios. Tinka visiems odos tipams, ypa\u010d brand\u017eiai ir pavargusiai odai.<\/p>\n<h2>Naudojimo instrukcija<\/h2>\n<ol>\n<li>Valykite ir i\u0161d\u017eiovinkite od\u0105 prie\u0161 naudodami serum\u0105.<\/li>\n<li>U\u017etepkite 2-3 la\u0161us serumo ant veido ir kaklo bei \u0161velniai \u012fmasa\u017euokite \u012f od\u0105, kol \u012fsigers.<\/li>\n<li>Naudokite ryte ir\/arba vakare prie\u0161 dr\u0117kinam\u0105j\u012f krem\u0105.<\/li>\n<li>Geriausi\u0173 rezultat\u0173 pasieksite naudodami reguliariai.<\/li>\n<\/ol>\n<p><strong>Sud\u0117tis:<\/strong><br \/>\nAqua (vanduo), kaprilil\/kaprin\u0173 trigliceridai, glicerinas, C14-22 alkoholiai, C12-20 alkilgliukozidas, medus, sald\u017ei\u0173j\u0173 migdol\u0173 aliejus (Prunus Amygdalus Dulcis)<em>, er\u0161k\u0117tro\u017e\u0117s s\u0117kl\u0173 aliejus (Rosa Rubiginosa), bi\u010di\u0173 nuodai, propolis (Propolis Cera), silicio dioksidas (silica), hidrolizuota hialurono r\u016bg\u0161tis, kokos\u0173 aliejus (Cocos Nucifera)<\/em>, bi\u010di\u0173 va\u0161kas (Cera Alba)<em>, tokoferolis, argano aliejus (Argania Spinosa Kernel Oil)<\/em>, \u0161i sviestas (Butyrospermum Parkii Butter)*, ksantano derva, natrio benzoatas, kalio sorbatas, kvepalai (parfum), fenoksietanolis, etilheksilglicerinas, pieno r\u016bg\u0161tis. Organic.<\/p>\n<p><strong>\u017di\u016br\u0117kite taip pat:<\/strong> <a href=\"https:\/\/puhdasplus.ee\/toote-kategooria\/looduskosmeetika\/\">Nat\u016brali kosmetika<\/a> | <a href=\"https:\/\/puhdasplus.ee\/toote-kategooria\/nahk-juuksed-kuuned\/\">Oda, plaukai, nagai<\/a><\/p>\n","protected":false},"excerpt":{"rendered":"<p class=\"p1\">Stangrinantis serumas su bi\u010di\u0173 nuodais, kuris palaiko nat\u016bral\u0173 odos atsinaujinim\u0105 ir padeda i\u0161laikyti odos dr\u0117gm\u0117s pusiausvyr\u0105.<\/p>\n","protected":false},"featured_media":33130,"comment_status":"closed","ping_status":"closed","template":"","meta":{"_acf_changed":false,"googlesitekit_rrm_CAow3eq7DA:productID":""},"product_brand":[],"product_cat":[2582],"product_tag":[7869,2886,2936],"class_list":{"0":"post-33128","1":"product","2":"type-product","3":"status-publish","4":"has-post-thumbnail","6":"product_cat-kosmetika-lt","7":"product_tag-naturali-kosmetika","8":"product_tag-odos-prieziura","9":"product_tag-priesuzdegiminis","11":"first","12":"instock","13":"taxable","14":"shipping-taxable","15":"purchasable","16":"product-type-simple"},"acf":[],"yoast_head":"<!-- This site is optimized with the Yoast SEO plugin v27.3 - https:\/\/yoast.com\/product\/yoast-seo-wordpress\/ -->\n<title>Bi\u010di\u0173 nuod\u0173 serumas 30 ml | Puhdas+<\/title>\n<meta name=\"description\" content=\"Bi\u010di\u0173 nuod\u0173 serumas veidui \u2014 stangrinantis ir atjauninantis poveikis. Stimuliuoja odos kolageno gamyb\u0105. Nat\u016brali sud\u0117tis, Suomijos kokyb\u0117. 30 ml.\" \/>\n<meta name=\"robots\" content=\"index, follow, max-snippet:-1, max-image-preview:large, max-video-preview:-1\" \/>\n<link rel=\"canonical\" href=\"https:\/\/puhdasplus.ee\/lt\/produktai\/kosmetika-lt\/biciu-nuodu-serumas-30-ml\/\" \/>\n<meta property=\"og:locale\" content=\"lt_LT\" \/>\n<meta property=\"og:type\" content=\"article\" \/>\n<meta property=\"og:title\" content=\"Bi\u010di\u0173 nuod\u0173 serumas 30 ml | Puhdas+\" \/>\n<meta property=\"og:description\" content=\"Bi\u010di\u0173 nuod\u0173 serumas veidui \u2014 stangrinantis ir atjauninantis poveikis. Stimuliuoja odos kolageno gamyb\u0105. Nat\u016brali sud\u0117tis, Suomijos kokyb\u0117. 30 ml.\" \/>\n<meta property=\"og:url\" content=\"https:\/\/puhdasplus.ee\/lt\/produktai\/kosmetika-lt\/biciu-nuodu-serumas-30-ml\/\" \/>\n<meta property=\"og:site_name\" content=\"Puhdas+\" \/>\n<meta property=\"article:publisher\" content=\"https:\/\/www.facebook.com\/puhdasplus\" \/>\n<meta property=\"article:modified_time\" content=\"2026-04-07T06:18:20+00:00\" \/>\n<meta property=\"og:image\" content=\"https:\/\/puhdasplus.ee\/wp-content\/uploads\/2025\/03\/147.jpg\" \/>\n\t<meta property=\"og:image:width\" content=\"1862\" \/>\n\t<meta property=\"og:image:height\" content=\"2560\" \/>\n\t<meta property=\"og:image:type\" content=\"image\/jpeg\" \/>\n<meta name=\"twitter:card\" content=\"summary_large_image\" \/>\n<meta name=\"twitter:label1\" content=\"Est. reading time\" \/>\n\t<meta name=\"twitter:data1\" content=\"1 minut\u0117\" \/>\n<script type=\"application\/ld+json\" class=\"yoast-schema-graph\">{\"@context\":\"https:\\\/\\\/schema.org\",\"@graph\":[{\"@type\":\"WebPage\",\"@id\":\"https:\\\/\\\/puhdasplus.ee\\\/lt\\\/produktai\\\/kosmetika-lt\\\/biciu-nuodu-serumas-30-ml\\\/\",\"url\":\"https:\\\/\\\/puhdasplus.ee\\\/lt\\\/produktai\\\/kosmetika-lt\\\/biciu-nuodu-serumas-30-ml\\\/\",\"name\":\"Bi\u010di\u0173 nuod\u0173 serumas 30 ml | Puhdas+\",\"isPartOf\":{\"@id\":\"https:\\\/\\\/puhdasplus.ee\\\/lt\\\/#website\"},\"primaryImageOfPage\":{\"@id\":\"https:\\\/\\\/puhdasplus.ee\\\/lt\\\/produktai\\\/kosmetika-lt\\\/biciu-nuodu-serumas-30-ml\\\/#primaryimage\"},\"image\":{\"@id\":\"https:\\\/\\\/puhdasplus.ee\\\/lt\\\/produktai\\\/kosmetika-lt\\\/biciu-nuodu-serumas-30-ml\\\/#primaryimage\"},\"thumbnailUrl\":\"https:\\\/\\\/puhdasplus.ee\\\/wp-content\\\/uploads\\\/2025\\\/03\\\/147.jpg\",\"datePublished\":\"2025-01-16T18:07:31+00:00\",\"dateModified\":\"2026-04-07T06:18:20+00:00\",\"description\":\"Bi\u010di\u0173 nuod\u0173 serumas veidui \u2014 stangrinantis ir atjauninantis poveikis. Stimuliuoja odos kolageno gamyb\u0105. Nat\u016brali sud\u0117tis, Suomijos kokyb\u0117. 30 ml.\",\"breadcrumb\":{\"@id\":\"https:\\\/\\\/puhdasplus.ee\\\/lt\\\/produktai\\\/kosmetika-lt\\\/biciu-nuodu-serumas-30-ml\\\/#breadcrumb\"},\"inLanguage\":\"lt-LT\",\"potentialAction\":[{\"@type\":\"ReadAction\",\"target\":[\"https:\\\/\\\/puhdasplus.ee\\\/lt\\\/produktai\\\/kosmetika-lt\\\/biciu-nuodu-serumas-30-ml\\\/\"]}]},{\"@type\":\"ImageObject\",\"inLanguage\":\"lt-LT\",\"@id\":\"https:\\\/\\\/puhdasplus.ee\\\/lt\\\/produktai\\\/kosmetika-lt\\\/biciu-nuodu-serumas-30-ml\\\/#primaryimage\",\"url\":\"https:\\\/\\\/puhdasplus.ee\\\/wp-content\\\/uploads\\\/2025\\\/03\\\/147.jpg\",\"contentUrl\":\"https:\\\/\\\/puhdasplus.ee\\\/wp-content\\\/uploads\\\/2025\\\/03\\\/147.jpg\",\"width\":1862,\"height\":2560,\"caption\":\"Bi\u010di\u0173 nuod\u0173 serumas\"},{\"@type\":\"BreadcrumbList\",\"@id\":\"https:\\\/\\\/puhdasplus.ee\\\/lt\\\/produktai\\\/kosmetika-lt\\\/biciu-nuodu-serumas-30-ml\\\/#breadcrumb\",\"itemListElement\":[{\"@type\":\"ListItem\",\"position\":1,\"name\":\"Prad\u017eia\",\"item\":\"https:\\\/\\\/puhdasplus.ee\\\/lt\\\/\"},{\"@type\":\"ListItem\",\"position\":2,\"name\":\"Produktai\",\"item\":\"https:\\\/\\\/puhdasplus.ee\\\/lt\\\/parduotuve\\\/\"},{\"@type\":\"ListItem\",\"position\":3,\"name\":\"Bi\u010di\u0173 nuod\u0173 serumas 30 ml\"}]},{\"@type\":\"WebSite\",\"@id\":\"https:\\\/\\\/puhdasplus.ee\\\/lt\\\/#website\",\"url\":\"https:\\\/\\\/puhdasplus.ee\\\/lt\\\/\",\"name\":\"Puhdas+\",\"description\":\"Vitaminai, maisto papildai, nat\u016brali kosmetika, sveikata, sportas\",\"publisher\":{\"@id\":\"https:\\\/\\\/puhdasplus.ee\\\/lt\\\/#organization\"},\"potentialAction\":[{\"@type\":\"SearchAction\",\"target\":{\"@type\":\"EntryPoint\",\"urlTemplate\":\"https:\\\/\\\/puhdasplus.ee\\\/lt\\\/?s={search_term_string}\"},\"query-input\":{\"@type\":\"PropertyValueSpecification\",\"valueRequired\":true,\"valueName\":\"search_term_string\"}}],\"inLanguage\":\"lt-LT\"},{\"@type\":\"Organization\",\"@id\":\"https:\\\/\\\/puhdasplus.ee\\\/lt\\\/#organization\",\"name\":\"Puhdas+\",\"alternateName\":\"Puhdasplus\",\"url\":\"https:\\\/\\\/puhdasplus.ee\\\/lt\\\/\",\"logo\":{\"@type\":\"ImageObject\",\"inLanguage\":\"lt-LT\",\"@id\":\"https:\\\/\\\/puhdasplus.ee\\\/lt\\\/#\\\/schema\\\/logo\\\/image\\\/\",\"url\":\"https:\\\/\\\/puhdasplus.ee\\\/wp-content\\\/uploads\\\/2019\\\/10\\\/puhdas_logo-arvele.png\",\"contentUrl\":\"https:\\\/\\\/puhdasplus.ee\\\/wp-content\\\/uploads\\\/2019\\\/10\\\/puhdas_logo-arvele.png\",\"width\":114,\"height\":94,\"caption\":\"Puhdas+\"},\"image\":{\"@id\":\"https:\\\/\\\/puhdasplus.ee\\\/lt\\\/#\\\/schema\\\/logo\\\/image\\\/\"},\"sameAs\":[\"https:\\\/\\\/www.facebook.com\\\/puhdasplus\",\"https:\\\/\\\/www.instagram.com\\\/puhdasplus_ee\\\/\"]}]}<\/script>\n<!-- \/ Yoast SEO plugin. -->","yoast_head_json":{"title":"Bi\u010di\u0173 nuod\u0173 serumas 30 ml | Puhdas+","description":"Bi\u010di\u0173 nuod\u0173 serumas veidui \u2014 stangrinantis ir atjauninantis poveikis. Stimuliuoja odos kolageno gamyb\u0105. Nat\u016brali sud\u0117tis, Suomijos kokyb\u0117. 30 ml.","robots":{"index":"index","follow":"follow","max-snippet":"max-snippet:-1","max-image-preview":"max-image-preview:large","max-video-preview":"max-video-preview:-1"},"canonical":"https:\/\/puhdasplus.ee\/lt\/produktai\/kosmetika-lt\/biciu-nuodu-serumas-30-ml\/","og_locale":"lt_LT","og_type":"article","og_title":"Bi\u010di\u0173 nuod\u0173 serumas 30 ml | Puhdas+","og_description":"Bi\u010di\u0173 nuod\u0173 serumas veidui \u2014 stangrinantis ir atjauninantis poveikis. Stimuliuoja odos kolageno gamyb\u0105. Nat\u016brali sud\u0117tis, Suomijos kokyb\u0117. 30 ml.","og_url":"https:\/\/puhdasplus.ee\/lt\/produktai\/kosmetika-lt\/biciu-nuodu-serumas-30-ml\/","og_site_name":"Puhdas+","article_publisher":"https:\/\/www.facebook.com\/puhdasplus","article_modified_time":"2026-04-07T06:18:20+00:00","og_image":[{"width":1862,"height":2560,"url":"https:\/\/puhdasplus.ee\/wp-content\/uploads\/2025\/03\/147.jpg","type":"image\/jpeg"}],"twitter_card":"summary_large_image","twitter_misc":{"Est. reading time":"1 minut\u0117"},"schema":{"@context":"https:\/\/schema.org","@graph":[{"@type":"WebPage","@id":"https:\/\/puhdasplus.ee\/lt\/produktai\/kosmetika-lt\/biciu-nuodu-serumas-30-ml\/","url":"https:\/\/puhdasplus.ee\/lt\/produktai\/kosmetika-lt\/biciu-nuodu-serumas-30-ml\/","name":"Bi\u010di\u0173 nuod\u0173 serumas 30 ml | Puhdas+","isPartOf":{"@id":"https:\/\/puhdasplus.ee\/lt\/#website"},"primaryImageOfPage":{"@id":"https:\/\/puhdasplus.ee\/lt\/produktai\/kosmetika-lt\/biciu-nuodu-serumas-30-ml\/#primaryimage"},"image":{"@id":"https:\/\/puhdasplus.ee\/lt\/produktai\/kosmetika-lt\/biciu-nuodu-serumas-30-ml\/#primaryimage"},"thumbnailUrl":"https:\/\/puhdasplus.ee\/wp-content\/uploads\/2025\/03\/147.jpg","datePublished":"2025-01-16T18:07:31+00:00","dateModified":"2026-04-07T06:18:20+00:00","description":"Bi\u010di\u0173 nuod\u0173 serumas veidui \u2014 stangrinantis ir atjauninantis poveikis. Stimuliuoja odos kolageno gamyb\u0105. Nat\u016brali sud\u0117tis, Suomijos kokyb\u0117. 30 ml.","breadcrumb":{"@id":"https:\/\/puhdasplus.ee\/lt\/produktai\/kosmetika-lt\/biciu-nuodu-serumas-30-ml\/#breadcrumb"},"inLanguage":"lt-LT","potentialAction":[{"@type":"ReadAction","target":["https:\/\/puhdasplus.ee\/lt\/produktai\/kosmetika-lt\/biciu-nuodu-serumas-30-ml\/"]}]},{"@type":"ImageObject","inLanguage":"lt-LT","@id":"https:\/\/puhdasplus.ee\/lt\/produktai\/kosmetika-lt\/biciu-nuodu-serumas-30-ml\/#primaryimage","url":"https:\/\/puhdasplus.ee\/wp-content\/uploads\/2025\/03\/147.jpg","contentUrl":"https:\/\/puhdasplus.ee\/wp-content\/uploads\/2025\/03\/147.jpg","width":1862,"height":2560,"caption":"Bi\u010di\u0173 nuod\u0173 serumas"},{"@type":"BreadcrumbList","@id":"https:\/\/puhdasplus.ee\/lt\/produktai\/kosmetika-lt\/biciu-nuodu-serumas-30-ml\/#breadcrumb","itemListElement":[{"@type":"ListItem","position":1,"name":"Prad\u017eia","item":"https:\/\/puhdasplus.ee\/lt\/"},{"@type":"ListItem","position":2,"name":"Produktai","item":"https:\/\/puhdasplus.ee\/lt\/parduotuve\/"},{"@type":"ListItem","position":3,"name":"Bi\u010di\u0173 nuod\u0173 serumas 30 ml"}]},{"@type":"WebSite","@id":"https:\/\/puhdasplus.ee\/lt\/#website","url":"https:\/\/puhdasplus.ee\/lt\/","name":"Puhdas+","description":"Vitaminai, maisto papildai, nat\u016brali kosmetika, sveikata, sportas","publisher":{"@id":"https:\/\/puhdasplus.ee\/lt\/#organization"},"potentialAction":[{"@type":"SearchAction","target":{"@type":"EntryPoint","urlTemplate":"https:\/\/puhdasplus.ee\/lt\/?s={search_term_string}"},"query-input":{"@type":"PropertyValueSpecification","valueRequired":true,"valueName":"search_term_string"}}],"inLanguage":"lt-LT"},{"@type":"Organization","@id":"https:\/\/puhdasplus.ee\/lt\/#organization","name":"Puhdas+","alternateName":"Puhdasplus","url":"https:\/\/puhdasplus.ee\/lt\/","logo":{"@type":"ImageObject","inLanguage":"lt-LT","@id":"https:\/\/puhdasplus.ee\/lt\/#\/schema\/logo\/image\/","url":"https:\/\/puhdasplus.ee\/wp-content\/uploads\/2019\/10\/puhdas_logo-arvele.png","contentUrl":"https:\/\/puhdasplus.ee\/wp-content\/uploads\/2019\/10\/puhdas_logo-arvele.png","width":114,"height":94,"caption":"Puhdas+"},"image":{"@id":"https:\/\/puhdasplus.ee\/lt\/#\/schema\/logo\/image\/"},"sameAs":["https:\/\/www.facebook.com\/puhdasplus","https:\/\/www.instagram.com\/puhdasplus_ee\/"]}]}},"_yoast_wpseo_title":"Bi\u010di\u0173 nuod\u0173 serumas 30 ml | Puhdas+","_yoast_wpseo_metadesc":"Bi\u010di\u0173 nuod\u0173 serumas veidui \u2014 stangrinantis ir atjauninantis poveikis. Stimuliuoja odos kolageno gamyb\u0105. Nat\u016brali sud\u0117tis, Suomijos kokyb\u0117. 30 ml.","_yoast_wpseo_focuskw":"bi\u010di\u0173 nuod\u0173 serumas","_links":{"self":[{"href":"https:\/\/puhdasplus.ee\/lt\/wp-json\/wp\/v2\/product\/33128","targetHints":{"allow":["GET"]}}],"collection":[{"href":"https:\/\/puhdasplus.ee\/lt\/wp-json\/wp\/v2\/product"}],"about":[{"href":"https:\/\/puhdasplus.ee\/lt\/wp-json\/wp\/v2\/types\/product"}],"replies":[{"embeddable":true,"href":"https:\/\/puhdasplus.ee\/lt\/wp-json\/wp\/v2\/comments?post=33128"}],"wp:featuredmedia":[{"embeddable":true,"href":"https:\/\/puhdasplus.ee\/lt\/wp-json\/wp\/v2\/media\/33130"}],"wp:attachment":[{"href":"https:\/\/puhdasplus.ee\/lt\/wp-json\/wp\/v2\/media?parent=33128"}],"wp:term":[{"taxonomy":"product_brand","embeddable":true,"href":"https:\/\/puhdasplus.ee\/lt\/wp-json\/wp\/v2\/product_brand?post=33128"},{"taxonomy":"product_cat","embeddable":true,"href":"https:\/\/puhdasplus.ee\/lt\/wp-json\/wp\/v2\/product_cat?post=33128"},{"taxonomy":"product_tag","embeddable":true,"href":"https:\/\/puhdasplus.ee\/lt\/wp-json\/wp\/v2\/product_tag?post=33128"}],"curies":[{"name":"wp","href":"https:\/\/api.w.org\/{rel}","templated":true}]}}