{"id":33113,"date":"2025-01-16T20:04:33","date_gmt":"2025-01-16T18:04:33","guid":{"rendered":"https:\/\/puhdasplus.ee\/tooted\/be-kategorijos\/biciu-nuodu-kremas-50-ml\/"},"modified":"2026-04-07T20:10:32","modified_gmt":"2026-04-07T17:10:32","slug":"biciu-nuodu-kremas-50-ml","status":"publish","type":"product","link":"https:\/\/puhdasplus.ee\/lt\/produktai\/kosmetika-lt\/biciu-nuodu-kremas-50-ml\/","title":{"rendered":"Bi\u010di\u0173 nuod\u0173 kremas 50 ml"},"content":{"rendered":"<p>\u201eBi\u010di\u0173 nuod\u0173 kremas\u201c \u2013 tai prabangus ir veiksmingas odos prie\u017ei\u016bros kremas, kurio sud\u0117tyje yra bi\u010di\u0173 nuod\u0173 \u2013 nat\u016bralaus ingrediento, skatinan\u010dio odos atsinaujinim\u0105 ir padedan\u010dio pagerinti jos elastingum\u0105. Bi\u010di\u0173 nuodai veikia kaip nat\u016bralus \u201emikroliftingas\u201c, padedantis suma\u017einti smulkias rauk\u0161leles ir rauk\u0161les, oda tampa lygesn\u0117 ir jaunatvi\u0161kesn\u0117. Kreme taip pat yra dr\u0117kinam\u0173j\u0173 ir maitinam\u0173j\u0173 ingredient\u0173, kurie giliai dr\u0117kina od\u0105 ir apsaugo j\u0105 nuo i\u0161saus\u0117jimo. Tinka kasdieniam naudojimui visiems odos tipams, ypa\u010d odai su sen\u0117jimo po\u017eymiais.   <\/p>\n<h2>Naudojimo instrukcijos<\/h2>\n<ol>\n<li>Prie\u0161 tepdami krem\u0105, nuvalykite ir nusausinkite od\u0105.<\/li>\n<li>Nedidel\u012f kiek\u012f kremo u\u017etepkite ant veido ir kaklo odos ir \u0161velniai masa\u017euokite, kol \u012fsigers.<\/li>\n<li>Tinka naudoti tiek ryte, tiek vakare.<\/li>\n<li>Geriausiems rezultatams pasiekti naudokite reguliariai.<\/li>\n<\/ol>\n<p><strong>Sudedamosios dalys:<\/strong><br \/> Vanduo (Aqua), kaprilo\/kaprio trigliceridas, glicerinas, C14-22 alkoholiai, C12-20 alkilgliukozidas, medus (Mel), sald\u017ei\u0173j\u0173 migdol\u0173 aliejus (Prunus Amygdalus Dulcis) <em>, er\u0161k\u0117tuogi\u0173 s\u0117kl\u0173 aliejus (Rosa Rubiginosa), bi\u010di\u0173 nuodai (Bee Venom), propolis Cera (Propolis), silicio dioksidas (Silica), hidrolizuota hialurono r\u016bg\u0161tis, kokos\u0173 aliejus (Cocos Nucifera)<\/em> , bi\u010di\u0173 va\u0161kas (Cera Alba) <em>, tokoferolis, Argania Spinosa branduoli\u0173 aliejus (Argania Spinosa Kernel Oil)<\/em> , taukmed\u017eio sviestas (Butyrospermum Parkii Butter)*, ksantano derva, natrio benzoatas, kalio sorbatas, kvapiosios med\u017eiagos (Parfum), fenoksietanolis, etilheksilglicerinas, pieno r\u016bg\u0161tis (Lactic Acid). Organin\u0117 sud\u0117tis. <\/p>\n<p><strong>\u017di\u016br\u0117ti taip pat:<\/strong> <a href=\"https:\/\/puhdasplus.ee\/toote-kategooria\/looduskosmeetika\/\">Looduskosmeetika<\/a> | <a href=\"https:\/\/puhdasplus.ee\/toote-kategooria\/nahk-juuksed-kuuned\/\">Oda, plaukai, nagai<\/a><\/p>\n","protected":false},"excerpt":{"rendered":"<p>Nat\u016braliai atjauninantis veido kremas su bi\u010di\u0173 nuodais, kuris stimuliuoja kolageno gamyb\u0105, lygina od\u0105 ir ma\u017eina rauk\u0161les.<\/p>\n","protected":false},"featured_media":33115,"comment_status":"closed","ping_status":"closed","template":"","meta":{"_acf_changed":false,"googlesitekit_rrm_CAow3eq7DA:productID":""},"product_brand":[],"product_cat":[2582],"product_tag":[3563,7869,8378,2886],"class_list":{"0":"post-33113","1":"product","2":"type-product","3":"status-publish","4":"has-post-thumbnail","6":"product_cat-kosmetika-lt","7":"product_tag-ekologiskas-lt","8":"product_tag-naturali-kosmetika","9":"product_tag-natralus-lt","10":"product_tag-odos-prieziura","12":"first","13":"outofstock","14":"taxable","15":"shipping-taxable","16":"purchasable","17":"product-type-simple"},"acf":[],"yoast_head":"<!-- This site is optimized with the Yoast SEO plugin v27.3 - https:\/\/yoast.com\/product\/yoast-seo-wordpress\/ -->\n<title>Bi\u010di\u0173 nuod\u0173 kremas 50 ml | Puhdas+<\/title>\n<meta name=\"description\" content=\"Kremas \u201eBi\u010di\u0173 nuodai\u201c su bi\u010di\u0173 nuodais skatina odos atsinaujinim\u0105, ma\u017eina rauk\u0161les ir stangrina od\u0105. Giliai dr\u0117kinantis ir nat\u016braliai atjauninantis kremas!\" \/>\n<meta name=\"robots\" content=\"index, follow, max-snippet:-1, max-image-preview:large, max-video-preview:-1\" \/>\n<link rel=\"canonical\" href=\"https:\/\/puhdasplus.ee\/lt\/produktai\/kosmetika-lt\/biciu-nuodu-kremas-50-ml\/\" \/>\n<meta property=\"og:locale\" content=\"lt_LT\" \/>\n<meta property=\"og:type\" content=\"article\" \/>\n<meta property=\"og:title\" content=\"Bi\u010di\u0173 nuod\u0173 kremas 50 ml | Puhdas+\" \/>\n<meta property=\"og:description\" content=\"Kremas \u201eBi\u010di\u0173 nuodai\u201c su bi\u010di\u0173 nuodais skatina odos atsinaujinim\u0105, ma\u017eina rauk\u0161les ir stangrina od\u0105. Giliai dr\u0117kinantis ir nat\u016braliai atjauninantis kremas!\" \/>\n<meta property=\"og:url\" content=\"https:\/\/puhdasplus.ee\/lt\/produktai\/kosmetika-lt\/biciu-nuodu-kremas-50-ml\/\" \/>\n<meta property=\"og:site_name\" content=\"Puhdas+\" \/>\n<meta property=\"article:publisher\" content=\"https:\/\/www.facebook.com\/puhdasplus\" \/>\n<meta property=\"article:modified_time\" content=\"2026-04-07T17:10:32+00:00\" \/>\n<meta property=\"og:image\" content=\"https:\/\/puhdasplus.ee\/wp-content\/uploads\/2025\/03\/149.jpg\" \/>\n\t<meta property=\"og:image:width\" content=\"1862\" \/>\n\t<meta property=\"og:image:height\" content=\"2560\" \/>\n\t<meta property=\"og:image:type\" content=\"image\/jpeg\" \/>\n<meta name=\"twitter:card\" content=\"summary_large_image\" \/>\n<meta name=\"twitter:label1\" content=\"Est. reading time\" \/>\n\t<meta name=\"twitter:data1\" content=\"1 minut\u0117\" \/>\n<script type=\"application\/ld+json\" class=\"yoast-schema-graph\">{\"@context\":\"https:\\\/\\\/schema.org\",\"@graph\":[{\"@type\":\"WebPage\",\"@id\":\"https:\\\/\\\/puhdasplus.ee\\\/lt\\\/produktai\\\/kosmetika-lt\\\/biciu-nuodu-kremas-50-ml\\\/\",\"url\":\"https:\\\/\\\/puhdasplus.ee\\\/lt\\\/produktai\\\/kosmetika-lt\\\/biciu-nuodu-kremas-50-ml\\\/\",\"name\":\"Bi\u010di\u0173 nuod\u0173 kremas 50 ml | Puhdas+\",\"isPartOf\":{\"@id\":\"https:\\\/\\\/puhdasplus.ee\\\/lt\\\/#website\"},\"primaryImageOfPage\":{\"@id\":\"https:\\\/\\\/puhdasplus.ee\\\/lt\\\/produktai\\\/kosmetika-lt\\\/biciu-nuodu-kremas-50-ml\\\/#primaryimage\"},\"image\":{\"@id\":\"https:\\\/\\\/puhdasplus.ee\\\/lt\\\/produktai\\\/kosmetika-lt\\\/biciu-nuodu-kremas-50-ml\\\/#primaryimage\"},\"thumbnailUrl\":\"https:\\\/\\\/puhdasplus.ee\\\/wp-content\\\/uploads\\\/2025\\\/03\\\/149.jpg\",\"datePublished\":\"2025-01-16T18:04:33+00:00\",\"dateModified\":\"2026-04-07T17:10:32+00:00\",\"description\":\"Kremas \u201eBi\u010di\u0173 nuodai\u201c su bi\u010di\u0173 nuodais skatina odos atsinaujinim\u0105, ma\u017eina rauk\u0161les ir stangrina od\u0105. Giliai dr\u0117kinantis ir nat\u016braliai atjauninantis kremas!\",\"breadcrumb\":{\"@id\":\"https:\\\/\\\/puhdasplus.ee\\\/lt\\\/produktai\\\/kosmetika-lt\\\/biciu-nuodu-kremas-50-ml\\\/#breadcrumb\"},\"inLanguage\":\"lt-LT\",\"potentialAction\":[{\"@type\":\"ReadAction\",\"target\":[\"https:\\\/\\\/puhdasplus.ee\\\/lt\\\/produktai\\\/kosmetika-lt\\\/biciu-nuodu-kremas-50-ml\\\/\"]}]},{\"@type\":\"ImageObject\",\"inLanguage\":\"lt-LT\",\"@id\":\"https:\\\/\\\/puhdasplus.ee\\\/lt\\\/produktai\\\/kosmetika-lt\\\/biciu-nuodu-kremas-50-ml\\\/#primaryimage\",\"url\":\"https:\\\/\\\/puhdasplus.ee\\\/wp-content\\\/uploads\\\/2025\\\/03\\\/149.jpg\",\"contentUrl\":\"https:\\\/\\\/puhdasplus.ee\\\/wp-content\\\/uploads\\\/2025\\\/03\\\/149.jpg\",\"width\":1862,\"height\":2560,\"caption\":\"Bi\u010di\u0173 nuod\u0173 kremas\"},{\"@type\":\"BreadcrumbList\",\"@id\":\"https:\\\/\\\/puhdasplus.ee\\\/lt\\\/produktai\\\/kosmetika-lt\\\/biciu-nuodu-kremas-50-ml\\\/#breadcrumb\",\"itemListElement\":[{\"@type\":\"ListItem\",\"position\":1,\"name\":\"Prad\u017eia\",\"item\":\"https:\\\/\\\/puhdasplus.ee\\\/lt\\\/\"},{\"@type\":\"ListItem\",\"position\":2,\"name\":\"Produktai\",\"item\":\"https:\\\/\\\/puhdasplus.ee\\\/lt\\\/parduotuve\\\/\"},{\"@type\":\"ListItem\",\"position\":3,\"name\":\"Bi\u010di\u0173 nuod\u0173 kremas 50 ml\"}]},{\"@type\":\"WebSite\",\"@id\":\"https:\\\/\\\/puhdasplus.ee\\\/lt\\\/#website\",\"url\":\"https:\\\/\\\/puhdasplus.ee\\\/lt\\\/\",\"name\":\"Puhdas+\",\"description\":\"Vitaminai, maisto papildai, nat\u016brali kosmetika, sveikata, sportas\",\"publisher\":{\"@id\":\"https:\\\/\\\/puhdasplus.ee\\\/lt\\\/#organization\"},\"potentialAction\":[{\"@type\":\"SearchAction\",\"target\":{\"@type\":\"EntryPoint\",\"urlTemplate\":\"https:\\\/\\\/puhdasplus.ee\\\/lt\\\/?s={search_term_string}\"},\"query-input\":{\"@type\":\"PropertyValueSpecification\",\"valueRequired\":true,\"valueName\":\"search_term_string\"}}],\"inLanguage\":\"lt-LT\"},{\"@type\":\"Organization\",\"@id\":\"https:\\\/\\\/puhdasplus.ee\\\/lt\\\/#organization\",\"name\":\"Puhdas+\",\"alternateName\":\"Puhdasplus\",\"url\":\"https:\\\/\\\/puhdasplus.ee\\\/lt\\\/\",\"logo\":{\"@type\":\"ImageObject\",\"inLanguage\":\"lt-LT\",\"@id\":\"https:\\\/\\\/puhdasplus.ee\\\/lt\\\/#\\\/schema\\\/logo\\\/image\\\/\",\"url\":\"https:\\\/\\\/puhdasplus.ee\\\/wp-content\\\/uploads\\\/2019\\\/10\\\/puhdas_logo-arvele.png\",\"contentUrl\":\"https:\\\/\\\/puhdasplus.ee\\\/wp-content\\\/uploads\\\/2019\\\/10\\\/puhdas_logo-arvele.png\",\"width\":114,\"height\":94,\"caption\":\"Puhdas+\"},\"image\":{\"@id\":\"https:\\\/\\\/puhdasplus.ee\\\/lt\\\/#\\\/schema\\\/logo\\\/image\\\/\"},\"sameAs\":[\"https:\\\/\\\/www.facebook.com\\\/puhdasplus\",\"https:\\\/\\\/www.instagram.com\\\/puhdasplus_ee\\\/\"]}]}<\/script>\n<!-- \/ Yoast SEO plugin. -->","yoast_head_json":{"title":"Bi\u010di\u0173 nuod\u0173 kremas 50 ml | Puhdas+","description":"Kremas \u201eBi\u010di\u0173 nuodai\u201c su bi\u010di\u0173 nuodais skatina odos atsinaujinim\u0105, ma\u017eina rauk\u0161les ir stangrina od\u0105. Giliai dr\u0117kinantis ir nat\u016braliai atjauninantis kremas!","robots":{"index":"index","follow":"follow","max-snippet":"max-snippet:-1","max-image-preview":"max-image-preview:large","max-video-preview":"max-video-preview:-1"},"canonical":"https:\/\/puhdasplus.ee\/lt\/produktai\/kosmetika-lt\/biciu-nuodu-kremas-50-ml\/","og_locale":"lt_LT","og_type":"article","og_title":"Bi\u010di\u0173 nuod\u0173 kremas 50 ml | Puhdas+","og_description":"Kremas \u201eBi\u010di\u0173 nuodai\u201c su bi\u010di\u0173 nuodais skatina odos atsinaujinim\u0105, ma\u017eina rauk\u0161les ir stangrina od\u0105. Giliai dr\u0117kinantis ir nat\u016braliai atjauninantis kremas!","og_url":"https:\/\/puhdasplus.ee\/lt\/produktai\/kosmetika-lt\/biciu-nuodu-kremas-50-ml\/","og_site_name":"Puhdas+","article_publisher":"https:\/\/www.facebook.com\/puhdasplus","article_modified_time":"2026-04-07T17:10:32+00:00","og_image":[{"width":1862,"height":2560,"url":"https:\/\/puhdasplus.ee\/wp-content\/uploads\/2025\/03\/149.jpg","type":"image\/jpeg"}],"twitter_card":"summary_large_image","twitter_misc":{"Est. reading time":"1 minut\u0117"},"schema":{"@context":"https:\/\/schema.org","@graph":[{"@type":"WebPage","@id":"https:\/\/puhdasplus.ee\/lt\/produktai\/kosmetika-lt\/biciu-nuodu-kremas-50-ml\/","url":"https:\/\/puhdasplus.ee\/lt\/produktai\/kosmetika-lt\/biciu-nuodu-kremas-50-ml\/","name":"Bi\u010di\u0173 nuod\u0173 kremas 50 ml | Puhdas+","isPartOf":{"@id":"https:\/\/puhdasplus.ee\/lt\/#website"},"primaryImageOfPage":{"@id":"https:\/\/puhdasplus.ee\/lt\/produktai\/kosmetika-lt\/biciu-nuodu-kremas-50-ml\/#primaryimage"},"image":{"@id":"https:\/\/puhdasplus.ee\/lt\/produktai\/kosmetika-lt\/biciu-nuodu-kremas-50-ml\/#primaryimage"},"thumbnailUrl":"https:\/\/puhdasplus.ee\/wp-content\/uploads\/2025\/03\/149.jpg","datePublished":"2025-01-16T18:04:33+00:00","dateModified":"2026-04-07T17:10:32+00:00","description":"Kremas \u201eBi\u010di\u0173 nuodai\u201c su bi\u010di\u0173 nuodais skatina odos atsinaujinim\u0105, ma\u017eina rauk\u0161les ir stangrina od\u0105. Giliai dr\u0117kinantis ir nat\u016braliai atjauninantis kremas!","breadcrumb":{"@id":"https:\/\/puhdasplus.ee\/lt\/produktai\/kosmetika-lt\/biciu-nuodu-kremas-50-ml\/#breadcrumb"},"inLanguage":"lt-LT","potentialAction":[{"@type":"ReadAction","target":["https:\/\/puhdasplus.ee\/lt\/produktai\/kosmetika-lt\/biciu-nuodu-kremas-50-ml\/"]}]},{"@type":"ImageObject","inLanguage":"lt-LT","@id":"https:\/\/puhdasplus.ee\/lt\/produktai\/kosmetika-lt\/biciu-nuodu-kremas-50-ml\/#primaryimage","url":"https:\/\/puhdasplus.ee\/wp-content\/uploads\/2025\/03\/149.jpg","contentUrl":"https:\/\/puhdasplus.ee\/wp-content\/uploads\/2025\/03\/149.jpg","width":1862,"height":2560,"caption":"Bi\u010di\u0173 nuod\u0173 kremas"},{"@type":"BreadcrumbList","@id":"https:\/\/puhdasplus.ee\/lt\/produktai\/kosmetika-lt\/biciu-nuodu-kremas-50-ml\/#breadcrumb","itemListElement":[{"@type":"ListItem","position":1,"name":"Prad\u017eia","item":"https:\/\/puhdasplus.ee\/lt\/"},{"@type":"ListItem","position":2,"name":"Produktai","item":"https:\/\/puhdasplus.ee\/lt\/parduotuve\/"},{"@type":"ListItem","position":3,"name":"Bi\u010di\u0173 nuod\u0173 kremas 50 ml"}]},{"@type":"WebSite","@id":"https:\/\/puhdasplus.ee\/lt\/#website","url":"https:\/\/puhdasplus.ee\/lt\/","name":"Puhdas+","description":"Vitaminai, maisto papildai, nat\u016brali kosmetika, sveikata, sportas","publisher":{"@id":"https:\/\/puhdasplus.ee\/lt\/#organization"},"potentialAction":[{"@type":"SearchAction","target":{"@type":"EntryPoint","urlTemplate":"https:\/\/puhdasplus.ee\/lt\/?s={search_term_string}"},"query-input":{"@type":"PropertyValueSpecification","valueRequired":true,"valueName":"search_term_string"}}],"inLanguage":"lt-LT"},{"@type":"Organization","@id":"https:\/\/puhdasplus.ee\/lt\/#organization","name":"Puhdas+","alternateName":"Puhdasplus","url":"https:\/\/puhdasplus.ee\/lt\/","logo":{"@type":"ImageObject","inLanguage":"lt-LT","@id":"https:\/\/puhdasplus.ee\/lt\/#\/schema\/logo\/image\/","url":"https:\/\/puhdasplus.ee\/wp-content\/uploads\/2019\/10\/puhdas_logo-arvele.png","contentUrl":"https:\/\/puhdasplus.ee\/wp-content\/uploads\/2019\/10\/puhdas_logo-arvele.png","width":114,"height":94,"caption":"Puhdas+"},"image":{"@id":"https:\/\/puhdasplus.ee\/lt\/#\/schema\/logo\/image\/"},"sameAs":["https:\/\/www.facebook.com\/puhdasplus","https:\/\/www.instagram.com\/puhdasplus_ee\/"]}]}},"_yoast_wpseo_title":"Bi\u010di\u0173 nuod\u0173 kremas 50 ml | Puhdas+","_yoast_wpseo_metadesc":"Kremas \u201eBi\u010di\u0173 nuodai\u201c su bi\u010di\u0173 nuodais skatina odos atsinaujinim\u0105, ma\u017eina rauk\u0161les ir stangrina od\u0105. Giliai dr\u0117kinantis ir nat\u016braliai atjauninantis kremas!","_yoast_wpseo_focuskw":"","_links":{"self":[{"href":"https:\/\/puhdasplus.ee\/lt\/wp-json\/wp\/v2\/product\/33113","targetHints":{"allow":["GET"]}}],"collection":[{"href":"https:\/\/puhdasplus.ee\/lt\/wp-json\/wp\/v2\/product"}],"about":[{"href":"https:\/\/puhdasplus.ee\/lt\/wp-json\/wp\/v2\/types\/product"}],"replies":[{"embeddable":true,"href":"https:\/\/puhdasplus.ee\/lt\/wp-json\/wp\/v2\/comments?post=33113"}],"wp:featuredmedia":[{"embeddable":true,"href":"https:\/\/puhdasplus.ee\/lt\/wp-json\/wp\/v2\/media\/33115"}],"wp:attachment":[{"href":"https:\/\/puhdasplus.ee\/lt\/wp-json\/wp\/v2\/media?parent=33113"}],"wp:term":[{"taxonomy":"product_brand","embeddable":true,"href":"https:\/\/puhdasplus.ee\/lt\/wp-json\/wp\/v2\/product_brand?post=33113"},{"taxonomy":"product_cat","embeddable":true,"href":"https:\/\/puhdasplus.ee\/lt\/wp-json\/wp\/v2\/product_cat?post=33113"},{"taxonomy":"product_tag","embeddable":true,"href":"https:\/\/puhdasplus.ee\/lt\/wp-json\/wp\/v2\/product_tag?post=33113"}],"curies":[{"name":"wp","href":"https:\/\/api.w.org\/{rel}","templated":true}]}}