{"id":33095,"date":"2025-01-16T19:51:35","date_gmt":"2025-01-16T17:51:35","guid":{"rendered":"https:\/\/puhdasplus.ee\/tooted\/be-kategorijos\/mineralinio-akmens-dezodorantas-be-aliuminio-120-g\/"},"modified":"2026-04-07T20:10:27","modified_gmt":"2026-04-07T17:10:27","slug":"mineralinio-akmens-dezodorantas-be-aliuminio-120-g","status":"publish","type":"product","link":"https:\/\/puhdasplus.ee\/lt\/produktai\/kosmetika-lt\/mineralinio-akmens-dezodorantas-be-aliuminio-120-g\/","title":{"rendered":"Mineralinio akmens dezodorantas be aliuminio 120 g"},"content":{"rendered":"<h2>Mineralinio akmens dezodorantas yra nat\u016bralus ir be aliuminio dezodorantas, u\u017etikrinantis ilgalaik\u0119 apsaug\u0105 nuo nemalonaus kvapo.<\/h2>\n<p>100 % nat\u016brali mineralin\u0117 druska (kalio al\u016bnas) palieka ant odos \u0161veln\u0173 apsaugin\u012f sluoksn\u012f, kuris padeda i\u0161laikyti gaivum\u0105. Dezodorantas yra bekvapis ir tinka jautriai odai. Jame n\u0117ra alkoholio, paraben\u0173 ar sintetini\u0173 pried\u0173. Dezodorantas yra ilgai i\u0161liekantis ir yra ekologi\u0161ka alternatyva \u012fprastiems dezodorantams.   <\/p>\n<h4><strong>Sud\u0117tis:<\/strong> kalio al\u016bnas (100 % nat\u016brali mineralin\u0117 druska).<\/h4>\n<h2>Naudojimas<\/h2>\n<ol>\n<li>Lengvai sudr\u0117kinkite dezodoruojant\u012f akmen\u012f vandeniu.<\/li>\n<li>Tepkite ant \u0161varios, sausos odos, \u0161velniai \u012fmasa\u017euokite.<\/li>\n<li>Prie\u0161 rengdamiesi leiskite odai i\u0161d\u017ei\u016bti.<\/li>\n<li>Po naudojimo dezodorant\u0105 i\u0161d\u017eiovinkite ir laikykite sausoje vietoje.<\/li>\n<li>Tinka naudoti tiek pa\u017eastims, tiek p\u0117doms, siekiant suma\u017einti nemalon\u0173 kvap\u0105.<\/li>\n<\/ol>\n<p><strong>\u017di\u016br\u0117ti taip pat:<\/strong> <a href=\"https:\/\/puhdasplus.ee\/toote-kategooria\/looduskosmeetika\/\">Looduskosmeetika<\/a> | <a href=\"https:\/\/puhdasplus.ee\/toote-kategooria\/nahk-juuksed-kuuned\/\">Oda, plaukai, nagai<\/a><\/p>\n","protected":false},"excerpt":{"rendered":"<p>Nat\u016bralus ir be aliuminio mineralin\u0117s druskos dezodorantas, padedantis neutralizuoti nemalon\u0173 kvap\u0105 ir i\u0161laikyti od\u0105 gaivi\u0105 vis\u0105 dien\u0105. Taip pat tinka jautriai odai. <\/p>\n","protected":false},"featured_media":33098,"comment_status":"closed","ping_status":"closed","template":"","meta":{"_acf_changed":false,"googlesitekit_rrm_CAow3eq7DA:productID":""},"product_brand":[],"product_cat":[2582],"product_tag":[7869,8378,2886,2967],"class_list":{"0":"post-33095","1":"product","2":"type-product","3":"status-publish","4":"has-post-thumbnail","6":"product_cat-kosmetika-lt","7":"product_tag-naturali-kosmetika","8":"product_tag-natralus-lt","9":"product_tag-odos-prieziura","10":"product_tag-veganas","12":"first","13":"instock","14":"featured","15":"taxable","16":"shipping-taxable","17":"purchasable","18":"product-type-simple"},"acf":[],"yoast_head":"<!-- This site is optimized with the Yoast SEO plugin v27.3 - https:\/\/yoast.com\/product\/yoast-seo-wordpress\/ -->\n<title>Mineralinio akmens dezodorantas be aliuminio 120 g | Puhdas+<\/title>\n<meta name=\"description\" content=\"\u201eMineral Stone\u201c dezodorantas yra 100 % nat\u016bralus mineralin\u0117s druskos dezodorantas, neutralizuojantis kvap\u0105 ir neu\u017ekem\u0161antis por\u0173. Jame n\u0117ra aliuminio ir jis tinka jautriai odai.\" \/>\n<meta name=\"robots\" content=\"index, follow, max-snippet:-1, max-image-preview:large, max-video-preview:-1\" \/>\n<link rel=\"canonical\" href=\"https:\/\/puhdasplus.ee\/lt\/produktai\/kosmetika-lt\/mineralinio-akmens-dezodorantas-be-aliuminio-120-g\/\" \/>\n<meta property=\"og:locale\" content=\"lt_LT\" \/>\n<meta property=\"og:type\" content=\"article\" \/>\n<meta property=\"og:title\" content=\"Mineralinio akmens dezodorantas be aliuminio 120 g | Puhdas+\" \/>\n<meta property=\"og:description\" content=\"\u201eMineral Stone\u201c dezodorantas yra 100 % nat\u016bralus mineralin\u0117s druskos dezodorantas, neutralizuojantis kvap\u0105 ir neu\u017ekem\u0161antis por\u0173. Jame n\u0117ra aliuminio ir jis tinka jautriai odai.\" \/>\n<meta property=\"og:url\" content=\"https:\/\/puhdasplus.ee\/lt\/produktai\/kosmetika-lt\/mineralinio-akmens-dezodorantas-be-aliuminio-120-g\/\" \/>\n<meta property=\"og:site_name\" content=\"Puhdas+\" \/>\n<meta property=\"article:publisher\" content=\"https:\/\/www.facebook.com\/puhdasplus\" \/>\n<meta property=\"article:modified_time\" content=\"2026-04-07T17:10:27+00:00\" \/>\n<meta property=\"og:image\" content=\"https:\/\/puhdasplus.ee\/wp-content\/uploads\/2025\/03\/151.jpg\" \/>\n\t<meta property=\"og:image:width\" content=\"1862\" \/>\n\t<meta property=\"og:image:height\" content=\"2560\" \/>\n\t<meta property=\"og:image:type\" content=\"image\/jpeg\" \/>\n<meta name=\"twitter:card\" content=\"summary_large_image\" \/>\n<meta name=\"twitter:label1\" content=\"Est. reading time\" \/>\n\t<meta name=\"twitter:data1\" content=\"1 minut\u0117\" \/>\n<script type=\"application\/ld+json\" class=\"yoast-schema-graph\">{\"@context\":\"https:\\\/\\\/schema.org\",\"@graph\":[{\"@type\":\"WebPage\",\"@id\":\"https:\\\/\\\/puhdasplus.ee\\\/lt\\\/produktai\\\/kosmetika-lt\\\/mineralinio-akmens-dezodorantas-be-aliuminio-120-g\\\/\",\"url\":\"https:\\\/\\\/puhdasplus.ee\\\/lt\\\/produktai\\\/kosmetika-lt\\\/mineralinio-akmens-dezodorantas-be-aliuminio-120-g\\\/\",\"name\":\"Mineralinio akmens dezodorantas be aliuminio 120 g | Puhdas+\",\"isPartOf\":{\"@id\":\"https:\\\/\\\/puhdasplus.ee\\\/lt\\\/#website\"},\"primaryImageOfPage\":{\"@id\":\"https:\\\/\\\/puhdasplus.ee\\\/lt\\\/produktai\\\/kosmetika-lt\\\/mineralinio-akmens-dezodorantas-be-aliuminio-120-g\\\/#primaryimage\"},\"image\":{\"@id\":\"https:\\\/\\\/puhdasplus.ee\\\/lt\\\/produktai\\\/kosmetika-lt\\\/mineralinio-akmens-dezodorantas-be-aliuminio-120-g\\\/#primaryimage\"},\"thumbnailUrl\":\"https:\\\/\\\/puhdasplus.ee\\\/wp-content\\\/uploads\\\/2025\\\/03\\\/151.jpg\",\"datePublished\":\"2025-01-16T17:51:35+00:00\",\"dateModified\":\"2026-04-07T17:10:27+00:00\",\"description\":\"\u201eMineral Stone\u201c dezodorantas yra 100 % nat\u016bralus mineralin\u0117s druskos dezodorantas, neutralizuojantis kvap\u0105 ir neu\u017ekem\u0161antis por\u0173. Jame n\u0117ra aliuminio ir jis tinka jautriai odai.\",\"breadcrumb\":{\"@id\":\"https:\\\/\\\/puhdasplus.ee\\\/lt\\\/produktai\\\/kosmetika-lt\\\/mineralinio-akmens-dezodorantas-be-aliuminio-120-g\\\/#breadcrumb\"},\"inLanguage\":\"lt-LT\",\"potentialAction\":[{\"@type\":\"ReadAction\",\"target\":[\"https:\\\/\\\/puhdasplus.ee\\\/lt\\\/produktai\\\/kosmetika-lt\\\/mineralinio-akmens-dezodorantas-be-aliuminio-120-g\\\/\"]}]},{\"@type\":\"ImageObject\",\"inLanguage\":\"lt-LT\",\"@id\":\"https:\\\/\\\/puhdasplus.ee\\\/lt\\\/produktai\\\/kosmetika-lt\\\/mineralinio-akmens-dezodorantas-be-aliuminio-120-g\\\/#primaryimage\",\"url\":\"https:\\\/\\\/puhdasplus.ee\\\/wp-content\\\/uploads\\\/2025\\\/03\\\/151.jpg\",\"contentUrl\":\"https:\\\/\\\/puhdasplus.ee\\\/wp-content\\\/uploads\\\/2025\\\/03\\\/151.jpg\",\"width\":1862,\"height\":2560,\"caption\":\"Mineralinio akmens dezodorantas be aliuminio\"},{\"@type\":\"BreadcrumbList\",\"@id\":\"https:\\\/\\\/puhdasplus.ee\\\/lt\\\/produktai\\\/kosmetika-lt\\\/mineralinio-akmens-dezodorantas-be-aliuminio-120-g\\\/#breadcrumb\",\"itemListElement\":[{\"@type\":\"ListItem\",\"position\":1,\"name\":\"Prad\u017eia\",\"item\":\"https:\\\/\\\/puhdasplus.ee\\\/lt\\\/\"},{\"@type\":\"ListItem\",\"position\":2,\"name\":\"Produktai\",\"item\":\"https:\\\/\\\/puhdasplus.ee\\\/lt\\\/parduotuve\\\/\"},{\"@type\":\"ListItem\",\"position\":3,\"name\":\"Mineralinio akmens dezodorantas be aliuminio 120 g\"}]},{\"@type\":\"WebSite\",\"@id\":\"https:\\\/\\\/puhdasplus.ee\\\/lt\\\/#website\",\"url\":\"https:\\\/\\\/puhdasplus.ee\\\/lt\\\/\",\"name\":\"Puhdas+\",\"description\":\"Vitaminai, maisto papildai, nat\u016brali kosmetika, sveikata, sportas\",\"publisher\":{\"@id\":\"https:\\\/\\\/puhdasplus.ee\\\/lt\\\/#organization\"},\"potentialAction\":[{\"@type\":\"SearchAction\",\"target\":{\"@type\":\"EntryPoint\",\"urlTemplate\":\"https:\\\/\\\/puhdasplus.ee\\\/lt\\\/?s={search_term_string}\"},\"query-input\":{\"@type\":\"PropertyValueSpecification\",\"valueRequired\":true,\"valueName\":\"search_term_string\"}}],\"inLanguage\":\"lt-LT\"},{\"@type\":\"Organization\",\"@id\":\"https:\\\/\\\/puhdasplus.ee\\\/lt\\\/#organization\",\"name\":\"Puhdas+\",\"alternateName\":\"Puhdasplus\",\"url\":\"https:\\\/\\\/puhdasplus.ee\\\/lt\\\/\",\"logo\":{\"@type\":\"ImageObject\",\"inLanguage\":\"lt-LT\",\"@id\":\"https:\\\/\\\/puhdasplus.ee\\\/lt\\\/#\\\/schema\\\/logo\\\/image\\\/\",\"url\":\"https:\\\/\\\/puhdasplus.ee\\\/wp-content\\\/uploads\\\/2019\\\/10\\\/puhdas_logo-arvele.png\",\"contentUrl\":\"https:\\\/\\\/puhdasplus.ee\\\/wp-content\\\/uploads\\\/2019\\\/10\\\/puhdas_logo-arvele.png\",\"width\":114,\"height\":94,\"caption\":\"Puhdas+\"},\"image\":{\"@id\":\"https:\\\/\\\/puhdasplus.ee\\\/lt\\\/#\\\/schema\\\/logo\\\/image\\\/\"},\"sameAs\":[\"https:\\\/\\\/www.facebook.com\\\/puhdasplus\",\"https:\\\/\\\/www.instagram.com\\\/puhdasplus_ee\\\/\"]}]}<\/script>\n<!-- \/ Yoast SEO plugin. -->","yoast_head_json":{"title":"Mineralinio akmens dezodorantas be aliuminio 120 g | Puhdas+","description":"\u201eMineral Stone\u201c dezodorantas yra 100 % nat\u016bralus mineralin\u0117s druskos dezodorantas, neutralizuojantis kvap\u0105 ir neu\u017ekem\u0161antis por\u0173. Jame n\u0117ra aliuminio ir jis tinka jautriai odai.","robots":{"index":"index","follow":"follow","max-snippet":"max-snippet:-1","max-image-preview":"max-image-preview:large","max-video-preview":"max-video-preview:-1"},"canonical":"https:\/\/puhdasplus.ee\/lt\/produktai\/kosmetika-lt\/mineralinio-akmens-dezodorantas-be-aliuminio-120-g\/","og_locale":"lt_LT","og_type":"article","og_title":"Mineralinio akmens dezodorantas be aliuminio 120 g | Puhdas+","og_description":"\u201eMineral Stone\u201c dezodorantas yra 100 % nat\u016bralus mineralin\u0117s druskos dezodorantas, neutralizuojantis kvap\u0105 ir neu\u017ekem\u0161antis por\u0173. Jame n\u0117ra aliuminio ir jis tinka jautriai odai.","og_url":"https:\/\/puhdasplus.ee\/lt\/produktai\/kosmetika-lt\/mineralinio-akmens-dezodorantas-be-aliuminio-120-g\/","og_site_name":"Puhdas+","article_publisher":"https:\/\/www.facebook.com\/puhdasplus","article_modified_time":"2026-04-07T17:10:27+00:00","og_image":[{"width":1862,"height":2560,"url":"https:\/\/puhdasplus.ee\/wp-content\/uploads\/2025\/03\/151.jpg","type":"image\/jpeg"}],"twitter_card":"summary_large_image","twitter_misc":{"Est. reading time":"1 minut\u0117"},"schema":{"@context":"https:\/\/schema.org","@graph":[{"@type":"WebPage","@id":"https:\/\/puhdasplus.ee\/lt\/produktai\/kosmetika-lt\/mineralinio-akmens-dezodorantas-be-aliuminio-120-g\/","url":"https:\/\/puhdasplus.ee\/lt\/produktai\/kosmetika-lt\/mineralinio-akmens-dezodorantas-be-aliuminio-120-g\/","name":"Mineralinio akmens dezodorantas be aliuminio 120 g | Puhdas+","isPartOf":{"@id":"https:\/\/puhdasplus.ee\/lt\/#website"},"primaryImageOfPage":{"@id":"https:\/\/puhdasplus.ee\/lt\/produktai\/kosmetika-lt\/mineralinio-akmens-dezodorantas-be-aliuminio-120-g\/#primaryimage"},"image":{"@id":"https:\/\/puhdasplus.ee\/lt\/produktai\/kosmetika-lt\/mineralinio-akmens-dezodorantas-be-aliuminio-120-g\/#primaryimage"},"thumbnailUrl":"https:\/\/puhdasplus.ee\/wp-content\/uploads\/2025\/03\/151.jpg","datePublished":"2025-01-16T17:51:35+00:00","dateModified":"2026-04-07T17:10:27+00:00","description":"\u201eMineral Stone\u201c dezodorantas yra 100 % nat\u016bralus mineralin\u0117s druskos dezodorantas, neutralizuojantis kvap\u0105 ir neu\u017ekem\u0161antis por\u0173. Jame n\u0117ra aliuminio ir jis tinka jautriai odai.","breadcrumb":{"@id":"https:\/\/puhdasplus.ee\/lt\/produktai\/kosmetika-lt\/mineralinio-akmens-dezodorantas-be-aliuminio-120-g\/#breadcrumb"},"inLanguage":"lt-LT","potentialAction":[{"@type":"ReadAction","target":["https:\/\/puhdasplus.ee\/lt\/produktai\/kosmetika-lt\/mineralinio-akmens-dezodorantas-be-aliuminio-120-g\/"]}]},{"@type":"ImageObject","inLanguage":"lt-LT","@id":"https:\/\/puhdasplus.ee\/lt\/produktai\/kosmetika-lt\/mineralinio-akmens-dezodorantas-be-aliuminio-120-g\/#primaryimage","url":"https:\/\/puhdasplus.ee\/wp-content\/uploads\/2025\/03\/151.jpg","contentUrl":"https:\/\/puhdasplus.ee\/wp-content\/uploads\/2025\/03\/151.jpg","width":1862,"height":2560,"caption":"Mineralinio akmens dezodorantas be aliuminio"},{"@type":"BreadcrumbList","@id":"https:\/\/puhdasplus.ee\/lt\/produktai\/kosmetika-lt\/mineralinio-akmens-dezodorantas-be-aliuminio-120-g\/#breadcrumb","itemListElement":[{"@type":"ListItem","position":1,"name":"Prad\u017eia","item":"https:\/\/puhdasplus.ee\/lt\/"},{"@type":"ListItem","position":2,"name":"Produktai","item":"https:\/\/puhdasplus.ee\/lt\/parduotuve\/"},{"@type":"ListItem","position":3,"name":"Mineralinio akmens dezodorantas be aliuminio 120 g"}]},{"@type":"WebSite","@id":"https:\/\/puhdasplus.ee\/lt\/#website","url":"https:\/\/puhdasplus.ee\/lt\/","name":"Puhdas+","description":"Vitaminai, maisto papildai, nat\u016brali kosmetika, sveikata, sportas","publisher":{"@id":"https:\/\/puhdasplus.ee\/lt\/#organization"},"potentialAction":[{"@type":"SearchAction","target":{"@type":"EntryPoint","urlTemplate":"https:\/\/puhdasplus.ee\/lt\/?s={search_term_string}"},"query-input":{"@type":"PropertyValueSpecification","valueRequired":true,"valueName":"search_term_string"}}],"inLanguage":"lt-LT"},{"@type":"Organization","@id":"https:\/\/puhdasplus.ee\/lt\/#organization","name":"Puhdas+","alternateName":"Puhdasplus","url":"https:\/\/puhdasplus.ee\/lt\/","logo":{"@type":"ImageObject","inLanguage":"lt-LT","@id":"https:\/\/puhdasplus.ee\/lt\/#\/schema\/logo\/image\/","url":"https:\/\/puhdasplus.ee\/wp-content\/uploads\/2019\/10\/puhdas_logo-arvele.png","contentUrl":"https:\/\/puhdasplus.ee\/wp-content\/uploads\/2019\/10\/puhdas_logo-arvele.png","width":114,"height":94,"caption":"Puhdas+"},"image":{"@id":"https:\/\/puhdasplus.ee\/lt\/#\/schema\/logo\/image\/"},"sameAs":["https:\/\/www.facebook.com\/puhdasplus","https:\/\/www.instagram.com\/puhdasplus_ee\/"]}]}},"_yoast_wpseo_title":"Mineralinio akmens dezodorantas be aliuminio 120 g | Puhdas+","_yoast_wpseo_metadesc":"\u201eMineral Stone\u201c dezodorantas yra 100 % nat\u016bralus mineralin\u0117s druskos dezodorantas, neutralizuojantis kvap\u0105 ir neu\u017ekem\u0161antis por\u0173. Jame n\u0117ra aliuminio ir jis tinka jautriai odai.","_yoast_wpseo_focuskw":"","_links":{"self":[{"href":"https:\/\/puhdasplus.ee\/lt\/wp-json\/wp\/v2\/product\/33095","targetHints":{"allow":["GET"]}}],"collection":[{"href":"https:\/\/puhdasplus.ee\/lt\/wp-json\/wp\/v2\/product"}],"about":[{"href":"https:\/\/puhdasplus.ee\/lt\/wp-json\/wp\/v2\/types\/product"}],"replies":[{"embeddable":true,"href":"https:\/\/puhdasplus.ee\/lt\/wp-json\/wp\/v2\/comments?post=33095"}],"wp:featuredmedia":[{"embeddable":true,"href":"https:\/\/puhdasplus.ee\/lt\/wp-json\/wp\/v2\/media\/33098"}],"wp:attachment":[{"href":"https:\/\/puhdasplus.ee\/lt\/wp-json\/wp\/v2\/media?parent=33095"}],"wp:term":[{"taxonomy":"product_brand","embeddable":true,"href":"https:\/\/puhdasplus.ee\/lt\/wp-json\/wp\/v2\/product_brand?post=33095"},{"taxonomy":"product_cat","embeddable":true,"href":"https:\/\/puhdasplus.ee\/lt\/wp-json\/wp\/v2\/product_cat?post=33095"},{"taxonomy":"product_tag","embeddable":true,"href":"https:\/\/puhdasplus.ee\/lt\/wp-json\/wp\/v2\/product_tag?post=33095"}],"curies":[{"name":"wp","href":"https:\/\/api.w.org\/{rel}","templated":true}]}}