{"id":32968,"date":"2025-01-16T20:35:54","date_gmt":"2025-01-16T18:35:54","guid":{"rendered":"https:\/\/puhdasplus.ee\/tooted\/be-kategorijos\/trigubo-poveikio-hialurono-rugsties-serumas-su-saltalankiu-ekstraktu-30-ml\/"},"modified":"2026-04-07T20:10:15","modified_gmt":"2026-04-07T17:10:15","slug":"trigubo-poveikio-hialurono-rugsties-serumas-su-saltalankiu-ekstraktu-30-ml","status":"publish","type":"product","link":"https:\/\/puhdasplus.ee\/lt\/produktai\/kosmetika-lt\/trigubo-poveikio-hialurono-rugsties-serumas-su-saltalankiu-ekstraktu-30-ml\/","title":{"rendered":"Trigubo poveikio hialurono r\u016bg\u0161ties serumas su \u0161altalanki\u0173 ekstraktu 30 ml"},"content":{"rendered":"<p>Trigubo poveikio hialurono r\u016bg\u0161ties serumas su \u0161altalankiu \u2013 tai giliai dr\u0117kinantis ir od\u0105 atkuriantis serumas, kuriame sujungtos trys skirtingo molekulinio svorio hialurono r\u016bg\u0161tys, u\u017etikrinan\u010dios optimal\u0173 dr\u0117kinim\u0105 ir gerinan\u010dios odos elastingum\u0105. \u0160altalankis yra nat\u016bralus vitamin\u0173 ir antioksidant\u0173 \u0161altinis, apsaugantis od\u0105 nuo laisv\u0173j\u0173 radikal\u0173, ma\u017einantis u\u017edegim\u0105 ir padedantis i\u0161lyginti odos atspalv\u012f. Serumas padeda atkurti odos dr\u0117gm\u0117s balans\u0105, suma\u017einti smulkias rauk\u0161leles ir suteikti odai sveik\u0105 bei spindin\u010di\u0105 veido spalv\u0105. Lengva ir greitai \u012fsigerianti formul\u0117 tinka visiems odos tipams, ypa\u010d sausai, jautriai ir brand\u017eiai odai.   <\/p>\n<h2>Naudojimo instrukcijos<\/h2>\n<ol>\n<li>Prie\u0161 tepdami serum\u0105, nuvalykite ir nusausinkite od\u0105.<\/li>\n<li>U\u017etepkite 2\u20133 la\u0161us serumo ant veido ir kaklo odos ir \u0161velniai masa\u017euokite, kol \u012fsigers.<\/li>\n<li>Naudokite ryte ir (arba) vakare prie\u0161 dr\u0117kinam\u0105j\u012f krem\u0105.<\/li>\n<li>Geriausiems rezultatams pasiekti naudokite reguliariai.<\/li>\n<\/ol>\n<p><strong>Sudedamosios dalys:<\/strong><\/p>\n<p>Aqua (vanduo), glicerinas, propandiolis, karpotojo ber\u017eo (Betula Pendula) sultys*, betainas, \u0161altalanki\u0173 (Hippophae Rhamnoides) vaisi\u0173 sultys*, natrio hialuronatas, natrio benzoatas, kalio sorbatas, hidrolizuota hialurono r\u016bg\u0161tis, akacij\u0173 derva (Acacia Senegal), ksantano derva, \u0161altalanki\u0173 (Hippophae Rhamnoides) vaisi\u0173 ekstraktas, pieno r\u016bg\u0161tis. Organinis.<\/p>\n<h2>Geras derinys su kitais produktais<\/h2>\n<ul>\n<li><strong>\u201ePuhdas+ <a href=\"https:\/\/puhdasplus.ee\/lt\/tooted\/kosmetika-lt\/bakuchiol-grozio-eliksyras-15-ml\/\">Bakuchiol Beauty Booster Elixir\u201c 15 ml<\/a> \u2013<\/strong> Po giliai dr\u0117kinamojo hialurono r\u016bg\u0161ties serumo u\u017etepkite ant odos bakuchiol eliksyr\u0105, kuris padeda suma\u017einti smulkias rauk\u0161leles ir rauk\u0161les, oda tampa lygi ir lygi.<\/li>\n<li><strong>\u201ePuhdas+ <a href=\"https:\/\/puhdasplus.ee\/tooted\/looduskosmeetika\/iluoli-argaaniaoli-50-ml-sugavniisutav-ja-taastav-hooldus\/\">Argan Beauty Oil\u201c 50 ml<\/a> \u2013<\/strong> \u012ftraukite maitinam\u0105j\u012f argano aliej\u0173 \u012f savo odos prie\u017ei\u016bros rutin\u0105, kuris i\u0161saugo dr\u0117kinam\u0105j\u012f hialurono r\u016bg\u0161ties poveik\u012f ir giliai maitina od\u0105. Tinka veidui, kaklui ir dekolt\u0117 sri\u010diai. <\/li>\n<li><strong>\u201ePuhdas+ <a href=\"https:\/\/puhdasplus.ee\/tooted\/nahk-juuksed-kuuned\/biotiin-5000-g-60-kapslit\/\">Biotin 5000 \u00b5g\u201c 60 kapsuli\u0173<\/a> \u2013<\/strong> tikrasis gro\u017eis prasideda viduje. Biotinas palaiko odos, plauk\u0173 ir nag\u0173 sveikat\u0105, pad\u0117damas pasiekti spindin\u010di\u0105 ir sveik\u0105 veido spalv\u0105. <\/li>\n<\/ul>\n<p><strong>\u017di\u016br\u0117ti taip pat:<\/strong> <a href=\"https:\/\/puhdasplus.ee\/toote-kategooria\/looduskosmeetika\/\">Looduskosmeetika<\/a> | <a href=\"https:\/\/puhdasplus.ee\/toote-kategooria\/nahk-juuksed-kuuned\/\">Oda, plaukai, nagai<\/a><\/p>\n","protected":false},"excerpt":{"rendered":"<p>Giliai dr\u0117kinantis hialurono r\u016bg\u0161ties serumas su \u0161altalanki\u0173 ekstraktu, kuris atkuria odos elastingum\u0105, ramina ir apsaugo od\u0105.<\/p>\n","protected":false},"featured_media":32971,"comment_status":"closed","ping_status":"closed","template":"","meta":{"_acf_changed":false,"googlesitekit_rrm_CAow3eq7DA:productID":""},"product_brand":[],"product_cat":[2582],"product_tag":[4764,3563,8311,2690,7869,2886],"class_list":{"0":"post-32968","1":"product","2":"type-product","3":"status-publish","4":"has-post-thumbnail","6":"product_cat-kosmetika-lt","7":"product_tag-antioksidantas-lt","8":"product_tag-ekologiskas-lt","9":"product_tag-hialurono-rgties-serumas-lt","10":"product_tag-hialurono-rugstis","11":"product_tag-naturali-kosmetika","12":"product_tag-odos-prieziura","14":"first","15":"onbackorder","16":"taxable","17":"shipping-taxable","18":"purchasable","19":"product-type-simple"},"acf":[],"yoast_head":"<!-- This site is optimized with the Yoast SEO plugin v27.3 - https:\/\/yoast.com\/product\/yoast-seo-wordpress\/ -->\n<title>Trigubo poveikio hialurono r\u016bg\u0161ties serumas su \u0161altalanki\u0173 ekstraktu 30 ml | Puhdas+<\/title>\n<meta name=\"description\" content=\"Trigubo poveikio hialurono r\u016bg\u0161ties serumas su \u0161altalanki\u0173 ekstraktu \u2013 giliai dr\u0117kina, atkuria odos elastingum\u0105 ir apsaugo nuo laisv\u0173j\u0173 radikal\u0173. Organinis.\" \/>\n<meta name=\"robots\" content=\"index, follow, max-snippet:-1, max-image-preview:large, max-video-preview:-1\" \/>\n<link rel=\"canonical\" href=\"https:\/\/puhdasplus.ee\/lt\/produktai\/kosmetika-lt\/trigubo-poveikio-hialurono-rugsties-serumas-su-saltalankiu-ekstraktu-30-ml\/\" \/>\n<meta property=\"og:locale\" content=\"lt_LT\" \/>\n<meta property=\"og:type\" content=\"article\" \/>\n<meta property=\"og:title\" content=\"Trigubo poveikio hialurono r\u016bg\u0161ties serumas su \u0161altalanki\u0173 ekstraktu 30 ml | Puhdas+\" \/>\n<meta property=\"og:description\" content=\"Trigubo poveikio hialurono r\u016bg\u0161ties serumas su \u0161altalanki\u0173 ekstraktu \u2013 giliai dr\u0117kina, atkuria odos elastingum\u0105 ir apsaugo nuo laisv\u0173j\u0173 radikal\u0173. Organinis.\" \/>\n<meta property=\"og:url\" content=\"https:\/\/puhdasplus.ee\/lt\/produktai\/kosmetika-lt\/trigubo-poveikio-hialurono-rugsties-serumas-su-saltalankiu-ekstraktu-30-ml\/\" \/>\n<meta property=\"og:site_name\" content=\"Puhdas+\" \/>\n<meta property=\"article:publisher\" content=\"https:\/\/www.facebook.com\/puhdasplus\" \/>\n<meta property=\"article:modified_time\" content=\"2026-04-07T17:10:15+00:00\" \/>\n<meta property=\"og:image\" content=\"https:\/\/puhdasplus.ee\/wp-content\/uploads\/2025\/03\/141.jpg\" \/>\n\t<meta property=\"og:image:width\" content=\"1862\" \/>\n\t<meta property=\"og:image:height\" content=\"2560\" \/>\n\t<meta property=\"og:image:type\" content=\"image\/jpeg\" \/>\n<meta name=\"twitter:card\" content=\"summary_large_image\" \/>\n<meta name=\"twitter:label1\" content=\"Est. reading time\" \/>\n\t<meta name=\"twitter:data1\" content=\"1 minut\u0117\" \/>\n<script type=\"application\/ld+json\" class=\"yoast-schema-graph\">{\"@context\":\"https:\\\/\\\/schema.org\",\"@graph\":[{\"@type\":\"WebPage\",\"@id\":\"https:\\\/\\\/puhdasplus.ee\\\/lt\\\/produktai\\\/kosmetika-lt\\\/trigubo-poveikio-hialurono-rugsties-serumas-su-saltalankiu-ekstraktu-30-ml\\\/\",\"url\":\"https:\\\/\\\/puhdasplus.ee\\\/lt\\\/produktai\\\/kosmetika-lt\\\/trigubo-poveikio-hialurono-rugsties-serumas-su-saltalankiu-ekstraktu-30-ml\\\/\",\"name\":\"Trigubo poveikio hialurono r\u016bg\u0161ties serumas su \u0161altalanki\u0173 ekstraktu 30 ml | Puhdas+\",\"isPartOf\":{\"@id\":\"https:\\\/\\\/puhdasplus.ee\\\/lt\\\/#website\"},\"primaryImageOfPage\":{\"@id\":\"https:\\\/\\\/puhdasplus.ee\\\/lt\\\/produktai\\\/kosmetika-lt\\\/trigubo-poveikio-hialurono-rugsties-serumas-su-saltalankiu-ekstraktu-30-ml\\\/#primaryimage\"},\"image\":{\"@id\":\"https:\\\/\\\/puhdasplus.ee\\\/lt\\\/produktai\\\/kosmetika-lt\\\/trigubo-poveikio-hialurono-rugsties-serumas-su-saltalankiu-ekstraktu-30-ml\\\/#primaryimage\"},\"thumbnailUrl\":\"https:\\\/\\\/puhdasplus.ee\\\/wp-content\\\/uploads\\\/2025\\\/03\\\/141.jpg\",\"datePublished\":\"2025-01-16T18:35:54+00:00\",\"dateModified\":\"2026-04-07T17:10:15+00:00\",\"description\":\"Trigubo poveikio hialurono r\u016bg\u0161ties serumas su \u0161altalanki\u0173 ekstraktu \u2013 giliai dr\u0117kina, atkuria odos elastingum\u0105 ir apsaugo nuo laisv\u0173j\u0173 radikal\u0173. Organinis.\",\"breadcrumb\":{\"@id\":\"https:\\\/\\\/puhdasplus.ee\\\/lt\\\/produktai\\\/kosmetika-lt\\\/trigubo-poveikio-hialurono-rugsties-serumas-su-saltalankiu-ekstraktu-30-ml\\\/#breadcrumb\"},\"inLanguage\":\"lt-LT\",\"potentialAction\":[{\"@type\":\"ReadAction\",\"target\":[\"https:\\\/\\\/puhdasplus.ee\\\/lt\\\/produktai\\\/kosmetika-lt\\\/trigubo-poveikio-hialurono-rugsties-serumas-su-saltalankiu-ekstraktu-30-ml\\\/\"]}]},{\"@type\":\"ImageObject\",\"inLanguage\":\"lt-LT\",\"@id\":\"https:\\\/\\\/puhdasplus.ee\\\/lt\\\/produktai\\\/kosmetika-lt\\\/trigubo-poveikio-hialurono-rugsties-serumas-su-saltalankiu-ekstraktu-30-ml\\\/#primaryimage\",\"url\":\"https:\\\/\\\/puhdasplus.ee\\\/wp-content\\\/uploads\\\/2025\\\/03\\\/141.jpg\",\"contentUrl\":\"https:\\\/\\\/puhdasplus.ee\\\/wp-content\\\/uploads\\\/2025\\\/03\\\/141.jpg\",\"width\":1862,\"height\":2560,\"caption\":\"Trigubo poveikio hialurono r\u016bg\u0161ties serumas su \u0161altalanki\u0173 ekstraktu\"},{\"@type\":\"BreadcrumbList\",\"@id\":\"https:\\\/\\\/puhdasplus.ee\\\/lt\\\/produktai\\\/kosmetika-lt\\\/trigubo-poveikio-hialurono-rugsties-serumas-su-saltalankiu-ekstraktu-30-ml\\\/#breadcrumb\",\"itemListElement\":[{\"@type\":\"ListItem\",\"position\":1,\"name\":\"Prad\u017eia\",\"item\":\"https:\\\/\\\/puhdasplus.ee\\\/lt\\\/\"},{\"@type\":\"ListItem\",\"position\":2,\"name\":\"Produktai\",\"item\":\"https:\\\/\\\/puhdasplus.ee\\\/lt\\\/parduotuve\\\/\"},{\"@type\":\"ListItem\",\"position\":3,\"name\":\"Trigubo poveikio hialurono r\u016bg\u0161ties serumas su \u0161altalanki\u0173 ekstraktu 30 ml\"}]},{\"@type\":\"WebSite\",\"@id\":\"https:\\\/\\\/puhdasplus.ee\\\/lt\\\/#website\",\"url\":\"https:\\\/\\\/puhdasplus.ee\\\/lt\\\/\",\"name\":\"Puhdas+\",\"description\":\"Vitaminai, maisto papildai, nat\u016brali kosmetika, sveikata, sportas\",\"publisher\":{\"@id\":\"https:\\\/\\\/puhdasplus.ee\\\/lt\\\/#organization\"},\"potentialAction\":[{\"@type\":\"SearchAction\",\"target\":{\"@type\":\"EntryPoint\",\"urlTemplate\":\"https:\\\/\\\/puhdasplus.ee\\\/lt\\\/?s={search_term_string}\"},\"query-input\":{\"@type\":\"PropertyValueSpecification\",\"valueRequired\":true,\"valueName\":\"search_term_string\"}}],\"inLanguage\":\"lt-LT\"},{\"@type\":\"Organization\",\"@id\":\"https:\\\/\\\/puhdasplus.ee\\\/lt\\\/#organization\",\"name\":\"Puhdas+\",\"alternateName\":\"Puhdasplus\",\"url\":\"https:\\\/\\\/puhdasplus.ee\\\/lt\\\/\",\"logo\":{\"@type\":\"ImageObject\",\"inLanguage\":\"lt-LT\",\"@id\":\"https:\\\/\\\/puhdasplus.ee\\\/lt\\\/#\\\/schema\\\/logo\\\/image\\\/\",\"url\":\"https:\\\/\\\/puhdasplus.ee\\\/wp-content\\\/uploads\\\/2019\\\/10\\\/puhdas_logo-arvele.png\",\"contentUrl\":\"https:\\\/\\\/puhdasplus.ee\\\/wp-content\\\/uploads\\\/2019\\\/10\\\/puhdas_logo-arvele.png\",\"width\":114,\"height\":94,\"caption\":\"Puhdas+\"},\"image\":{\"@id\":\"https:\\\/\\\/puhdasplus.ee\\\/lt\\\/#\\\/schema\\\/logo\\\/image\\\/\"},\"sameAs\":[\"https:\\\/\\\/www.facebook.com\\\/puhdasplus\",\"https:\\\/\\\/www.instagram.com\\\/puhdasplus_ee\\\/\"]}]}<\/script>\n<!-- \/ Yoast SEO plugin. -->","yoast_head_json":{"title":"Trigubo poveikio hialurono r\u016bg\u0161ties serumas su \u0161altalanki\u0173 ekstraktu 30 ml | Puhdas+","description":"Trigubo poveikio hialurono r\u016bg\u0161ties serumas su \u0161altalanki\u0173 ekstraktu \u2013 giliai dr\u0117kina, atkuria odos elastingum\u0105 ir apsaugo nuo laisv\u0173j\u0173 radikal\u0173. Organinis.","robots":{"index":"index","follow":"follow","max-snippet":"max-snippet:-1","max-image-preview":"max-image-preview:large","max-video-preview":"max-video-preview:-1"},"canonical":"https:\/\/puhdasplus.ee\/lt\/produktai\/kosmetika-lt\/trigubo-poveikio-hialurono-rugsties-serumas-su-saltalankiu-ekstraktu-30-ml\/","og_locale":"lt_LT","og_type":"article","og_title":"Trigubo poveikio hialurono r\u016bg\u0161ties serumas su \u0161altalanki\u0173 ekstraktu 30 ml | Puhdas+","og_description":"Trigubo poveikio hialurono r\u016bg\u0161ties serumas su \u0161altalanki\u0173 ekstraktu \u2013 giliai dr\u0117kina, atkuria odos elastingum\u0105 ir apsaugo nuo laisv\u0173j\u0173 radikal\u0173. Organinis.","og_url":"https:\/\/puhdasplus.ee\/lt\/produktai\/kosmetika-lt\/trigubo-poveikio-hialurono-rugsties-serumas-su-saltalankiu-ekstraktu-30-ml\/","og_site_name":"Puhdas+","article_publisher":"https:\/\/www.facebook.com\/puhdasplus","article_modified_time":"2026-04-07T17:10:15+00:00","og_image":[{"width":1862,"height":2560,"url":"https:\/\/puhdasplus.ee\/wp-content\/uploads\/2025\/03\/141.jpg","type":"image\/jpeg"}],"twitter_card":"summary_large_image","twitter_misc":{"Est. reading time":"1 minut\u0117"},"schema":{"@context":"https:\/\/schema.org","@graph":[{"@type":"WebPage","@id":"https:\/\/puhdasplus.ee\/lt\/produktai\/kosmetika-lt\/trigubo-poveikio-hialurono-rugsties-serumas-su-saltalankiu-ekstraktu-30-ml\/","url":"https:\/\/puhdasplus.ee\/lt\/produktai\/kosmetika-lt\/trigubo-poveikio-hialurono-rugsties-serumas-su-saltalankiu-ekstraktu-30-ml\/","name":"Trigubo poveikio hialurono r\u016bg\u0161ties serumas su \u0161altalanki\u0173 ekstraktu 30 ml | Puhdas+","isPartOf":{"@id":"https:\/\/puhdasplus.ee\/lt\/#website"},"primaryImageOfPage":{"@id":"https:\/\/puhdasplus.ee\/lt\/produktai\/kosmetika-lt\/trigubo-poveikio-hialurono-rugsties-serumas-su-saltalankiu-ekstraktu-30-ml\/#primaryimage"},"image":{"@id":"https:\/\/puhdasplus.ee\/lt\/produktai\/kosmetika-lt\/trigubo-poveikio-hialurono-rugsties-serumas-su-saltalankiu-ekstraktu-30-ml\/#primaryimage"},"thumbnailUrl":"https:\/\/puhdasplus.ee\/wp-content\/uploads\/2025\/03\/141.jpg","datePublished":"2025-01-16T18:35:54+00:00","dateModified":"2026-04-07T17:10:15+00:00","description":"Trigubo poveikio hialurono r\u016bg\u0161ties serumas su \u0161altalanki\u0173 ekstraktu \u2013 giliai dr\u0117kina, atkuria odos elastingum\u0105 ir apsaugo nuo laisv\u0173j\u0173 radikal\u0173. Organinis.","breadcrumb":{"@id":"https:\/\/puhdasplus.ee\/lt\/produktai\/kosmetika-lt\/trigubo-poveikio-hialurono-rugsties-serumas-su-saltalankiu-ekstraktu-30-ml\/#breadcrumb"},"inLanguage":"lt-LT","potentialAction":[{"@type":"ReadAction","target":["https:\/\/puhdasplus.ee\/lt\/produktai\/kosmetika-lt\/trigubo-poveikio-hialurono-rugsties-serumas-su-saltalankiu-ekstraktu-30-ml\/"]}]},{"@type":"ImageObject","inLanguage":"lt-LT","@id":"https:\/\/puhdasplus.ee\/lt\/produktai\/kosmetika-lt\/trigubo-poveikio-hialurono-rugsties-serumas-su-saltalankiu-ekstraktu-30-ml\/#primaryimage","url":"https:\/\/puhdasplus.ee\/wp-content\/uploads\/2025\/03\/141.jpg","contentUrl":"https:\/\/puhdasplus.ee\/wp-content\/uploads\/2025\/03\/141.jpg","width":1862,"height":2560,"caption":"Trigubo poveikio hialurono r\u016bg\u0161ties serumas su \u0161altalanki\u0173 ekstraktu"},{"@type":"BreadcrumbList","@id":"https:\/\/puhdasplus.ee\/lt\/produktai\/kosmetika-lt\/trigubo-poveikio-hialurono-rugsties-serumas-su-saltalankiu-ekstraktu-30-ml\/#breadcrumb","itemListElement":[{"@type":"ListItem","position":1,"name":"Prad\u017eia","item":"https:\/\/puhdasplus.ee\/lt\/"},{"@type":"ListItem","position":2,"name":"Produktai","item":"https:\/\/puhdasplus.ee\/lt\/parduotuve\/"},{"@type":"ListItem","position":3,"name":"Trigubo poveikio hialurono r\u016bg\u0161ties serumas su \u0161altalanki\u0173 ekstraktu 30 ml"}]},{"@type":"WebSite","@id":"https:\/\/puhdasplus.ee\/lt\/#website","url":"https:\/\/puhdasplus.ee\/lt\/","name":"Puhdas+","description":"Vitaminai, maisto papildai, nat\u016brali kosmetika, sveikata, sportas","publisher":{"@id":"https:\/\/puhdasplus.ee\/lt\/#organization"},"potentialAction":[{"@type":"SearchAction","target":{"@type":"EntryPoint","urlTemplate":"https:\/\/puhdasplus.ee\/lt\/?s={search_term_string}"},"query-input":{"@type":"PropertyValueSpecification","valueRequired":true,"valueName":"search_term_string"}}],"inLanguage":"lt-LT"},{"@type":"Organization","@id":"https:\/\/puhdasplus.ee\/lt\/#organization","name":"Puhdas+","alternateName":"Puhdasplus","url":"https:\/\/puhdasplus.ee\/lt\/","logo":{"@type":"ImageObject","inLanguage":"lt-LT","@id":"https:\/\/puhdasplus.ee\/lt\/#\/schema\/logo\/image\/","url":"https:\/\/puhdasplus.ee\/wp-content\/uploads\/2019\/10\/puhdas_logo-arvele.png","contentUrl":"https:\/\/puhdasplus.ee\/wp-content\/uploads\/2019\/10\/puhdas_logo-arvele.png","width":114,"height":94,"caption":"Puhdas+"},"image":{"@id":"https:\/\/puhdasplus.ee\/lt\/#\/schema\/logo\/image\/"},"sameAs":["https:\/\/www.facebook.com\/puhdasplus","https:\/\/www.instagram.com\/puhdasplus_ee\/"]}]}},"_yoast_wpseo_title":"Trigubo poveikio hialurono r\u016bg\u0161ties serumas su \u0161altalanki\u0173 ekstraktu 30 ml | Puhdas+","_yoast_wpseo_metadesc":"Trigubo poveikio hialurono r\u016bg\u0161ties serumas su \u0161altalanki\u0173 ekstraktu \u2013 giliai dr\u0117kina, atkuria odos elastingum\u0105 ir apsaugo nuo laisv\u0173j\u0173 radikal\u0173. Organinis.","_yoast_wpseo_focuskw":"","_links":{"self":[{"href":"https:\/\/puhdasplus.ee\/lt\/wp-json\/wp\/v2\/product\/32968","targetHints":{"allow":["GET"]}}],"collection":[{"href":"https:\/\/puhdasplus.ee\/lt\/wp-json\/wp\/v2\/product"}],"about":[{"href":"https:\/\/puhdasplus.ee\/lt\/wp-json\/wp\/v2\/types\/product"}],"replies":[{"embeddable":true,"href":"https:\/\/puhdasplus.ee\/lt\/wp-json\/wp\/v2\/comments?post=32968"}],"wp:featuredmedia":[{"embeddable":true,"href":"https:\/\/puhdasplus.ee\/lt\/wp-json\/wp\/v2\/media\/32971"}],"wp:attachment":[{"href":"https:\/\/puhdasplus.ee\/lt\/wp-json\/wp\/v2\/media?parent=32968"}],"wp:term":[{"taxonomy":"product_brand","embeddable":true,"href":"https:\/\/puhdasplus.ee\/lt\/wp-json\/wp\/v2\/product_brand?post=32968"},{"taxonomy":"product_cat","embeddable":true,"href":"https:\/\/puhdasplus.ee\/lt\/wp-json\/wp\/v2\/product_cat?post=32968"},{"taxonomy":"product_tag","embeddable":true,"href":"https:\/\/puhdasplus.ee\/lt\/wp-json\/wp\/v2\/product_tag?post=32968"}],"curies":[{"name":"wp","href":"https:\/\/api.w.org\/{rel}","templated":true}]}}