{"id":359697,"date":"2026-03-13T10:20:34","date_gmt":"2026-03-13T08:20:34","guid":{"rendered":"https:\/\/puhdasplus.ee\/tapkite-perpardaveju\/"},"modified":"2026-03-13T10:20:34","modified_gmt":"2026-03-13T08:20:34","slug":"tapkite-perpardaveju","status":"publish","type":"page","link":"https:\/\/puhdasplus.ee\/lt\/tapkite-perpardaveju\/","title":{"rendered":"Tapkite perpardav\u0117ju"},"content":{"rendered":"<h2 style=\"text-align:center;color:#1a5c4e\">Tapkite \u201ePuhdas+\u201c perpardav\u0117ju<\/h2>\n<p style=\"text-align:center;font-size:16px;color:#555\">U\u017epildykite \u017eemiau esan\u010di\u0105 form\u0105 ir mes susisieksime su jumis artimiausiu metu, kad aptartume bendradarbiavimo s\u0105lygas.<\/p>\n<hr>\n<h3>Kod\u0117l verta rinktis \u201ePuhdas+\u201c?<\/h3>\n<p>\u201ePuhdas+\u201c produktai sukurti siekiant u\u017etikrinti kokyb\u0119 ir nat\u016bralum\u0105 \u2013 be konservant\u0173, dirbtini\u0173 da\u017eikli\u0173, saldikli\u0173 ar pavir\u0161iaus apdorojimo med\u017eiag\u0173. \u0160vari sud\u0117tis, veiksmingas rezultatas. <\/p>\n<h3>Produkt\u0173 asortimentas<\/h3>\n<ul>\n<li><strong>Eteriniai aliejai ir difuzoriai<\/strong> \u2013 atpalaiduojantis ir balansuojantis poveikis<\/li>\n<li><strong>Maisto papildai<\/strong> \u2013 vitaminai, mineralai ir supermaistas<\/li>\n<li><strong>Kolagenas ir odos prie\u017ei\u016bros produktai<\/strong> \u2013 odos, plauk\u0173 ir nag\u0173 sveikatai<\/li>\n<li><strong>Magnis<\/strong> \u2013 raumenims ir s\u0105nariams<\/li>\n<li><strong>G\u0117rimai<\/strong> \u2013 kombu\u010dia, vanduo ir vitaminizuotas vanduo<\/li>\n<\/ul>\n<p><em>Gamintojas: \u201eNew Organics Oy\u201c, \u00c4yritie 8 A, 01510 Vantaa<\/em><\/p>\n<h3>Bendradarbiavimo privalumai<\/h3>\n<ul>\n<li>\u2705 <strong>100 % nat\u016brali kokyb\u0117<\/strong> \u2013 patikrinta ir sertifikuota<\/li>\n<li>\ud83d\udce6 <strong>Rinkodaros pagalba<\/strong> \u2013 rinkodaros med\u017eiaga, informacija apie produktus ir pardavim\u0173 palaikymas<\/li>\n<li>\ud83c\udfc6 <strong>Patikimas prek\u0117s \u017eenklas<\/strong> \u2013 \u201eNordenBio O\u00dc\u201c yra vienintelis oficialus \u201ePuhdas+\u201c importuotojas Baltijos \u0161alyse<\/li>\n<\/ul>\n<hr>\n<h3 style=\"text-align:center\">U\u017epildykite registracijos form\u0105<\/h3>\n\n<div class=\"wpcf7 no-js\" id=\"wpcf7-f360551-o1\" lang=\"lt-LT\" dir=\"ltr\" data-wpcf7-id=\"360551\">\n<div class=\"screen-reader-response\"><p role=\"status\" aria-live=\"polite\" aria-atomic=\"true\"><\/p> <ul><\/ul><\/div>\n<form action=\"\/lt\/wp-json\/wp\/v2\/pages\/359697#wpcf7-f360551-o1\" method=\"post\" class=\"wpcf7-form init\" aria-label=\"Kontakt\u0173 forma\" novalidate=\"novalidate\" data-status=\"init\">\n<fieldset class=\"hidden-fields-container\"><input type=\"hidden\" name=\"_wpcf7\" value=\"360551\" \/><input type=\"hidden\" name=\"_wpcf7_version\" value=\"6.1.5\" \/><input type=\"hidden\" name=\"_wpcf7_locale\" value=\"lt_LT\" \/><input type=\"hidden\" name=\"_wpcf7_unit_tag\" value=\"wpcf7-f360551-o1\" \/><input type=\"hidden\" name=\"_wpcf7_container_post\" value=\"0\" \/><input type=\"hidden\" name=\"_wpcf7_posted_data_hash\" value=\"\" \/><input type=\"hidden\" name=\"_wpcf7_recaptcha_response\" value=\"\" \/>\n<\/fieldset>\n<div class=\"form-row\">\n<div class=\"form-col\">\n<label> Vardas ir pavard\u0117 *\n    <span class=\"wpcf7-form-control-wrap\" data-name=\"your-name\"><input size=\"40\" maxlength=\"400\" class=\"wpcf7-form-control wpcf7-text wpcf7-validates-as-required\" autocomplete=\"name\" aria-required=\"true\" aria-invalid=\"false\" placeholder=\"J\u016bs\u0173 vardas ir pavard\u0117\" value=\"\" type=\"text\" name=\"your-name\" \/><\/span> <\/label>\n<\/div>\n<div class=\"form-col\">\n<label> El. pa\u0161to adresas *\n    <span class=\"wpcf7-form-control-wrap\" data-name=\"your-email\"><input size=\"40\" maxlength=\"400\" class=\"wpcf7-form-control wpcf7-email wpcf7-validates-as-required wpcf7-text wpcf7-validates-as-email\" autocomplete=\"email\" aria-required=\"true\" aria-invalid=\"false\" placeholder=\"email@j\u016bs\u0173\u012fmon\u0117.lt\" value=\"\" type=\"email\" name=\"your-email\" \/><\/span> <\/label>\n<\/div>\n<div class=\"form-col\">\n<label> Telefonas\n    <span class=\"wpcf7-form-control-wrap\" data-name=\"your-phone\"><input size=\"40\" maxlength=\"400\" class=\"wpcf7-form-control wpcf7-tel wpcf7-text wpcf7-validates-as-tel\" aria-invalid=\"false\" placeholder=\"+370 XXXXXXX\" value=\"\" type=\"tel\" name=\"your-phone\" \/><\/span> <\/label>\n<\/div>\n<\/div>\n\n<div class=\"form-row\">\n<div class=\"form-col\">\n<label> \u012emon\u0117s pavadinimas\n    <span class=\"wpcf7-form-control-wrap\" data-name=\"your-company\"><input size=\"40\" maxlength=\"400\" class=\"wpcf7-form-control wpcf7-text\" aria-invalid=\"false\" placeholder=\"UAB \/ AB \/ I\u012e pavadinimas\" value=\"\" type=\"text\" name=\"your-company\" \/><\/span> <\/label>\n<\/div>\n<div class=\"form-col\">\n<label> \u012emon\u0117s kodas\n    <span class=\"wpcf7-form-control-wrap\" data-name=\"your-regcode\"><input size=\"40\" maxlength=\"400\" class=\"wpcf7-form-control wpcf7-text\" aria-invalid=\"false\" placeholder=\"12345678\" value=\"\" type=\"text\" name=\"your-regcode\" \/><\/span> <\/label>\n<\/div>\n<div class=\"form-col\">\n<label> Sritis \/ parduotuv\u0117s tipas\n    <span class=\"wpcf7-form-control-wrap\" data-name=\"your-sector\"><input size=\"40\" maxlength=\"400\" class=\"wpcf7-form-control wpcf7-text\" aria-invalid=\"false\" placeholder=\"pvz. vaistin\u0117, sveikatos parduotuv\u0117, sporto klubas...\" value=\"\" type=\"text\" name=\"your-sector\" \/><\/span> <\/label>\n<\/div>\n<\/div>\n\n<div class=\"form-row\">\n<div class=\"form-col-full\">\n<label> Papildoma informacija \/ klausimai\n    <span class=\"wpcf7-form-control-wrap\" data-name=\"your-message\"><textarea cols=\"40\" rows=\"10\" maxlength=\"2000\" class=\"wpcf7-form-control wpcf7-textarea\" aria-invalid=\"false\" placeholder=\"Trumpai apib\u016bdinkite savo veikl\u0105 ir kod\u0117l norite parduoti Puhdas+ produktus\" name=\"your-message\"><\/textarea><\/span> <\/label>\n<\/div>\n<\/div>\n\n<div class=\"form-row form-row-submit\">\n<div class=\"form-col-acceptance\">\n<span class=\"wpcf7-form-control-wrap\" data-name=\"accept-terms\"><span class=\"wpcf7-form-control wpcf7-acceptance\"><span class=\"wpcf7-list-item\"><label><input type=\"checkbox\" name=\"accept-terms\" value=\"1\" aria-invalid=\"false\" \/><span class=\"wpcf7-list-item-label\">Sutinku, kad mano duomenys b\u016bt\u0173 naudojami u\u017eklausai apdoroti pagal privatumo politik\u0105.<\/span><\/label><\/span><\/span><\/span>\n<\/div>\n<div class=\"form-col-submit\">\n<input class=\"wpcf7-form-control wpcf7-submit has-spinner\" type=\"submit\" value=\"Si\u0173sti parai\u0161k\u0105\" \/>\n<\/div>\n<\/div><div class=\"wpcf7-response-output\" aria-hidden=\"true\"><\/div>\n<\/form>\n<\/div>\n\n<p style=\"text-align:center;margin-top:20px\">Arba ra\u0161ykite mums tiesiogiai: <a href=\"mailto:sales@puhdasplus.ee\"><strong>sales@puhdasplus.ee<\/strong><\/a> | Telefonas: <strong>+372 5577765<\/strong><\/p>\n","protected":false},"excerpt":{"rendered":"<p>Tapkite \u201ePuhdas+\u201c perpardav\u0117ju U\u017epildykite \u017eemiau esan\u010di\u0105 form\u0105 ir mes susisieksime su jumis artimiausiu metu, kad aptartume bendradarbiavimo s\u0105lygas. Kod\u0117l verta rinktis \u201ePuhdas+\u201c? \u201ePuhdas+\u201c produktai sukurti siekiant u\u017etikrinti kokyb\u0119 ir nat\u016bralum\u0105 \u2013 be konservant\u0173, dirbtini\u0173 da\u017eikli\u0173, saldikli\u0173 ar pavir\u0161iaus apdorojimo med\u017eiag\u0173. \u0160vari sud\u0117tis, veiksmingas rezultatas. Produkt\u0173 asortimentas Eteriniai aliejai ir difuzoriai \u2013 atpalaiduojantis ir balansuojantis poveikis [&hellip;]<\/p>\n","protected":false},"author":471,"featured_media":0,"parent":0,"menu_order":0,"comment_status":"closed","ping_status":"closed","template":"","meta":{"_acf_changed":false,"googlesitekit_rrm_CAow3eq7DA:productID":"","footnotes":""},"class_list":["post-359697","page","type-page","status-publish","hentry"],"acf":[],"yoast_head":"<!-- This site is optimized with the Yoast SEO plugin v27.5 - https:\/\/yoast.com\/product\/yoast-seo-wordpress\/ -->\n<title>Tapkite Puhdas+ perpardav\u0117ju | Nat\u016bral\u016bs produktai<\/title>\n<meta name=\"description\" content=\"Tapkite Puhdas+ perpardav\u0117ju ir prekiaukite auk\u0161tos kokyb\u0117s nat\u016braliais produktais be konservant\u0173 ir dirbtini\u0173 pried\u0173.\" \/>\n<meta name=\"robots\" content=\"index, follow, max-snippet:-1, max-image-preview:large, max-video-preview:-1\" \/>\n<link rel=\"canonical\" href=\"https:\/\/puhdasplus.ee\/lt\/tapkite-perpardaveju\/\" \/>\n<meta property=\"og:locale\" content=\"lt_LT\" \/>\n<meta property=\"og:type\" content=\"article\" \/>\n<meta property=\"og:title\" content=\"Tapkite Puhdas+ perpardav\u0117ju | Nat\u016bral\u016bs produktai\" \/>\n<meta property=\"og:description\" content=\"Tapkite Puhdas+ perpardav\u0117ju ir prekiaukite auk\u0161tos kokyb\u0117s nat\u016braliais produktais be konservant\u0173 ir dirbtini\u0173 pried\u0173.\" \/>\n<meta property=\"og:url\" content=\"https:\/\/puhdasplus.ee\/lt\/tapkite-perpardaveju\/\" \/>\n<meta property=\"og:site_name\" content=\"Puhdas+\" \/>\n<meta property=\"article:publisher\" content=\"https:\/\/www.facebook.com\/puhdasplus\" \/>\n<meta property=\"og:image\" content=\"https:\/\/puhdasplus.ee\/wp-content\/uploads\/2025\/08\/Untitled-design-6.png\" \/>\n\t<meta property=\"og:image:width\" content=\"1913\" \/>\n\t<meta property=\"og:image:height\" content=\"875\" \/>\n\t<meta property=\"og:image:type\" content=\"image\/png\" \/>\n<meta name=\"twitter:card\" content=\"summary_large_image\" \/>\n<meta name=\"twitter:label1\" content=\"Est. reading time\" \/>\n\t<meta name=\"twitter:data1\" content=\"1 minut\u0117\" \/>\n<script type=\"application\/ld+json\" class=\"yoast-schema-graph\">{\"@context\":\"https:\\\/\\\/schema.org\",\"@graph\":[{\"@type\":\"WebPage\",\"@id\":\"https:\\\/\\\/puhdasplus.ee\\\/lt\\\/tapkite-perpardaveju\\\/\",\"url\":\"https:\\\/\\\/puhdasplus.ee\\\/lt\\\/tapkite-perpardaveju\\\/\",\"name\":\"Tapkite Puhdas+ perpardav\u0117ju | Nat\u016bral\u016bs produktai\",\"isPartOf\":{\"@id\":\"https:\\\/\\\/puhdasplus.ee\\\/lt\\\/#website\"},\"datePublished\":\"2026-03-13T08:20:34+00:00\",\"description\":\"Tapkite Puhdas+ perpardav\u0117ju ir prekiaukite auk\u0161tos kokyb\u0117s nat\u016braliais produktais be konservant\u0173 ir dirbtini\u0173 pried\u0173.\",\"breadcrumb\":{\"@id\":\"https:\\\/\\\/puhdasplus.ee\\\/lt\\\/tapkite-perpardaveju\\\/#breadcrumb\"},\"inLanguage\":\"lt-LT\",\"potentialAction\":[{\"@type\":\"ReadAction\",\"target\":[\"https:\\\/\\\/puhdasplus.ee\\\/lt\\\/tapkite-perpardaveju\\\/\"]}]},{\"@type\":\"BreadcrumbList\",\"@id\":\"https:\\\/\\\/puhdasplus.ee\\\/lt\\\/tapkite-perpardaveju\\\/#breadcrumb\",\"itemListElement\":[{\"@type\":\"ListItem\",\"position\":1,\"name\":\"Prad\u017eia\",\"item\":\"https:\\\/\\\/puhdasplus.ee\\\/lt\\\/\"},{\"@type\":\"ListItem\",\"position\":2,\"name\":\"Tapkite perpardav\u0117ju\"}]},{\"@type\":\"WebSite\",\"@id\":\"https:\\\/\\\/puhdasplus.ee\\\/lt\\\/#website\",\"url\":\"https:\\\/\\\/puhdasplus.ee\\\/lt\\\/\",\"name\":\"Puhdas+\",\"description\":\"Vitaminai, maisto papildai, nat\u016brali kosmetika, sveikata, sportas\",\"publisher\":{\"@id\":\"https:\\\/\\\/puhdasplus.ee\\\/lt\\\/#organization\"},\"potentialAction\":[{\"@type\":\"SearchAction\",\"target\":{\"@type\":\"EntryPoint\",\"urlTemplate\":\"https:\\\/\\\/puhdasplus.ee\\\/lt\\\/?s={search_term_string}\"},\"query-input\":{\"@type\":\"PropertyValueSpecification\",\"valueRequired\":true,\"valueName\":\"search_term_string\"}}],\"inLanguage\":\"lt-LT\"},{\"@type\":\"Organization\",\"@id\":\"https:\\\/\\\/puhdasplus.ee\\\/lt\\\/#organization\",\"name\":\"Puhdas+\",\"alternateName\":\"Puhdasplus\",\"url\":\"https:\\\/\\\/puhdasplus.ee\\\/lt\\\/\",\"logo\":{\"@type\":\"ImageObject\",\"inLanguage\":\"lt-LT\",\"@id\":\"https:\\\/\\\/puhdasplus.ee\\\/lt\\\/#\\\/schema\\\/logo\\\/image\\\/\",\"url\":\"https:\\\/\\\/puhdasplus.ee\\\/wp-content\\\/uploads\\\/2019\\\/10\\\/puhdas_logo-arvele.png\",\"contentUrl\":\"https:\\\/\\\/puhdasplus.ee\\\/wp-content\\\/uploads\\\/2019\\\/10\\\/puhdas_logo-arvele.png\",\"width\":114,\"height\":94,\"caption\":\"Puhdas+\"},\"image\":{\"@id\":\"https:\\\/\\\/puhdasplus.ee\\\/lt\\\/#\\\/schema\\\/logo\\\/image\\\/\"},\"sameAs\":[\"https:\\\/\\\/www.facebook.com\\\/puhdasplus\",\"https:\\\/\\\/www.instagram.com\\\/puhdasplus_ee\\\/\"]}]}<\/script>\n<!-- \/ Yoast SEO plugin. -->","yoast_head_json":{"title":"Tapkite Puhdas+ perpardav\u0117ju | Nat\u016bral\u016bs produktai","description":"Tapkite Puhdas+ perpardav\u0117ju ir prekiaukite auk\u0161tos kokyb\u0117s nat\u016braliais produktais be konservant\u0173 ir dirbtini\u0173 pried\u0173.","robots":{"index":"index","follow":"follow","max-snippet":"max-snippet:-1","max-image-preview":"max-image-preview:large","max-video-preview":"max-video-preview:-1"},"canonical":"https:\/\/puhdasplus.ee\/lt\/tapkite-perpardaveju\/","og_locale":"lt_LT","og_type":"article","og_title":"Tapkite Puhdas+ perpardav\u0117ju | Nat\u016bral\u016bs produktai","og_description":"Tapkite Puhdas+ perpardav\u0117ju ir prekiaukite auk\u0161tos kokyb\u0117s nat\u016braliais produktais be konservant\u0173 ir dirbtini\u0173 pried\u0173.","og_url":"https:\/\/puhdasplus.ee\/lt\/tapkite-perpardaveju\/","og_site_name":"Puhdas+","article_publisher":"https:\/\/www.facebook.com\/puhdasplus","og_image":[{"width":1913,"height":875,"url":"https:\/\/puhdasplus.ee\/wp-content\/uploads\/2025\/08\/Untitled-design-6.png","type":"image\/png"}],"twitter_card":"summary_large_image","twitter_misc":{"Est. reading time":"1 minut\u0117"},"schema":{"@context":"https:\/\/schema.org","@graph":[{"@type":"WebPage","@id":"https:\/\/puhdasplus.ee\/lt\/tapkite-perpardaveju\/","url":"https:\/\/puhdasplus.ee\/lt\/tapkite-perpardaveju\/","name":"Tapkite Puhdas+ perpardav\u0117ju | Nat\u016bral\u016bs produktai","isPartOf":{"@id":"https:\/\/puhdasplus.ee\/lt\/#website"},"datePublished":"2026-03-13T08:20:34+00:00","description":"Tapkite Puhdas+ perpardav\u0117ju ir prekiaukite auk\u0161tos kokyb\u0117s nat\u016braliais produktais be konservant\u0173 ir dirbtini\u0173 pried\u0173.","breadcrumb":{"@id":"https:\/\/puhdasplus.ee\/lt\/tapkite-perpardaveju\/#breadcrumb"},"inLanguage":"lt-LT","potentialAction":[{"@type":"ReadAction","target":["https:\/\/puhdasplus.ee\/lt\/tapkite-perpardaveju\/"]}]},{"@type":"BreadcrumbList","@id":"https:\/\/puhdasplus.ee\/lt\/tapkite-perpardaveju\/#breadcrumb","itemListElement":[{"@type":"ListItem","position":1,"name":"Prad\u017eia","item":"https:\/\/puhdasplus.ee\/lt\/"},{"@type":"ListItem","position":2,"name":"Tapkite perpardav\u0117ju"}]},{"@type":"WebSite","@id":"https:\/\/puhdasplus.ee\/lt\/#website","url":"https:\/\/puhdasplus.ee\/lt\/","name":"Puhdas+","description":"Vitaminai, maisto papildai, nat\u016brali kosmetika, sveikata, sportas","publisher":{"@id":"https:\/\/puhdasplus.ee\/lt\/#organization"},"potentialAction":[{"@type":"SearchAction","target":{"@type":"EntryPoint","urlTemplate":"https:\/\/puhdasplus.ee\/lt\/?s={search_term_string}"},"query-input":{"@type":"PropertyValueSpecification","valueRequired":true,"valueName":"search_term_string"}}],"inLanguage":"lt-LT"},{"@type":"Organization","@id":"https:\/\/puhdasplus.ee\/lt\/#organization","name":"Puhdas+","alternateName":"Puhdasplus","url":"https:\/\/puhdasplus.ee\/lt\/","logo":{"@type":"ImageObject","inLanguage":"lt-LT","@id":"https:\/\/puhdasplus.ee\/lt\/#\/schema\/logo\/image\/","url":"https:\/\/puhdasplus.ee\/wp-content\/uploads\/2019\/10\/puhdas_logo-arvele.png","contentUrl":"https:\/\/puhdasplus.ee\/wp-content\/uploads\/2019\/10\/puhdas_logo-arvele.png","width":114,"height":94,"caption":"Puhdas+"},"image":{"@id":"https:\/\/puhdasplus.ee\/lt\/#\/schema\/logo\/image\/"},"sameAs":["https:\/\/www.facebook.com\/puhdasplus","https:\/\/www.instagram.com\/puhdasplus_ee\/"]}]}},"_yoast_wpseo_title":"Tapkite Puhdas+ perpardav\u0117ju | Nat\u016bral\u016bs produktai","_yoast_wpseo_metadesc":"Tapkite Puhdas+ perpardav\u0117ju ir prekiaukite auk\u0161tos kokyb\u0117s nat\u016braliais produktais be konservant\u0173 ir dirbtini\u0173 pried\u0173.","_yoast_wpseo_focuskw":"tapkite perpardav\u0117ju","_links":{"self":[{"href":"https:\/\/puhdasplus.ee\/lt\/wp-json\/wp\/v2\/pages\/359697","targetHints":{"allow":["GET"]}}],"collection":[{"href":"https:\/\/puhdasplus.ee\/lt\/wp-json\/wp\/v2\/pages"}],"about":[{"href":"https:\/\/puhdasplus.ee\/lt\/wp-json\/wp\/v2\/types\/page"}],"author":[{"embeddable":true,"href":"https:\/\/puhdasplus.ee\/lt\/wp-json\/wp\/v2\/users\/471"}],"replies":[{"embeddable":true,"href":"https:\/\/puhdasplus.ee\/lt\/wp-json\/wp\/v2\/comments?post=359697"}],"version-history":[{"count":0,"href":"https:\/\/puhdasplus.ee\/lt\/wp-json\/wp\/v2\/pages\/359697\/revisions"}],"wp:attachment":[{"href":"https:\/\/puhdasplus.ee\/lt\/wp-json\/wp\/v2\/media?parent=359697"}],"curies":[{"name":"wp","href":"https:\/\/api.w.org\/{rel}","templated":true}]}}