{"id":358062,"date":"2026-03-18T12:35:54","date_gmt":"2026-03-18T10:35:54","guid":{"rendered":"https:\/\/puhdasplus.ee\/apie-mus\/"},"modified":"2026-04-07T11:03:27","modified_gmt":"2026-04-07T08:03:27","slug":"apie-mus","status":"publish","type":"page","link":"https:\/\/puhdasplus.ee\/lt\/apie-mus\/","title":{"rendered":"Apie mus"},"content":{"rendered":"<div class=\"pp-hero\">\n<p class=\"pp-label\">Puhdas+<\/p>\n<h2>Dauguma m\u016bs\u0173 negalvojame apie gerov\u0119 ir tai, k\u0105 rei\u0161kia b\u016bti sveikam.<br \/><strong>Kol to nebepaj\u0117giame.<\/strong><\/h2>\n<\/div>\n<div class=\"pp-row\">\n<div class=\"pp-col-text\">\n<p>Puhdas+ yra Suomijos \u012fmon\u0117, kuri savo produktuose atstovauja s\u0105\u017einingumui ir paprastumui. Mes siekiame skatinti j\u016bs\u0173 sveikat\u0105 ir gerov\u0119, si\u016blydami produktus be nereikaling\u0173 pried\u0173 \u2013 tik esminiai ingredientai, kuri\u0173 reikia j\u016bs\u0173 gerovei.<\/p>\n<p>Tai rei\u0161kia kokybi\u0161kus ir veiksmingus aktyvius ingredientus kuo paprastesniu sud\u0117timi. Puhdas+ palaiko tvar\u0173 gyvenimo b\u016bd\u0105, kur net ma\u017ei pasirinkimai padeda kurti geresn\u0119 ir \u0161varesn\u0119 ateit\u00ed.<\/p>\n<p>Puhdas+ produktus kuria Suomijos \u012fmon\u0117 New Organics Oy. Dauguma m\u016bs\u0173 produkt\u0173 gaminami Suomijoje. Visi kosmetikos produktai gaminami m\u016bs\u0173 pa\u010di\u0173 gamykloje Tuusuloje. <strong>Baltijos \u0161alyse (Estijoje, Latvijoje, Lietuvoje) Puhdas+ produktus atstovauja ir platina NordenBio O\u00dc.<\/strong><\/p>\n<p>U\u017e Puhdas+ produkt\u0173 k\u016brim\u0105 atsako profesional\u016bs vaistininkai, chemikai, mitybos specialistai ir gerov\u0117s ekspertai. M\u016bs\u0173 produktai visada turi veiksming\u0173 ingredient\u0173 ir kombinacij\u0173, sukurt\u0173 skatinti visapusi\u0161k\u0105 sveikat\u0105 ir gerov\u0119.<\/p>\n<\/div>\n<div class=\"pp-col-img\">\n<img decoding=\"async\" src=\"https:\/\/puhdasplus.ee\/wp-content\/uploads\/2026\/03\/about-brand-1.png\" alt=\"Puhdas+ produktai\">\n<\/div>\n<\/div>\n<div class=\"pp-row pp-row-reverse\">\n<div class=\"pp-col-text\">\n<h2 style=\"font-size:28px;font-weight:400;text-align:center;margin-bottom:20px;\">Gerov\u0117s skatinimas gerbiant aplink\u0105<\/h2>\n<p>M\u016bs\u0173 tikslas yra kurti prid\u0117tin\u0119 vert\u0119 ir skatinti individuali\u0105 gerov\u0119, tuo pat metu gerbiant aplink\u0105. M\u016bs\u0173 komanda yra atsidavusi aplinkai draugi\u0161koms ir socialiai tvaroms praktikoms bei m\u0105stymo b\u016bdui savo darbe. Vertiname ir gerbiame \u017emones bei savo aplink\u0105.<\/p>\n<p>M\u016bs\u0173 pasirinkimas apima kokybi\u0161kus maisto papildus, sveikuoli\u0161kus g\u0117rimus, kosmetik\u0105, gro\u017eio produktus, eterini\u0173 aliej\u0173 ir difuzeri\u0173. Visi m\u016bs\u0173 maisto papildai yra be glitimo, be laktoz\u0117s ir vegan\u0161ki, i\u0161skyrus kolageno, bi\u010di\u0173 ir \u017euv\u0173 aliejaus produktus.<\/p>\n<p>M\u016bs\u0173 produkt\u0173 k\u016brimo tikslas visada yra u\u017etikrinti, kad kuo daugiau \u017emoni\u0173 gal\u0117t\u0173 pasinaudoti m\u016bs\u0173 produktais.<\/p>\n<\/div>\n<div class=\"pp-col-img\">\n<img decoding=\"async\" src=\"https:\/\/puhdasplus.ee\/wp-content\/uploads\/2026\/03\/about-brand-2-scaled.jpg\" alt=\"Puhdas+ gerov\u0117\">\n<\/div>\n<\/div>\n<div class=\"pp-section-title\">\n<h2>M\u016bs\u0173 nekompromisiniuose pa\u017eadai<\/h2>\n<\/div>\n<div class=\"pp-banner\">\n<img decoding=\"async\" src=\"https:\/\/puhdasplus.ee\/wp-content\/uploads\/2026\/03\/about-gummies-banner-scaled.jpg\" alt=\"Puhdas+ guminuk\u0173 produktai\">\n<\/div>\n<div class=\"pp-promises\">\n<h3>K\u0105 matote, t\u0105 gaunate.<\/h3>\n<p>J\u016bs\u0173 sveikat\u0105 keliame \u012f pirm\u0105 viet\u0105 \u2013 visada. M\u016bs\u0173 produktuose yra tik \u0161var\u016bs, veiksmingi ir kruop\u0161\u010diai i\u0161tirti ingredientai, be kenksming\u0173 toksin\u0173, sud\u0117ting\u0173 chemikal\u0173 ir paplitusi\u0173 alergen\u0173. Kiekvienas produktas sukurtas palaikyti j\u016bs\u0173 gerov\u0119, pagamintas Suomijoje pagal auk\u0161\u010diausius standartus ir nepriklausomai kontroliuojamas.<\/p>\n<h3>Nepriklausomyb\u0117 yra m\u016bs\u0173 esm\u0117<\/h3>\n<p>Esame nepriklausomi, skaidr\u016bs ir atsakingi, o tai suteikia mums laisv\u0119 priimti sprendimus, kurie j\u016bs\u0173 sveikat\u0105 kelia \u012f pirm\u0105 viet\u0105. Sutelkiame d\u0117mes\u012f kokybi\u0161\u0173 gerov\u0117s produkt\u0173 k\u016brimui \u2013 ne bet koki\u0173 produkt\u0173. Kiekvienas produktas gaminamas Suomijoje ekspert\u0173 mitybos specialist\u0173 ir gerov\u0117s ekspert\u0173 komandos.<\/p>\n<h3>Ma\u017ei detal\u0117s, didelis poveikis<\/h3>\n<p>Tikime, kad ma\u017ei dalykai daro vis\u0105 skirtum\u0105. Tod\u0117l stengiam\u0117s labiau \u2013 \u012fsigyjame tik auk\u0161\u010diausios kokyb\u0117s supermaist\u0105, u\u017etikriname eti\u0161k\u0105 gamyb\u0105 ir kuriame kruop\u0161\u010diai sudarytas formules be nereikaling\u0173 u\u017epild\u0173 ir pried\u0173.<\/p>\n<h3>Mes esame labai pana\u0161\u016bs \u012f jus.<\/h3>\n<p>\u017dinome, kaip reikia balansuoti karjer\u0105, gyvenim\u0105 ir gerov\u0119. Patys stov\u0117jome prie\u0161 tokius pat pasirinkimus \u2013 tarp paskutinio pyrago gabaliuko ir sveikesnio sprendimo. Tod\u0117l kuriame produktus, kurie sprend\u017eia konkre\u010dius sveikatos poreikius ir ilgalaik\u0119 gerov\u0119.<\/p>\n<\/div>\n<div class=\"pp-banner\">\n<img decoding=\"async\" src=\"https:\/\/puhdasplus.ee\/wp-content\/uploads\/2026\/03\/about-bottom-banner.jpg\" alt=\"Puhdas+ gerov\u0117s produktai\">\n<\/div>\n<div class=\"pp-cta\">\n<p class=\"pp-subtitle\">M\u016bs\u0173 \u0161iuolaikiniai gerov\u0117s produktai<\/p>\n<h2>Kelias \u012f gerov\u0119 prasideda protingu prevencija<\/h2>\n<p><a class=\"pp-btn\" href=\"\/produktai\/\">Per\u017ei\u016br\u0117ti produkt\u0173 pasirinkim\u0105<\/a>\n<\/div>\n<p><em>Maisto papildas nepakei\u010dia \u012fvairios mitybos.<\/em><\/p>\n","protected":false},"excerpt":{"rendered":"<p>Puhdas+ Dauguma m\u016bs\u0173 negalvojame apie gerov\u0119 ir tai, k\u0105 rei\u0161kia b\u016bti sveikam.Kol to nebepaj\u0117giame. Puhdas+ yra Suomijos \u012fmon\u0117, kuri savo produktuose atstovauja s\u0105\u017einingumui ir paprastumui. Mes siekiame skatinti j\u016bs\u0173 sveikat\u0105 ir gerov\u0119, si\u016blydami produktus be nereikaling\u0173 pried\u0173 \u2013 tik esminiai ingredientai, kuri\u0173 reikia j\u016bs\u0173 gerovei. Tai rei\u0161kia kokybi\u0161kus ir veiksmingus aktyvius ingredientus kuo paprastesniu sud\u0117timi. [&hellip;]<\/p>\n","protected":false},"author":471,"featured_media":0,"parent":0,"menu_order":0,"comment_status":"closed","ping_status":"closed","template":"","meta":{"_acf_changed":false,"googlesitekit_rrm_CAow3eq7DA:productID":"","footnotes":""},"class_list":["post-358062","page","type-page","status-publish","hentry"],"acf":[],"yoast_head":"<!-- This site is optimized with the Yoast SEO plugin v27.6 - https:\/\/yoast.com\/product\/yoast-seo-wordpress\/ -->\n<title>Puhdas+ apie mus | Suomijos sveikatos produktai<\/title>\n<meta name=\"description\" content=\"Susipa\u017einkite su Puhdas+ \u012fmone - Suomijos sveikatos preki\u0173 pardav\u0117ju, si\u016blan\u010diu kokybi\u0161kus produktus be nereikaling\u0173 pried\u0173 j\u016bs\u0173 gerovei.\" \/>\n<meta name=\"robots\" content=\"index, follow, max-snippet:-1, max-image-preview:large, max-video-preview:-1\" \/>\n<link rel=\"canonical\" href=\"https:\/\/puhdasplus.ee\/lt\/apie-mus\/\" \/>\n<meta property=\"og:locale\" content=\"lt_LT\" \/>\n<meta property=\"og:type\" content=\"article\" \/>\n<meta property=\"og:title\" content=\"Puhdas+ apie mus | Suomijos sveikatos produktai\" \/>\n<meta property=\"og:description\" content=\"Susipa\u017einkite su Puhdas+ \u012fmone - Suomijos sveikatos preki\u0173 pardav\u0117ju, si\u016blan\u010diu kokybi\u0161kus produktus be nereikaling\u0173 pried\u0173 j\u016bs\u0173 gerovei.\" \/>\n<meta property=\"og:url\" content=\"https:\/\/puhdasplus.ee\/lt\/apie-mus\/\" \/>\n<meta property=\"og:site_name\" content=\"Puhdas+\" \/>\n<meta property=\"article:publisher\" content=\"https:\/\/www.facebook.com\/puhdasplus\" \/>\n<meta property=\"article:modified_time\" content=\"2026-04-07T08:03:27+00:00\" \/>\n<meta property=\"og:image\" content=\"https:\/\/puhdasplus.ee\/wp-content\/uploads\/2026\/03\/about-brand-1.png\" \/>\n<meta name=\"twitter:card\" content=\"summary_large_image\" \/>\n<meta name=\"twitter:label1\" content=\"Est. reading time\" \/>\n\t<meta name=\"twitter:data1\" content=\"2 minut\u0117\" \/>\n<script type=\"application\/ld+json\" class=\"yoast-schema-graph\">{\"@context\":\"https:\\\/\\\/schema.org\",\"@graph\":[{\"@type\":\"WebPage\",\"@id\":\"https:\\\/\\\/puhdasplus.ee\\\/lt\\\/apie-mus\\\/\",\"url\":\"https:\\\/\\\/puhdasplus.ee\\\/lt\\\/apie-mus\\\/\",\"name\":\"Puhdas+ apie mus | Suomijos sveikatos produktai\",\"isPartOf\":{\"@id\":\"https:\\\/\\\/puhdasplus.ee\\\/lt\\\/#website\"},\"primaryImageOfPage\":{\"@id\":\"https:\\\/\\\/puhdasplus.ee\\\/lt\\\/apie-mus\\\/#primaryimage\"},\"image\":{\"@id\":\"https:\\\/\\\/puhdasplus.ee\\\/lt\\\/apie-mus\\\/#primaryimage\"},\"thumbnailUrl\":\"https:\\\/\\\/puhdasplus.ee\\\/wp-content\\\/uploads\\\/2026\\\/03\\\/about-brand-1.png\",\"datePublished\":\"2026-03-18T10:35:54+00:00\",\"dateModified\":\"2026-04-07T08:03:27+00:00\",\"description\":\"Susipa\u017einkite su Puhdas+ \u012fmone - Suomijos sveikatos preki\u0173 pardav\u0117ju, si\u016blan\u010diu kokybi\u0161kus produktus be nereikaling\u0173 pried\u0173 j\u016bs\u0173 gerovei.\",\"breadcrumb\":{\"@id\":\"https:\\\/\\\/puhdasplus.ee\\\/lt\\\/apie-mus\\\/#breadcrumb\"},\"inLanguage\":\"lt-LT\",\"potentialAction\":[{\"@type\":\"ReadAction\",\"target\":[\"https:\\\/\\\/puhdasplus.ee\\\/lt\\\/apie-mus\\\/\"]}]},{\"@type\":\"ImageObject\",\"inLanguage\":\"lt-LT\",\"@id\":\"https:\\\/\\\/puhdasplus.ee\\\/lt\\\/apie-mus\\\/#primaryimage\",\"url\":\"https:\\\/\\\/puhdasplus.ee\\\/wp-content\\\/uploads\\\/2026\\\/03\\\/about-brand-1.png\",\"contentUrl\":\"https:\\\/\\\/puhdasplus.ee\\\/wp-content\\\/uploads\\\/2026\\\/03\\\/about-brand-1.png\"},{\"@type\":\"BreadcrumbList\",\"@id\":\"https:\\\/\\\/puhdasplus.ee\\\/lt\\\/apie-mus\\\/#breadcrumb\",\"itemListElement\":[{\"@type\":\"ListItem\",\"position\":1,\"name\":\"Prad\u017eia\",\"item\":\"https:\\\/\\\/puhdasplus.ee\\\/lt\\\/\"},{\"@type\":\"ListItem\",\"position\":2,\"name\":\"Apie mus\"}]},{\"@type\":\"WebSite\",\"@id\":\"https:\\\/\\\/puhdasplus.ee\\\/lt\\\/#website\",\"url\":\"https:\\\/\\\/puhdasplus.ee\\\/lt\\\/\",\"name\":\"Puhdas+\",\"description\":\"Vitaminai, maisto papildai, nat\u016brali kosmetika, sveikata, sportas\",\"publisher\":{\"@id\":\"https:\\\/\\\/puhdasplus.ee\\\/lt\\\/#organization\"},\"potentialAction\":[{\"@type\":\"SearchAction\",\"target\":{\"@type\":\"EntryPoint\",\"urlTemplate\":\"https:\\\/\\\/puhdasplus.ee\\\/lt\\\/?s={search_term_string}\"},\"query-input\":{\"@type\":\"PropertyValueSpecification\",\"valueRequired\":true,\"valueName\":\"search_term_string\"}}],\"inLanguage\":\"lt-LT\"},{\"@type\":\"Organization\",\"@id\":\"https:\\\/\\\/puhdasplus.ee\\\/lt\\\/#organization\",\"name\":\"Puhdas+\",\"alternateName\":\"Puhdasplus\",\"url\":\"https:\\\/\\\/puhdasplus.ee\\\/lt\\\/\",\"logo\":{\"@type\":\"ImageObject\",\"inLanguage\":\"lt-LT\",\"@id\":\"https:\\\/\\\/puhdasplus.ee\\\/lt\\\/#\\\/schema\\\/logo\\\/image\\\/\",\"url\":\"https:\\\/\\\/puhdasplus.ee\\\/wp-content\\\/uploads\\\/2019\\\/10\\\/puhdas_logo-arvele.png\",\"contentUrl\":\"https:\\\/\\\/puhdasplus.ee\\\/wp-content\\\/uploads\\\/2019\\\/10\\\/puhdas_logo-arvele.png\",\"width\":114,\"height\":94,\"caption\":\"Puhdas+\"},\"image\":{\"@id\":\"https:\\\/\\\/puhdasplus.ee\\\/lt\\\/#\\\/schema\\\/logo\\\/image\\\/\"},\"sameAs\":[\"https:\\\/\\\/www.facebook.com\\\/puhdasplus\",\"https:\\\/\\\/www.instagram.com\\\/puhdasplus_ee\\\/\"]}]}<\/script>\n<!-- \/ Yoast SEO plugin. -->","yoast_head_json":{"title":"Puhdas+ apie mus | Suomijos sveikatos produktai","description":"Susipa\u017einkite su Puhdas+ \u012fmone - Suomijos sveikatos preki\u0173 pardav\u0117ju, si\u016blan\u010diu kokybi\u0161kus produktus be nereikaling\u0173 pried\u0173 j\u016bs\u0173 gerovei.","robots":{"index":"index","follow":"follow","max-snippet":"max-snippet:-1","max-image-preview":"max-image-preview:large","max-video-preview":"max-video-preview:-1"},"canonical":"https:\/\/puhdasplus.ee\/lt\/apie-mus\/","og_locale":"lt_LT","og_type":"article","og_title":"Puhdas+ apie mus | Suomijos sveikatos produktai","og_description":"Susipa\u017einkite su Puhdas+ \u012fmone - Suomijos sveikatos preki\u0173 pardav\u0117ju, si\u016blan\u010diu kokybi\u0161kus produktus be nereikaling\u0173 pried\u0173 j\u016bs\u0173 gerovei.","og_url":"https:\/\/puhdasplus.ee\/lt\/apie-mus\/","og_site_name":"Puhdas+","article_publisher":"https:\/\/www.facebook.com\/puhdasplus","article_modified_time":"2026-04-07T08:03:27+00:00","og_image":[{"url":"https:\/\/puhdasplus.ee\/wp-content\/uploads\/2026\/03\/about-brand-1.png","type":"","width":"","height":""}],"twitter_card":"summary_large_image","twitter_misc":{"Est. reading time":"2 minut\u0117"},"schema":{"@context":"https:\/\/schema.org","@graph":[{"@type":"WebPage","@id":"https:\/\/puhdasplus.ee\/lt\/apie-mus\/","url":"https:\/\/puhdasplus.ee\/lt\/apie-mus\/","name":"Puhdas+ apie mus | Suomijos sveikatos produktai","isPartOf":{"@id":"https:\/\/puhdasplus.ee\/lt\/#website"},"primaryImageOfPage":{"@id":"https:\/\/puhdasplus.ee\/lt\/apie-mus\/#primaryimage"},"image":{"@id":"https:\/\/puhdasplus.ee\/lt\/apie-mus\/#primaryimage"},"thumbnailUrl":"https:\/\/puhdasplus.ee\/wp-content\/uploads\/2026\/03\/about-brand-1.png","datePublished":"2026-03-18T10:35:54+00:00","dateModified":"2026-04-07T08:03:27+00:00","description":"Susipa\u017einkite su Puhdas+ \u012fmone - Suomijos sveikatos preki\u0173 pardav\u0117ju, si\u016blan\u010diu kokybi\u0161kus produktus be nereikaling\u0173 pried\u0173 j\u016bs\u0173 gerovei.","breadcrumb":{"@id":"https:\/\/puhdasplus.ee\/lt\/apie-mus\/#breadcrumb"},"inLanguage":"lt-LT","potentialAction":[{"@type":"ReadAction","target":["https:\/\/puhdasplus.ee\/lt\/apie-mus\/"]}]},{"@type":"ImageObject","inLanguage":"lt-LT","@id":"https:\/\/puhdasplus.ee\/lt\/apie-mus\/#primaryimage","url":"https:\/\/puhdasplus.ee\/wp-content\/uploads\/2026\/03\/about-brand-1.png","contentUrl":"https:\/\/puhdasplus.ee\/wp-content\/uploads\/2026\/03\/about-brand-1.png"},{"@type":"BreadcrumbList","@id":"https:\/\/puhdasplus.ee\/lt\/apie-mus\/#breadcrumb","itemListElement":[{"@type":"ListItem","position":1,"name":"Prad\u017eia","item":"https:\/\/puhdasplus.ee\/lt\/"},{"@type":"ListItem","position":2,"name":"Apie mus"}]},{"@type":"WebSite","@id":"https:\/\/puhdasplus.ee\/lt\/#website","url":"https:\/\/puhdasplus.ee\/lt\/","name":"Puhdas+","description":"Vitaminai, maisto papildai, nat\u016brali kosmetika, sveikata, sportas","publisher":{"@id":"https:\/\/puhdasplus.ee\/lt\/#organization"},"potentialAction":[{"@type":"SearchAction","target":{"@type":"EntryPoint","urlTemplate":"https:\/\/puhdasplus.ee\/lt\/?s={search_term_string}"},"query-input":{"@type":"PropertyValueSpecification","valueRequired":true,"valueName":"search_term_string"}}],"inLanguage":"lt-LT"},{"@type":"Organization","@id":"https:\/\/puhdasplus.ee\/lt\/#organization","name":"Puhdas+","alternateName":"Puhdasplus","url":"https:\/\/puhdasplus.ee\/lt\/","logo":{"@type":"ImageObject","inLanguage":"lt-LT","@id":"https:\/\/puhdasplus.ee\/lt\/#\/schema\/logo\/image\/","url":"https:\/\/puhdasplus.ee\/wp-content\/uploads\/2019\/10\/puhdas_logo-arvele.png","contentUrl":"https:\/\/puhdasplus.ee\/wp-content\/uploads\/2019\/10\/puhdas_logo-arvele.png","width":114,"height":94,"caption":"Puhdas+"},"image":{"@id":"https:\/\/puhdasplus.ee\/lt\/#\/schema\/logo\/image\/"},"sameAs":["https:\/\/www.facebook.com\/puhdasplus","https:\/\/www.instagram.com\/puhdasplus_ee\/"]}]}},"_yoast_wpseo_title":"Puhdas+ apie mus | Suomijos sveikatos produktai","_yoast_wpseo_metadesc":"Susipa\u017einkite su Puhdas+ \u012fmone - Suomijos sveikatos preki\u0173 pardav\u0117ju, si\u016blan\u010diu kokybi\u0161kus produktus be nereikaling\u0173 pried\u0173 j\u016bs\u0173 gerovei.","_yoast_wpseo_focuskw":"Puhdas apie mus","_links":{"self":[{"href":"https:\/\/puhdasplus.ee\/lt\/wp-json\/wp\/v2\/pages\/358062","targetHints":{"allow":["GET"]}}],"collection":[{"href":"https:\/\/puhdasplus.ee\/lt\/wp-json\/wp\/v2\/pages"}],"about":[{"href":"https:\/\/puhdasplus.ee\/lt\/wp-json\/wp\/v2\/types\/page"}],"author":[{"embeddable":true,"href":"https:\/\/puhdasplus.ee\/lt\/wp-json\/wp\/v2\/users\/471"}],"replies":[{"embeddable":true,"href":"https:\/\/puhdasplus.ee\/lt\/wp-json\/wp\/v2\/comments?post=358062"}],"version-history":[{"count":1,"href":"https:\/\/puhdasplus.ee\/lt\/wp-json\/wp\/v2\/pages\/358062\/revisions"}],"predecessor-version":[{"id":360359,"href":"https:\/\/puhdasplus.ee\/lt\/wp-json\/wp\/v2\/pages\/358062\/revisions\/360359"}],"wp:attachment":[{"href":"https:\/\/puhdasplus.ee\/lt\/wp-json\/wp\/v2\/media?parent=358062"}],"curies":[{"name":"wp","href":"https:\/\/api.w.org\/{rel}","templated":true}]}}