{"id":31982,"date":"2025-08-14T09:02:17","date_gmt":"2025-08-14T06:02:17","guid":{"rendered":"https:\/\/puhdasplus.ee\/partneriu-programos-salygos-ir-nuostatos\/"},"modified":"2025-08-14T09:02:17","modified_gmt":"2025-08-14T06:02:17","slug":"partneriu-programos-salygos-ir-nuostatos","status":"publish","type":"page","link":"https:\/\/puhdasplus.ee\/lt\/partneriu-programos-salygos-ir-nuostatos\/","title":{"rendered":"Partneri\u0173 programos s\u0105lygos ir nuostatos"},"content":{"rendered":"<h2 data-start=\"576\" data-end=\"617\">Sveiki atvyk\u0119 \u012f m\u016bs\u0173 partneri\u0173 program\u0105!<\/h2>\n<p data-start=\"618\" data-end=\"974\">D\u017eiaugiam\u0117s, kad svarstote prisijungti prie <strong data-start=\"656\" data-end=\"672\">\u201eNordenBio O\u00dc\u201c<\/strong> partneri\u0173 programos. Tai puiki galimyb\u0117 u\u017esidirbti papildom\u0173 pajam\u0173, dalinantis auk\u0161tos kokyb\u0117s \u201ePuhdas+\u201c produktais savo kanaluose ir padedant mums pasiekti nauj\u0173 klient\u0173.<br data-start=\"833\" data-end=\"836\"> J\u016bs gaunate sutart\u0105 procent\u0105 nuo kiekvieno patvirtinto pardavimo, o mes r\u016bpinam\u0117s patikimu bendradarbiavimu ir savalaikiais i\u0161mok\u0117jimais. <\/p>\n<hr data-start=\"976\" data-end=\"979\">\n<h3 data-start=\"981\" data-end=\"998\">1. Bendrosios nuostatos<\/h3>\n<p data-start=\"999\" data-end=\"1419\">1.1. \u0160ios s\u0105lygos ir nuostatos (\u201eS\u0105lygos\u201c) reglamentuoja <strong data-start=\"1054\" data-end=\"1070\">\u201eNordenBio O\u00dc\u201c<\/strong> (\u201eBendrov\u0117\u201c) partneri\u0173 programos (\u201ePrograma\u201c) naudojim\u0105 ir dalyvavim\u0105 joje.<br data-start=\"1148\" data-end=\"1151\"> 1.2. Prisijungdami prie Programos, j\u016bs (\u201eJ\u016bs\u201c) patvirtinate, kad perskait\u0117te Taisykles ir s\u0105lygas ir sutinkate j\u0173 laikytis bei laikytis Estijos Respublikos ir Europos S\u0105jungos \u012fstatym\u0173.<br data-start=\"1308\" data-end=\"1311\"> 1.3. Bendrov\u0117 turi teis\u0119 bet kuriuo metu atnaujinti arba pakeisti S\u0105lygas, pateikdama pagr\u012fst\u0105 prane\u0161im\u0105.  <\/p>\n<hr data-start=\"1421\" data-end=\"1424\">\n<h3 data-start=\"1426\" data-end=\"1454\">2. Dalyvavimo s\u0105lygos<\/h3>\n<p data-start=\"1455\" data-end=\"1867\">2.1. Programoje gali dalyvauti tiek juridiniai asmenys, tiek Estijoje ar u\u017esienyje gyvenantys fiziniai asmenys, nebent tai draud\u017eia vietos \u012fstatymai.<br data-start=\"1605\" data-end=\"1608\"> 2.2. Dalyvauti galite b\u016bti sulauk\u0119 bent 18 met\u0173 am\u017eiaus.<br data-start=\"1656\" data-end=\"1659\"> 2.3. Bendrov\u0117 turi teis\u0119 savo nuo\u017ei\u016bra atsisakyti bendradarbiavimo arba nutraukti dalyvavim\u0105 programoje.<br data-start=\"1749\" data-end=\"1752\"> 2.4. <strong data-start=\"1757\" data-end=\"1780\">\u012emon\u0117s ir savaranki\u0161kai dirbantys asmenys<\/strong> turi gal\u0117ti i\u0161ra\u0161yti Bendrovei s\u0105skait\u0105 fakt\u016br\u0105 u\u017e paslaug\u0105 (partneryst\u0117s tarpininkavimas).  <\/p>\n<hr data-start=\"1869\" data-end=\"1872\">\n<h3 data-start=\"1874\" data-end=\"1903\">3. Mokes\u010diai ir apmokestinimas<\/h3>\n<p data-start=\"1904\" data-end=\"2183\">3.1. Partneris gauna sutart\u0105 procent\u0105 nuo kiekvieno patvirtinto ir apmok\u0117to pardavimo, kuris matomas partnerio valdymo skydelyje arba nurodytas atskiroje sutartyje.<br data-start=\"2056\" data-end=\"2059\"> 3.2. Komisinis mokestis skai\u010diuojamas <strong data-start=\"2090\" data-end=\"2105\">nuo grynojo pardavimo<\/strong> (neskaitant PVM, transportavimo ir gr\u0105\u017einimo i\u0161laid\u0173).<br data-start=\"2153\" data-end=\"2156\"> 3.3. Apmokestinimas Estijoje:  <\/p>\n<ul data-start=\"2184\" data-end=\"2891\">\n<li data-start=\"2184\" data-end=\"2304\">\n<p data-start=\"2186\" data-end=\"2304\"><strong data-start=\"2186\" data-end=\"2200\">Privat\u016bs asmenys:<\/strong> \u201eNordenBio O\u00dc\u201c i\u0161skai\u010diuoja ir sumoka pajam\u0173 mokest\u012f (20 %) ir socialin\u012f mokest\u012f (33 %) Estijos mokes\u010di\u0173 ir muitin\u0117s valdybai.<\/p>\n<\/li>\n<li data-start=\"2305\" data-end=\"2444\">\n<p data-start=\"2307\" data-end=\"2444\"><strong data-start=\"2307\" data-end=\"2340\">Savaranki\u0161kai dirbantys asmenys ir juridiniai asmenys:<\/strong> mok\u0117jimas bus atliktas pilnai; deklaruoti ir sumok\u0117ti mokes\u010dius yra j\u016bs\u0173 pareiga. <br data-start=\"2424\" data-end=\"2427\"> 3.4. PVM: <\/p>\n<\/li>\n<li data-start=\"2445\" data-end=\"2577\">\n<p data-start=\"2447\" data-end=\"2577\">Jei esate PVM mok\u0117tojas Estijoje, turite pateikti galiojant\u012f PVM mok\u0117tojo kod\u0105. PVM bus prid\u0117tas prie komisini\u0173 pagal \u012fstatymus. <\/p>\n<\/li>\n<li data-start=\"2578\" data-end=\"2891\">\n<p data-start=\"2580\" data-end=\"2891\">Jei nesate PVM mok\u0117tojas, mok\u0117jimas bus atliktas be PVM. <br data-start=\"2655\" data-end=\"2658\"> 3.5. I\u0161moka bus atlikta banko pavedimu arba kitu sutartu b\u016bdu, kai bus pasiekta minimali i\u0161mokos riba. <br data-start=\"2777\" data-end=\"2780\"> 3.6. Bendrov\u0117 turi teis\u0119 atid\u0117ti i\u0161mok\u0117jim\u0105, jei yra pagrindo \u012ftarti suk\u010diavim\u0105 ar S\u0105lyg\u0173 pa\u017eeidim\u0105.  <\/p>\n<\/li>\n<\/ul>\n<hr data-start=\"2893\" data-end=\"2896\">\n<h3 data-start=\"2898\" data-end=\"2917\">4. Turinio reikalavimai<\/h3>\n<p data-start=\"2918\" data-end=\"3378\">4.1. Visi su programa susij\u0119 skelbimai ir turinys turi atitikti <strong data-start=\"2980\" data-end=\"3002\">Estijos sveikatos tarybos<\/strong> ir <strong data-start=\"3006\" data-end=\"3020\">Maisto tarybos<\/strong> reikalavimus.<br data-start=\"3030\" data-end=\"3033\"> 4.2. Sveikatos teiginiai gali b\u016bti vartojami tik tuo atveju, jei juos patvirtino <strong data-start=\"3101\" data-end=\"3109\">EFSA<\/strong> arba jie yra \u012ftraukti \u012f <strong data-start=\"3141\" data-end=\"3168\">ES reglament\u0105 Nr. 432\/2012<\/strong> .<br data-start=\"3169\" data-end=\"3172\"> 4.3. Reklama turi b\u016bti teisinga, neklaidinanti ir atitikti <strong data-start=\"3227\" data-end=\"3248\">Reklamos \u012fstatym\u0105<\/strong> .<br data-start=\"3249\" data-end=\"3252\"> 4.4. Partneris yra visi\u0161kai atsakingas u\u017e tai, kad visas sukurtas turinys b\u016bt\u0173 teis\u0117tas ir atitikt\u0173 \u0161alies, kurioje jis skelbiamas, reikalavimus.   <\/p>\n<hr data-start=\"3380\" data-end=\"3383\">\n<h3 data-start=\"3385\" data-end=\"3420\">5. Reputacija ir draud\u017eiama veikla<\/h3>\n<p data-start=\"3421\" data-end=\"3472\">5.1. Partneris negali kurti ar bendrinti turinio, kuris:<\/p>\n<ul data-start=\"3473\" data-end=\"3792\">\n<li data-start=\"3473\" data-end=\"3554\">\n<p data-start=\"3475\" data-end=\"3554\">kenkia arba gali pakenkti <strong data-start=\"3505\" data-end=\"3521\">\u201eNordenBio O\u00dc\u201c<\/strong> arba <strong data-start=\"3526\" data-end=\"3537\">\u201ePuhdas+\u201c<\/strong> prek\u0117s \u017eenklo reputacijai;<\/p>\n<\/li>\n<li data-start=\"3555\" data-end=\"3624\">\n<p data-start=\"3557\" data-end=\"3624\">yra \u012f\u017eeid\u017eian\u010dios, diskriminacin\u0117s ar neteis\u0117tos med\u017eiagos;<\/p>\n<\/li>\n<li data-start=\"3625\" data-end=\"3792\">\n<p data-start=\"3627\" data-end=\"3792\">pateikia produktus, kainas ar pasi\u016blymus klaidinan\u010diai. <br data-start=\"3679\" data-end=\"3682\"> 5.2. Bendrov\u0117 turi teis\u0119 nedelsdama nutraukti bendradarbiavim\u0105, jei turinys kenkia bendrov\u0117s reputacijai ar prek\u0117s \u017eenklui. <\/p>\n<\/li>\n<\/ul>\n<hr data-start=\"3794\" data-end=\"3797\">\n<h3>6. Atsakomyb\u0117 ir atsakomyb\u0117s apribojimas<\/h3>\n<p data-start=\"3839\" data-end=\"4088\">6.1. Bendrov\u0117 neatsako u\u017e filial\u0173 sukurt\u0105 turin\u012f.<br data-start=\"3893\" data-end=\"3896\"> 6.2. Partneris yra visi\u0161kai atsakingas u\u017e savo turinio tikslum\u0105, teis\u0117tum\u0105 ir atitikt\u012f reikalavimams.<br data-start=\"3986\" data-end=\"3989\"> 6.3. Bendrov\u0117 neatsako u\u017e joki\u0105 \u017eal\u0105, nuostolius ar pretenzijas, kylan\u010dias d\u0117l filialo veiklos.  <\/p>\n<hr data-start=\"4090\" data-end=\"4093\">\n<h3 data-start=\"4095\" data-end=\"4127\">7. Nutraukimas ir pa\u017eeidimai<\/h3>\n<p data-start=\"4128\" data-end=\"4404\">7.1. Abi \u0161alys turi teis\u0119 bet kada nutraukti bendradarbiavim\u0105, pateikdamos ra\u0161ti\u0161k\u0105 prane\u0161im\u0105.<br data-start=\"4214\" data-end=\"4217\"> 7.2. Nutraukus sutart\u012f, u\u017edirbti komisiniai bus i\u0161mok\u0117ti per kit\u0105 i\u0161mok\u0117jimo cikl\u0105, jei nebuvo pa\u017eeistos S\u0105lygos.<br data-start=\"4346\" data-end=\"4349\"> 7.3. Pa\u017eeidus Taisykles ir s\u0105lygas, Bendrov\u0117 turi teis\u0119:  <\/p>\n<ul data-start=\"4405\" data-end=\"4585\">\n<li data-start=\"4405\" data-end=\"4471\">\n<p data-start=\"4407\" data-end=\"4471\">reikalauti i\u0161 filialo kompensacijos u\u017e \u017eal\u0105, atsiradusi\u0105 d\u0117l pa\u017eeidimo;<\/p>\n<\/li>\n<li data-start=\"4472\" data-end=\"4519\">\n<p data-start=\"4474\" data-end=\"4519\">nedelsiant sustabdyti arba nutraukti bendradarbiavim\u0105;<\/p>\n<\/li>\n<li data-start=\"4520\" data-end=\"4585\">\n<p data-start=\"4522\" data-end=\"4585\">atsisakyti mok\u0117ti komisinius u\u017e pa\u017eeidimo laikotarp\u012f.<\/p>\n<\/li>\n<\/ul>\n<hr data-start=\"4587\" data-end=\"4590\">\n<h3 data-start=\"4592\" data-end=\"4616\">8. Taikoma teis\u0117<\/h3>\n<p data-start=\"4617\" data-end=\"4780\">8.1. \u0160ios s\u0105lygos taikomos ir ai\u0161kinamos pagal Estijos Respublikos \u012fstatymus.<br data-start=\"4699\" data-end=\"4702\"> 8.2. Gin\u010dai sprend\u017eiami Harju apygardos teisme, i\u0161skyrus atvejus, kai \u012fstatymai numato kitaip. <\/p>\n<hr data-start=\"4782\" data-end=\"4785\">\n<p data-start=\"4787\" data-end=\"4903\"><strong data-start=\"4787\" data-end=\"4903\">Prisijungdami prie patvirtinimo, J\u016bs patvirtinate, kad perskait\u0117te \u0161ias s\u0105lygas ir sutinkate j\u0173 laikytis.<\/strong><\/p>\n","protected":false},"excerpt":{"rendered":"<p>Sveiki atvyk\u0119 \u012f m\u016bs\u0173 partneri\u0173 program\u0105! D\u017eiaugiam\u0117s, kad svarstote prisijungti prie \u201eNordenBio O\u00dc\u201c partneri\u0173 programos. Tai puiki galimyb\u0117 u\u017esidirbti papildom\u0173 pajam\u0173, dalinantis auk\u0161tos kokyb\u0117s \u201ePuhdas+\u201c produktais savo kanaluose ir padedant mums pasiekti nauj\u0173 klient\u0173. J\u016bs gaunate sutart\u0105 procent\u0105 nuo kiekvieno patvirtinto pardavimo, o mes r\u016bpinam\u0117s patikimu bendradarbiavimu ir savalaikiais i\u0161mok\u0117jimais. 1. Bendrosios nuostatos 1.1. \u0160ios [&hellip;]<\/p>\n","protected":false},"author":471,"featured_media":0,"parent":0,"menu_order":0,"comment_status":"closed","ping_status":"closed","template":"","meta":{"_acf_changed":false,"googlesitekit_rrm_CAow3eq7DA:productID":"","footnotes":""},"class_list":["post-31982","page","type-page","status-publish","hentry"],"acf":[],"yoast_head":"<!-- This site is optimized with the Yoast SEO plugin v27.5 - https:\/\/yoast.com\/product\/yoast-seo-wordpress\/ -->\n<title>Partneri\u0173 programa | U\u017edarbis su Puhdas+<\/title>\n<meta name=\"description\" content=\"Prisijunkite prie Puhdas+ partneri\u0173 programos ir u\u017edirbkite komisines reklamuodami kokyb\u0117s maisto papildus savo kanaluose.\" \/>\n<meta name=\"robots\" content=\"index, follow, max-snippet:-1, max-image-preview:large, max-video-preview:-1\" \/>\n<link rel=\"canonical\" href=\"https:\/\/puhdasplus.ee\/lt\/partneriu-programos-salygos-ir-nuostatos\/\" \/>\n<meta property=\"og:locale\" content=\"lt_LT\" \/>\n<meta property=\"og:type\" content=\"article\" \/>\n<meta property=\"og:title\" content=\"Partneri\u0173 programa | U\u017edarbis su Puhdas+\" \/>\n<meta property=\"og:description\" content=\"Prisijunkite prie Puhdas+ partneri\u0173 programos ir u\u017edirbkite komisines reklamuodami kokyb\u0117s maisto papildus savo kanaluose.\" \/>\n<meta property=\"og:url\" content=\"https:\/\/puhdasplus.ee\/lt\/partneriu-programos-salygos-ir-nuostatos\/\" \/>\n<meta property=\"og:site_name\" content=\"Puhdas+\" \/>\n<meta property=\"article:publisher\" content=\"https:\/\/www.facebook.com\/puhdasplus\" \/>\n<meta property=\"og:image\" content=\"https:\/\/puhdasplus.ee\/wp-content\/uploads\/2025\/08\/Untitled-design-6.png\" \/>\n\t<meta property=\"og:image:width\" content=\"1913\" \/>\n\t<meta property=\"og:image:height\" content=\"875\" \/>\n\t<meta property=\"og:image:type\" content=\"image\/png\" \/>\n<meta name=\"twitter:card\" content=\"summary_large_image\" \/>\n<meta name=\"twitter:label1\" content=\"Est. reading time\" \/>\n\t<meta name=\"twitter:data1\" content=\"3 minut\u0117\" \/>\n<script type=\"application\/ld+json\" class=\"yoast-schema-graph\">{\"@context\":\"https:\\\/\\\/schema.org\",\"@graph\":[{\"@type\":\"WebPage\",\"@id\":\"https:\\\/\\\/puhdasplus.ee\\\/lt\\\/partneriu-programos-salygos-ir-nuostatos\\\/\",\"url\":\"https:\\\/\\\/puhdasplus.ee\\\/lt\\\/partneriu-programos-salygos-ir-nuostatos\\\/\",\"name\":\"Partneri\u0173 programa | U\u017edarbis su Puhdas+\",\"isPartOf\":{\"@id\":\"https:\\\/\\\/puhdasplus.ee\\\/lt\\\/#website\"},\"datePublished\":\"2025-08-14T06:02:17+00:00\",\"description\":\"Prisijunkite prie Puhdas+ partneri\u0173 programos ir u\u017edirbkite komisines reklamuodami kokyb\u0117s maisto papildus savo kanaluose.\",\"breadcrumb\":{\"@id\":\"https:\\\/\\\/puhdasplus.ee\\\/lt\\\/partneriu-programos-salygos-ir-nuostatos\\\/#breadcrumb\"},\"inLanguage\":\"lt-LT\",\"potentialAction\":[{\"@type\":\"ReadAction\",\"target\":[\"https:\\\/\\\/puhdasplus.ee\\\/lt\\\/partneriu-programos-salygos-ir-nuostatos\\\/\"]}]},{\"@type\":\"BreadcrumbList\",\"@id\":\"https:\\\/\\\/puhdasplus.ee\\\/lt\\\/partneriu-programos-salygos-ir-nuostatos\\\/#breadcrumb\",\"itemListElement\":[{\"@type\":\"ListItem\",\"position\":1,\"name\":\"Prad\u017eia\",\"item\":\"https:\\\/\\\/puhdasplus.ee\\\/lt\\\/\"},{\"@type\":\"ListItem\",\"position\":2,\"name\":\"Partneri\u0173 programos s\u0105lygos ir nuostatos\"}]},{\"@type\":\"WebSite\",\"@id\":\"https:\\\/\\\/puhdasplus.ee\\\/lt\\\/#website\",\"url\":\"https:\\\/\\\/puhdasplus.ee\\\/lt\\\/\",\"name\":\"Puhdas+\",\"description\":\"Vitaminai, maisto papildai, nat\u016brali kosmetika, sveikata, sportas\",\"publisher\":{\"@id\":\"https:\\\/\\\/puhdasplus.ee\\\/lt\\\/#organization\"},\"potentialAction\":[{\"@type\":\"SearchAction\",\"target\":{\"@type\":\"EntryPoint\",\"urlTemplate\":\"https:\\\/\\\/puhdasplus.ee\\\/lt\\\/?s={search_term_string}\"},\"query-input\":{\"@type\":\"PropertyValueSpecification\",\"valueRequired\":true,\"valueName\":\"search_term_string\"}}],\"inLanguage\":\"lt-LT\"},{\"@type\":\"Organization\",\"@id\":\"https:\\\/\\\/puhdasplus.ee\\\/lt\\\/#organization\",\"name\":\"Puhdas+\",\"alternateName\":\"Puhdasplus\",\"url\":\"https:\\\/\\\/puhdasplus.ee\\\/lt\\\/\",\"logo\":{\"@type\":\"ImageObject\",\"inLanguage\":\"lt-LT\",\"@id\":\"https:\\\/\\\/puhdasplus.ee\\\/lt\\\/#\\\/schema\\\/logo\\\/image\\\/\",\"url\":\"https:\\\/\\\/puhdasplus.ee\\\/wp-content\\\/uploads\\\/2019\\\/10\\\/puhdas_logo-arvele.png\",\"contentUrl\":\"https:\\\/\\\/puhdasplus.ee\\\/wp-content\\\/uploads\\\/2019\\\/10\\\/puhdas_logo-arvele.png\",\"width\":114,\"height\":94,\"caption\":\"Puhdas+\"},\"image\":{\"@id\":\"https:\\\/\\\/puhdasplus.ee\\\/lt\\\/#\\\/schema\\\/logo\\\/image\\\/\"},\"sameAs\":[\"https:\\\/\\\/www.facebook.com\\\/puhdasplus\",\"https:\\\/\\\/www.instagram.com\\\/puhdasplus_ee\\\/\"]}]}<\/script>\n<!-- \/ Yoast SEO plugin. -->","yoast_head_json":{"title":"Partneri\u0173 programa | U\u017edarbis su Puhdas+","description":"Prisijunkite prie Puhdas+ partneri\u0173 programos ir u\u017edirbkite komisines reklamuodami kokyb\u0117s maisto papildus savo kanaluose.","robots":{"index":"index","follow":"follow","max-snippet":"max-snippet:-1","max-image-preview":"max-image-preview:large","max-video-preview":"max-video-preview:-1"},"canonical":"https:\/\/puhdasplus.ee\/lt\/partneriu-programos-salygos-ir-nuostatos\/","og_locale":"lt_LT","og_type":"article","og_title":"Partneri\u0173 programa | U\u017edarbis su Puhdas+","og_description":"Prisijunkite prie Puhdas+ partneri\u0173 programos ir u\u017edirbkite komisines reklamuodami kokyb\u0117s maisto papildus savo kanaluose.","og_url":"https:\/\/puhdasplus.ee\/lt\/partneriu-programos-salygos-ir-nuostatos\/","og_site_name":"Puhdas+","article_publisher":"https:\/\/www.facebook.com\/puhdasplus","og_image":[{"width":1913,"height":875,"url":"https:\/\/puhdasplus.ee\/wp-content\/uploads\/2025\/08\/Untitled-design-6.png","type":"image\/png"}],"twitter_card":"summary_large_image","twitter_misc":{"Est. reading time":"3 minut\u0117"},"schema":{"@context":"https:\/\/schema.org","@graph":[{"@type":"WebPage","@id":"https:\/\/puhdasplus.ee\/lt\/partneriu-programos-salygos-ir-nuostatos\/","url":"https:\/\/puhdasplus.ee\/lt\/partneriu-programos-salygos-ir-nuostatos\/","name":"Partneri\u0173 programa | U\u017edarbis su Puhdas+","isPartOf":{"@id":"https:\/\/puhdasplus.ee\/lt\/#website"},"datePublished":"2025-08-14T06:02:17+00:00","description":"Prisijunkite prie Puhdas+ partneri\u0173 programos ir u\u017edirbkite komisines reklamuodami kokyb\u0117s maisto papildus savo kanaluose.","breadcrumb":{"@id":"https:\/\/puhdasplus.ee\/lt\/partneriu-programos-salygos-ir-nuostatos\/#breadcrumb"},"inLanguage":"lt-LT","potentialAction":[{"@type":"ReadAction","target":["https:\/\/puhdasplus.ee\/lt\/partneriu-programos-salygos-ir-nuostatos\/"]}]},{"@type":"BreadcrumbList","@id":"https:\/\/puhdasplus.ee\/lt\/partneriu-programos-salygos-ir-nuostatos\/#breadcrumb","itemListElement":[{"@type":"ListItem","position":1,"name":"Prad\u017eia","item":"https:\/\/puhdasplus.ee\/lt\/"},{"@type":"ListItem","position":2,"name":"Partneri\u0173 programos s\u0105lygos ir nuostatos"}]},{"@type":"WebSite","@id":"https:\/\/puhdasplus.ee\/lt\/#website","url":"https:\/\/puhdasplus.ee\/lt\/","name":"Puhdas+","description":"Vitaminai, maisto papildai, nat\u016brali kosmetika, sveikata, sportas","publisher":{"@id":"https:\/\/puhdasplus.ee\/lt\/#organization"},"potentialAction":[{"@type":"SearchAction","target":{"@type":"EntryPoint","urlTemplate":"https:\/\/puhdasplus.ee\/lt\/?s={search_term_string}"},"query-input":{"@type":"PropertyValueSpecification","valueRequired":true,"valueName":"search_term_string"}}],"inLanguage":"lt-LT"},{"@type":"Organization","@id":"https:\/\/puhdasplus.ee\/lt\/#organization","name":"Puhdas+","alternateName":"Puhdasplus","url":"https:\/\/puhdasplus.ee\/lt\/","logo":{"@type":"ImageObject","inLanguage":"lt-LT","@id":"https:\/\/puhdasplus.ee\/lt\/#\/schema\/logo\/image\/","url":"https:\/\/puhdasplus.ee\/wp-content\/uploads\/2019\/10\/puhdas_logo-arvele.png","contentUrl":"https:\/\/puhdasplus.ee\/wp-content\/uploads\/2019\/10\/puhdas_logo-arvele.png","width":114,"height":94,"caption":"Puhdas+"},"image":{"@id":"https:\/\/puhdasplus.ee\/lt\/#\/schema\/logo\/image\/"},"sameAs":["https:\/\/www.facebook.com\/puhdasplus","https:\/\/www.instagram.com\/puhdasplus_ee\/"]}]}},"_yoast_wpseo_title":"Partneri\u0173 programa | U\u017edarbis su Puhdas+","_yoast_wpseo_metadesc":"Prisijunkite prie Puhdas+ partneri\u0173 programos ir u\u017edirbkite komisines reklamuodami kokyb\u0117s maisto papildus savo kanaluose.","_yoast_wpseo_focuskw":"partneri\u0173 programa","_links":{"self":[{"href":"https:\/\/puhdasplus.ee\/lt\/wp-json\/wp\/v2\/pages\/31982","targetHints":{"allow":["GET"]}}],"collection":[{"href":"https:\/\/puhdasplus.ee\/lt\/wp-json\/wp\/v2\/pages"}],"about":[{"href":"https:\/\/puhdasplus.ee\/lt\/wp-json\/wp\/v2\/types\/page"}],"author":[{"embeddable":true,"href":"https:\/\/puhdasplus.ee\/lt\/wp-json\/wp\/v2\/users\/471"}],"replies":[{"embeddable":true,"href":"https:\/\/puhdasplus.ee\/lt\/wp-json\/wp\/v2\/comments?post=31982"}],"version-history":[{"count":0,"href":"https:\/\/puhdasplus.ee\/lt\/wp-json\/wp\/v2\/pages\/31982\/revisions"}],"wp:attachment":[{"href":"https:\/\/puhdasplus.ee\/lt\/wp-json\/wp\/v2\/media?parent=31982"}],"curies":[{"name":"wp","href":"https:\/\/api.w.org\/{rel}","templated":true}]}}