{"id":360327,"date":"2026-04-07T10:36:53","date_gmt":"2026-04-07T07:36:53","guid":{"rendered":"https:\/\/puhdasplus.ee\/tooted\/maaratlemata\/vitamin-k2-500-%c2%b5g-60-capsules\/"},"modified":"2026-04-07T10:36:53","modified_gmt":"2026-04-07T07:36:53","slug":"vitamin-k2-500-%c2%b5g-60-capsules","status":"publish","type":"product","link":"https:\/\/puhdasplus.ee\/en\/products\/vitamins\/vitamin-k2\/vitamin-k2-500-%c2%b5g-60-capsules\/","title":{"rendered":"Vitamin K2 500 \u00b5g 60 capsules"},"content":{"rendered":"<h2><b>Why choose Vitamin K2?<\/b><\/h2>\n<p class=\"p1\">Vitamin K2 is an important fat-soluble vitamin that participates in several important processes in the body. The product contains well-absorbed MK-7 form, which is suitable for daily use. <span class=\"s1\">Vitamin K2 contributes to <\/span><b>the maintenance of normal bones <\/b>and <b>normal blood clotting<\/b><\/p>\n<p>&nbsp;<\/p>\n<h2><strong>Directions for use<\/strong><\/h2>\n<p>1 capsule daily. Do not exceed the recommended daily dose. Food supplement does not replace a varied and balanced diet or a healthy lifestyle. Keep out of reach of children. DOSERING: 1 kapsel dagligen.ers\u00e4tter inte en m\u00e5ngsidig och balanserad kost eller en h\u00e4lsosam livsstil.<\/p>\n<p>&nbsp;<\/p>\n<h2><strong>Ingredients<\/strong><\/h2>\n<p>Filler (rice flour), capsule (stabiliser: hydroxypropylmethylcellulose), menaquinone preparation (MK-7 &#8211; vitamin K2).<\/p>\n<p>&nbsp;<\/p>\n<h2><strong>Nutritional content per capsule <\/strong><\/h2>\n<p><strong data-start=\"50\" data-end=\"66\">Vitamin K2:<\/strong> 500 \u00b5g (<em data-start=\"75\" data-end=\"81\">667%<\/em>)   * % of daily reference intake<\/p>\n<p>&nbsp;<\/p>\n<h2><strong>Warnings<\/strong><\/h2>\n<ul>\n<li>Food supplement does not replace a varied and balanced diet or a healthy lifestyle.<\/li>\n<li>Keep out of reach of children.<\/li>\n<li>Do not exceed the recommended daily dose.<\/li>\n<\/ul>\n<p>&nbsp;<\/p>\n<h2><strong>Storage<\/strong><\/h2>\n<p class=\"p3\">Store in a dry and cool place, protected from direct sunlight.<\/p>\n<p>&nbsp;<\/p>\n<h2 class=\"p1\"><b>Net weight<\/b><\/h2>\n<p class=\"p1\">17 g (60 capsules)<\/p>\n","protected":false},"excerpt":{"rendered":"<p class=\"p1\">Food supplement with vitamin K2, which contributes to <strong>t<\/strong><b>he maintenance of normal bones<\/b> and <b>normal blood clotting.<\/b><b><\/b><\/p>\n<p class=\"p2\">Looking for a strong and well-absorbed vitamin K2? This product contains <span class=\"s1\"><b>500 \u00b5g vitamin K2 (in MK-7 form)<\/b><\/span> in one capsule. Convenient capsule form allows simple and consistent daily use.<\/p>\n","protected":false},"featured_media":359892,"comment_status":"open","ping_status":"closed","template":"","meta":{"_acf_changed":false,"googlesitekit_rrm_CAow3eq7DA:productID":""},"product_brand":[],"product_cat":[2058,5122,3241],"product_tag":[8372,2084,8220,2125,8364,2067,1978],"class_list":{"0":"post-360327","1":"product","2":"type-product","3":"status-publish","4":"has-post-thumbnail","6":"product_cat-joints-muscles-and-bones","7":"product_cat-vitamin-k2","8":"product_cat-vitamins","9":"product_tag-finnish-quality","10":"product_tag-food-supplement","11":"product_tag-gluten-free","12":"product_tag-heart-health","13":"product_tag-minerals","14":"product_tag-muscles-and-joints","15":"product_tag-vegan-en","17":"first","18":"onbackorder","19":"taxable","20":"shipping-taxable","21":"purchasable","22":"product-type-simple"},"acf":[],"yoast_head":"<!-- This site is optimized with the Yoast SEO plugin v27.3 - https:\/\/yoast.com\/product\/yoast-seo-wordpress\/ -->\n<title>Vitamin K2 500 \u00b5g 60 capsules | Puhdas+<\/title>\n<meta name=\"description\" content=\"Puhdas+ Vitamin K2 (MK-7) 500 \u00b5g \u2013 quality food supplement for supporting bone and vascular health. Well-absorbed form, 1 capsule daily.\" \/>\n<meta name=\"robots\" content=\"index, follow, max-snippet:-1, max-image-preview:large, max-video-preview:-1\" \/>\n<link rel=\"canonical\" href=\"https:\/\/puhdasplus.ee\/en\/products\/vitamins\/vitamin-k2\/vitamin-k2-500-%c2%b5g-60-capsules\/\" \/>\n<meta property=\"og:locale\" content=\"en_US\" \/>\n<meta property=\"og:type\" content=\"article\" \/>\n<meta property=\"og:title\" content=\"Vitamin K2 500 \u00b5g 60 capsules | Puhdas+\" \/>\n<meta property=\"og:description\" content=\"Puhdas+ Vitamin K2 (MK-7) 500 \u00b5g \u2013 quality food supplement for supporting bone and vascular health. Well-absorbed form, 1 capsule daily.\" \/>\n<meta property=\"og:url\" content=\"https:\/\/puhdasplus.ee\/en\/products\/vitamins\/vitamin-k2\/vitamin-k2-500-%c2%b5g-60-capsules\/\" \/>\n<meta property=\"og:site_name\" content=\"Puhdas+\" \/>\n<meta property=\"article:publisher\" content=\"https:\/\/www.facebook.com\/puhdasplus\" \/>\n<meta property=\"og:image\" content=\"https:\/\/puhdasplus.ee\/wp-content\/uploads\/2026\/03\/359812_359811.png\" \/>\n\t<meta property=\"og:image:width\" content=\"582\" \/>\n\t<meta property=\"og:image:height\" content=\"800\" \/>\n\t<meta property=\"og:image:type\" content=\"image\/png\" \/>\n<meta name=\"twitter:card\" content=\"summary_large_image\" \/>\n<meta name=\"twitter:label1\" content=\"Est. reading time\" \/>\n\t<meta name=\"twitter:data1\" content=\"1 minute\" \/>\n<script type=\"application\/ld+json\" class=\"yoast-schema-graph\">{\"@context\":\"https:\\\/\\\/schema.org\",\"@graph\":[{\"@type\":\"WebPage\",\"@id\":\"https:\\\/\\\/puhdasplus.ee\\\/en\\\/products\\\/vitamins\\\/vitamin-k2\\\/vitamin-k2-500-%c2%b5g-60-capsules\\\/\",\"url\":\"https:\\\/\\\/puhdasplus.ee\\\/en\\\/products\\\/vitamins\\\/vitamin-k2\\\/vitamin-k2-500-%c2%b5g-60-capsules\\\/\",\"name\":\"Vitamin K2 500 \u00b5g 60 capsules | Puhdas+\",\"isPartOf\":{\"@id\":\"https:\\\/\\\/puhdasplus.ee\\\/en\\\/#website\"},\"primaryImageOfPage\":{\"@id\":\"https:\\\/\\\/puhdasplus.ee\\\/en\\\/products\\\/vitamins\\\/vitamin-k2\\\/vitamin-k2-500-%c2%b5g-60-capsules\\\/#primaryimage\"},\"image\":{\"@id\":\"https:\\\/\\\/puhdasplus.ee\\\/en\\\/products\\\/vitamins\\\/vitamin-k2\\\/vitamin-k2-500-%c2%b5g-60-capsules\\\/#primaryimage\"},\"thumbnailUrl\":\"https:\\\/\\\/puhdasplus.ee\\\/wp-content\\\/uploads\\\/2026\\\/03\\\/359812_359811.png\",\"datePublished\":\"2026-04-07T07:36:53+00:00\",\"description\":\"Puhdas+ Vitamin K2 (MK-7) 500 \u00b5g \u2013 quality food supplement for supporting bone and vascular health. Well-absorbed form, 1 capsule daily.\",\"breadcrumb\":{\"@id\":\"https:\\\/\\\/puhdasplus.ee\\\/en\\\/products\\\/vitamins\\\/vitamin-k2\\\/vitamin-k2-500-%c2%b5g-60-capsules\\\/#breadcrumb\"},\"inLanguage\":\"en-US\",\"potentialAction\":[{\"@type\":\"ReadAction\",\"target\":[\"https:\\\/\\\/puhdasplus.ee\\\/en\\\/products\\\/vitamins\\\/vitamin-k2\\\/vitamin-k2-500-%c2%b5g-60-capsules\\\/\"]}]},{\"@type\":\"ImageObject\",\"inLanguage\":\"en-US\",\"@id\":\"https:\\\/\\\/puhdasplus.ee\\\/en\\\/products\\\/vitamins\\\/vitamin-k2\\\/vitamin-k2-500-%c2%b5g-60-capsules\\\/#primaryimage\",\"url\":\"https:\\\/\\\/puhdasplus.ee\\\/wp-content\\\/uploads\\\/2026\\\/03\\\/359812_359811.png\",\"contentUrl\":\"https:\\\/\\\/puhdasplus.ee\\\/wp-content\\\/uploads\\\/2026\\\/03\\\/359812_359811.png\",\"width\":582,\"height\":800,\"caption\":\"K2-vitamiin 500 \u00b5g 60 kapslit | Puhdas+\"},{\"@type\":\"BreadcrumbList\",\"@id\":\"https:\\\/\\\/puhdasplus.ee\\\/en\\\/products\\\/vitamins\\\/vitamin-k2\\\/vitamin-k2-500-%c2%b5g-60-capsules\\\/#breadcrumb\",\"itemListElement\":[{\"@type\":\"ListItem\",\"position\":1,\"name\":\"Home\",\"item\":\"https:\\\/\\\/puhdasplus.ee\\\/en\\\/\"},{\"@type\":\"ListItem\",\"position\":2,\"name\":\"Products\",\"item\":\"https:\\\/\\\/puhdasplus.ee\\\/en\\\/shop\\\/\"},{\"@type\":\"ListItem\",\"position\":3,\"name\":\"Vitamin K2 500 \u00b5g 60 capsules\"}]},{\"@type\":\"WebSite\",\"@id\":\"https:\\\/\\\/puhdasplus.ee\\\/en\\\/#website\",\"url\":\"https:\\\/\\\/puhdasplus.ee\\\/en\\\/\",\"name\":\"Puhdas+\",\"description\":\"Vitamins, supplements, natural cosmetics, health, sport\",\"publisher\":{\"@id\":\"https:\\\/\\\/puhdasplus.ee\\\/en\\\/#organization\"},\"potentialAction\":[{\"@type\":\"SearchAction\",\"target\":{\"@type\":\"EntryPoint\",\"urlTemplate\":\"https:\\\/\\\/puhdasplus.ee\\\/en\\\/?s={search_term_string}\"},\"query-input\":{\"@type\":\"PropertyValueSpecification\",\"valueRequired\":true,\"valueName\":\"search_term_string\"}}],\"inLanguage\":\"en-US\"},{\"@type\":\"Organization\",\"@id\":\"https:\\\/\\\/puhdasplus.ee\\\/en\\\/#organization\",\"name\":\"Puhdas+\",\"alternateName\":\"Puhdasplus\",\"url\":\"https:\\\/\\\/puhdasplus.ee\\\/en\\\/\",\"logo\":{\"@type\":\"ImageObject\",\"inLanguage\":\"en-US\",\"@id\":\"https:\\\/\\\/puhdasplus.ee\\\/en\\\/#\\\/schema\\\/logo\\\/image\\\/\",\"url\":\"https:\\\/\\\/puhdasplus.ee\\\/wp-content\\\/uploads\\\/2019\\\/10\\\/puhdas_logo-arvele.png\",\"contentUrl\":\"https:\\\/\\\/puhdasplus.ee\\\/wp-content\\\/uploads\\\/2019\\\/10\\\/puhdas_logo-arvele.png\",\"width\":114,\"height\":94,\"caption\":\"Puhdas+\"},\"image\":{\"@id\":\"https:\\\/\\\/puhdasplus.ee\\\/en\\\/#\\\/schema\\\/logo\\\/image\\\/\"},\"sameAs\":[\"https:\\\/\\\/www.facebook.com\\\/puhdasplus\",\"https:\\\/\\\/www.instagram.com\\\/puhdasplus_ee\\\/\"]}]}<\/script>\n<!-- \/ Yoast SEO plugin. -->","yoast_head_json":{"title":"Vitamin K2 500 \u00b5g 60 capsules | Puhdas+","description":"Puhdas+ Vitamin K2 (MK-7) 500 \u00b5g \u2013 quality food supplement for supporting bone and vascular health. Well-absorbed form, 1 capsule daily.","robots":{"index":"index","follow":"follow","max-snippet":"max-snippet:-1","max-image-preview":"max-image-preview:large","max-video-preview":"max-video-preview:-1"},"canonical":"https:\/\/puhdasplus.ee\/en\/products\/vitamins\/vitamin-k2\/vitamin-k2-500-%c2%b5g-60-capsules\/","og_locale":"en_US","og_type":"article","og_title":"Vitamin K2 500 \u00b5g 60 capsules | Puhdas+","og_description":"Puhdas+ Vitamin K2 (MK-7) 500 \u00b5g \u2013 quality food supplement for supporting bone and vascular health. Well-absorbed form, 1 capsule daily.","og_url":"https:\/\/puhdasplus.ee\/en\/products\/vitamins\/vitamin-k2\/vitamin-k2-500-%c2%b5g-60-capsules\/","og_site_name":"Puhdas+","article_publisher":"https:\/\/www.facebook.com\/puhdasplus","og_image":[{"width":582,"height":800,"url":"https:\/\/puhdasplus.ee\/wp-content\/uploads\/2026\/03\/359812_359811.png","type":"image\/png"}],"twitter_card":"summary_large_image","twitter_misc":{"Est. reading time":"1 minute"},"schema":{"@context":"https:\/\/schema.org","@graph":[{"@type":"WebPage","@id":"https:\/\/puhdasplus.ee\/en\/products\/vitamins\/vitamin-k2\/vitamin-k2-500-%c2%b5g-60-capsules\/","url":"https:\/\/puhdasplus.ee\/en\/products\/vitamins\/vitamin-k2\/vitamin-k2-500-%c2%b5g-60-capsules\/","name":"Vitamin K2 500 \u00b5g 60 capsules | Puhdas+","isPartOf":{"@id":"https:\/\/puhdasplus.ee\/en\/#website"},"primaryImageOfPage":{"@id":"https:\/\/puhdasplus.ee\/en\/products\/vitamins\/vitamin-k2\/vitamin-k2-500-%c2%b5g-60-capsules\/#primaryimage"},"image":{"@id":"https:\/\/puhdasplus.ee\/en\/products\/vitamins\/vitamin-k2\/vitamin-k2-500-%c2%b5g-60-capsules\/#primaryimage"},"thumbnailUrl":"https:\/\/puhdasplus.ee\/wp-content\/uploads\/2026\/03\/359812_359811.png","datePublished":"2026-04-07T07:36:53+00:00","description":"Puhdas+ Vitamin K2 (MK-7) 500 \u00b5g \u2013 quality food supplement for supporting bone and vascular health. Well-absorbed form, 1 capsule daily.","breadcrumb":{"@id":"https:\/\/puhdasplus.ee\/en\/products\/vitamins\/vitamin-k2\/vitamin-k2-500-%c2%b5g-60-capsules\/#breadcrumb"},"inLanguage":"en-US","potentialAction":[{"@type":"ReadAction","target":["https:\/\/puhdasplus.ee\/en\/products\/vitamins\/vitamin-k2\/vitamin-k2-500-%c2%b5g-60-capsules\/"]}]},{"@type":"ImageObject","inLanguage":"en-US","@id":"https:\/\/puhdasplus.ee\/en\/products\/vitamins\/vitamin-k2\/vitamin-k2-500-%c2%b5g-60-capsules\/#primaryimage","url":"https:\/\/puhdasplus.ee\/wp-content\/uploads\/2026\/03\/359812_359811.png","contentUrl":"https:\/\/puhdasplus.ee\/wp-content\/uploads\/2026\/03\/359812_359811.png","width":582,"height":800,"caption":"K2-vitamiin 500 \u00b5g 60 kapslit | Puhdas+"},{"@type":"BreadcrumbList","@id":"https:\/\/puhdasplus.ee\/en\/products\/vitamins\/vitamin-k2\/vitamin-k2-500-%c2%b5g-60-capsules\/#breadcrumb","itemListElement":[{"@type":"ListItem","position":1,"name":"Home","item":"https:\/\/puhdasplus.ee\/en\/"},{"@type":"ListItem","position":2,"name":"Products","item":"https:\/\/puhdasplus.ee\/en\/shop\/"},{"@type":"ListItem","position":3,"name":"Vitamin K2 500 \u00b5g 60 capsules"}]},{"@type":"WebSite","@id":"https:\/\/puhdasplus.ee\/en\/#website","url":"https:\/\/puhdasplus.ee\/en\/","name":"Puhdas+","description":"Vitamins, supplements, natural cosmetics, health, sport","publisher":{"@id":"https:\/\/puhdasplus.ee\/en\/#organization"},"potentialAction":[{"@type":"SearchAction","target":{"@type":"EntryPoint","urlTemplate":"https:\/\/puhdasplus.ee\/en\/?s={search_term_string}"},"query-input":{"@type":"PropertyValueSpecification","valueRequired":true,"valueName":"search_term_string"}}],"inLanguage":"en-US"},{"@type":"Organization","@id":"https:\/\/puhdasplus.ee\/en\/#organization","name":"Puhdas+","alternateName":"Puhdasplus","url":"https:\/\/puhdasplus.ee\/en\/","logo":{"@type":"ImageObject","inLanguage":"en-US","@id":"https:\/\/puhdasplus.ee\/en\/#\/schema\/logo\/image\/","url":"https:\/\/puhdasplus.ee\/wp-content\/uploads\/2019\/10\/puhdas_logo-arvele.png","contentUrl":"https:\/\/puhdasplus.ee\/wp-content\/uploads\/2019\/10\/puhdas_logo-arvele.png","width":114,"height":94,"caption":"Puhdas+"},"image":{"@id":"https:\/\/puhdasplus.ee\/en\/#\/schema\/logo\/image\/"},"sameAs":["https:\/\/www.facebook.com\/puhdasplus","https:\/\/www.instagram.com\/puhdasplus_ee\/"]}]}},"_yoast_wpseo_title":"Vitamin K2 500 \u00b5g 60 capsules | Puhdas+","_yoast_wpseo_metadesc":"Puhdas+ Vitamin K2 (MK-7) 500 \u00b5g \u2013 quality food supplement for supporting bone and vascular health. Well-absorbed form, 1 capsule daily.","_yoast_wpseo_focuskw":"Vitamin K2 500","_links":{"self":[{"href":"https:\/\/puhdasplus.ee\/en\/wp-json\/wp\/v2\/product\/360327","targetHints":{"allow":["GET"]}}],"collection":[{"href":"https:\/\/puhdasplus.ee\/en\/wp-json\/wp\/v2\/product"}],"about":[{"href":"https:\/\/puhdasplus.ee\/en\/wp-json\/wp\/v2\/types\/product"}],"replies":[{"embeddable":true,"href":"https:\/\/puhdasplus.ee\/en\/wp-json\/wp\/v2\/comments?post=360327"}],"wp:featuredmedia":[{"embeddable":true,"href":"https:\/\/puhdasplus.ee\/en\/wp-json\/wp\/v2\/media\/359892"}],"wp:attachment":[{"href":"https:\/\/puhdasplus.ee\/en\/wp-json\/wp\/v2\/media?parent=360327"}],"wp:term":[{"taxonomy":"product_brand","embeddable":true,"href":"https:\/\/puhdasplus.ee\/en\/wp-json\/wp\/v2\/product_brand?post=360327"},{"taxonomy":"product_cat","embeddable":true,"href":"https:\/\/puhdasplus.ee\/en\/wp-json\/wp\/v2\/product_cat?post=360327"},{"taxonomy":"product_tag","embeddable":true,"href":"https:\/\/puhdasplus.ee\/en\/wp-json\/wp\/v2\/product_tag?post=360327"}],"curies":[{"name":"wp","href":"https:\/\/api.w.org\/{rel}","templated":true}]}}