{"id":359857,"date":"2026-03-30T21:53:39","date_gmt":"2026-03-30T18:53:39","guid":{"rendered":"https:\/\/puhdasplus.ee\/?post_type=product&#038;p=359857"},"modified":"2026-04-06T12:33:12","modified_gmt":"2026-04-06T09:33:12","slug":"ranigeel-silica-tonic-ingveri-ja-sidruniga-750-ml","status":"publish","type":"product","link":"https:\/\/puhdasplus.ee\/en\/tooted\/skin-hair-nails\/ranigeel-silica-tonic-ingveri-ja-sidruniga-750-ml\/","title":{"rendered":"R\u00e4nigeel Silica Tonic ingveri ja sidruniga 750 ml"},"content":{"rendered":"<p><strong>Puhdas+ Silica Tonic<\/strong> on kodumaine piihappogeeli preparaat. R\u00e4ni esineb looduses hapniku kujul seotuna taimedes, merevees ja kallioperias.<\/p>\n<p>Maitsestatud ingveri ja sidruniga mugavaks tarbimiseks. 750 ml suurpakend.<\/p>\n<ul>\n<li>Toetab naha, juuste ja k\u00fc\u00fcnte tervist<\/li>\n<li>R\u00e4ni on oluline sidekudede normaalse funktsiooni s\u00e4ilitamisel<\/li>\n<li>Meeldiv ingveri-sidruni maitse<\/li>\n<\/ul>\n<h2>Kasutamisjuhend<\/h2>\n<p>15-45 ml \u00f6\u00f6p\u00e4evas. Soovituslikku p\u00e4evaannust ei tohi \u00fcletada.<\/p>\n<h2>Koostisosad<\/h2>\n<p>Puhastatud vesi, r\u00e4nidioksiid, stabilisaator (karboks\u00fcmet\u00fc\u00fcltselluloos), s\u00e4ilitusained (kaaliumsorbaat, naatriumbensoaat), happesuse regulaator (sidrunhape), l\u00f5hna- ja maitseained (ingver, sidrun).<\/p>\n<h2>Hoiatused<\/h2>\n<p>Hoida lastele k\u00e4ttesaamatus kohas. Toidulisand ei asenda mitmekesist ja tasakaalustatud toitumist ega tervislikku eluviisi. \u00c4rge \u00fcletage soovituslikku p\u00e4evaannust.<\/p>\n","protected":false},"excerpt":{"rendered":"<p><strong>Puhdas+ R\u00e4nigeel Silica Tonic ingveri ja sidruniga 750 ml<\/strong> on maitsestatud piihappegeel, mis sisaldab r\u00e4ni. Suurpakend meeldiva ingveri-sidruni maitsega, sobib igap\u00e4evaseks kasutamiseks.<\/p>\n","protected":false},"featured_media":360006,"comment_status":"open","ping_status":"closed","template":"","meta":{"_acf_changed":false,"googlesitekit_rrm_CAow3eq7DA:productID":""},"product_brand":[],"product_cat":[466,461],"product_tag":[949,8164,847,8166],"class_list":{"0":"post-359857","1":"product","2":"type-product","3":"status-publish","4":"has-post-thumbnail","6":"product_cat-mineraalained","7":"product_cat-nahk-juuksed-kuuned","8":"product_tag-juuksehooldus","9":"product_tag-mineraalained","10":"product_tag-naha-tervis","11":"product_tag-soome-kvaliteet","13":"first","14":"onbackorder","15":"taxable","16":"shipping-taxable","17":"purchasable","18":"product-type-simple"},"acf":[],"yoast_head":"<!-- This site is optimized with the Yoast SEO plugin v27.3 - https:\/\/yoast.com\/product\/yoast-seo-wordpress\/ -->\n<title>Silica Tonic ingveri ja sidruniga 750 ml | Puhdas+<\/title>\n<meta name=\"description\" content=\"Puhdas+ Silica Tonic 750 ml \u2013 piihappegeel v\u00e4rskendava ingveri ja sidruni maitsega. Sisaldab r\u00e4ni, puhas koostis ja sobib igap\u00e4evaseks kasutamiseks.\" \/>\n<meta name=\"robots\" content=\"index, follow, max-snippet:-1, max-image-preview:large, max-video-preview:-1\" \/>\n<link rel=\"canonical\" href=\"https:\/\/puhdasplus.ee\/en\/tooted\/skin-hair-nails\/ranigeel-silica-tonic-ingveri-ja-sidruniga-750-ml\/\" \/>\n<meta property=\"og:locale\" content=\"en_US\" \/>\n<meta property=\"og:type\" content=\"article\" \/>\n<meta property=\"og:title\" content=\"Silica Tonic ingveri ja sidruniga 750 ml | Puhdas+\" \/>\n<meta property=\"og:description\" content=\"Puhdas+ Silica Tonic 750 ml \u2013 piihappegeel v\u00e4rskendava ingveri ja sidruni maitsega. Sisaldab r\u00e4ni, puhas koostis ja sobib igap\u00e4evaseks kasutamiseks.\" \/>\n<meta property=\"og:url\" content=\"https:\/\/puhdasplus.ee\/en\/tooted\/skin-hair-nails\/ranigeel-silica-tonic-ingveri-ja-sidruniga-750-ml\/\" \/>\n<meta property=\"og:site_name\" content=\"Puhdas+\" \/>\n<meta property=\"article:publisher\" content=\"https:\/\/www.facebook.com\/puhdasplus\" \/>\n<meta property=\"article:modified_time\" content=\"2026-04-06T09:33:12+00:00\" \/>\n<meta property=\"og:image\" content=\"https:\/\/puhdasplus.ee\/wp-content\/uploads\/2026\/03\/tooted-ilma-taustata-3-copy.jpg\" \/>\n\t<meta property=\"og:image:width\" content=\"1280\" \/>\n\t<meta property=\"og:image:height\" content=\"1760\" \/>\n\t<meta property=\"og:image:type\" content=\"image\/jpeg\" \/>\n<meta name=\"twitter:card\" content=\"summary_large_image\" \/>\n<meta name=\"twitter:label1\" content=\"Est. reading time\" \/>\n\t<meta name=\"twitter:data1\" content=\"1 minute\" \/>\n<script type=\"application\/ld+json\" class=\"yoast-schema-graph\">{\"@context\":\"https:\\\/\\\/schema.org\",\"@graph\":[{\"@type\":\"WebPage\",\"@id\":\"https:\\\/\\\/puhdasplus.ee\\\/en\\\/tooted\\\/skin-hair-nails\\\/ranigeel-silica-tonic-ingveri-ja-sidruniga-750-ml\\\/\",\"url\":\"https:\\\/\\\/puhdasplus.ee\\\/en\\\/tooted\\\/skin-hair-nails\\\/ranigeel-silica-tonic-ingveri-ja-sidruniga-750-ml\\\/\",\"name\":\"Silica Tonic ingveri ja sidruniga 750 ml | Puhdas+\",\"isPartOf\":{\"@id\":\"https:\\\/\\\/puhdasplus.ee\\\/en\\\/#website\"},\"primaryImageOfPage\":{\"@id\":\"https:\\\/\\\/puhdasplus.ee\\\/en\\\/tooted\\\/skin-hair-nails\\\/ranigeel-silica-tonic-ingveri-ja-sidruniga-750-ml\\\/#primaryimage\"},\"image\":{\"@id\":\"https:\\\/\\\/puhdasplus.ee\\\/en\\\/tooted\\\/skin-hair-nails\\\/ranigeel-silica-tonic-ingveri-ja-sidruniga-750-ml\\\/#primaryimage\"},\"thumbnailUrl\":\"https:\\\/\\\/puhdasplus.ee\\\/wp-content\\\/uploads\\\/2026\\\/03\\\/tooted-ilma-taustata-3-copy.jpg\",\"datePublished\":\"2026-03-30T18:53:39+00:00\",\"dateModified\":\"2026-04-06T09:33:12+00:00\",\"description\":\"Puhdas+ Silica Tonic 750 ml \u2013 piihappegeel v\u00e4rskendava ingveri ja sidruni maitsega. Sisaldab r\u00e4ni, puhas koostis ja sobib igap\u00e4evaseks kasutamiseks.\",\"breadcrumb\":{\"@id\":\"https:\\\/\\\/puhdasplus.ee\\\/en\\\/tooted\\\/skin-hair-nails\\\/ranigeel-silica-tonic-ingveri-ja-sidruniga-750-ml\\\/#breadcrumb\"},\"inLanguage\":\"en-US\",\"potentialAction\":[{\"@type\":\"ReadAction\",\"target\":[\"https:\\\/\\\/puhdasplus.ee\\\/en\\\/tooted\\\/skin-hair-nails\\\/ranigeel-silica-tonic-ingveri-ja-sidruniga-750-ml\\\/\"]}]},{\"@type\":\"ImageObject\",\"inLanguage\":\"en-US\",\"@id\":\"https:\\\/\\\/puhdasplus.ee\\\/en\\\/tooted\\\/skin-hair-nails\\\/ranigeel-silica-tonic-ingveri-ja-sidruniga-750-ml\\\/#primaryimage\",\"url\":\"https:\\\/\\\/puhdasplus.ee\\\/wp-content\\\/uploads\\\/2026\\\/03\\\/tooted-ilma-taustata-3-copy.jpg\",\"contentUrl\":\"https:\\\/\\\/puhdasplus.ee\\\/wp-content\\\/uploads\\\/2026\\\/03\\\/tooted-ilma-taustata-3-copy.jpg\",\"width\":1280,\"height\":1760,\"caption\":\"R\u00e4nigeel Silica Tonic ingveri ja sidruniga 750 ml\"},{\"@type\":\"BreadcrumbList\",\"@id\":\"https:\\\/\\\/puhdasplus.ee\\\/en\\\/tooted\\\/skin-hair-nails\\\/ranigeel-silica-tonic-ingveri-ja-sidruniga-750-ml\\\/#breadcrumb\",\"itemListElement\":[{\"@type\":\"ListItem\",\"position\":1,\"name\":\"Home\",\"item\":\"https:\\\/\\\/puhdasplus.ee\\\/en\\\/\"},{\"@type\":\"ListItem\",\"position\":2,\"name\":\"Products\",\"item\":\"https:\\\/\\\/puhdasplus.ee\\\/en\\\/shop\\\/\"},{\"@type\":\"ListItem\",\"position\":3,\"name\":\"R\u00e4nigeel Silica Tonic ingveri ja sidruniga 750 ml\"}]},{\"@type\":\"WebSite\",\"@id\":\"https:\\\/\\\/puhdasplus.ee\\\/en\\\/#website\",\"url\":\"https:\\\/\\\/puhdasplus.ee\\\/en\\\/\",\"name\":\"Puhdas+\",\"description\":\"Vitamins, supplements, natural cosmetics, health, sport\",\"publisher\":{\"@id\":\"https:\\\/\\\/puhdasplus.ee\\\/en\\\/#organization\"},\"potentialAction\":[{\"@type\":\"SearchAction\",\"target\":{\"@type\":\"EntryPoint\",\"urlTemplate\":\"https:\\\/\\\/puhdasplus.ee\\\/en\\\/?s={search_term_string}\"},\"query-input\":{\"@type\":\"PropertyValueSpecification\",\"valueRequired\":true,\"valueName\":\"search_term_string\"}}],\"inLanguage\":\"en-US\"},{\"@type\":\"Organization\",\"@id\":\"https:\\\/\\\/puhdasplus.ee\\\/en\\\/#organization\",\"name\":\"Puhdas+\",\"alternateName\":\"Puhdasplus\",\"url\":\"https:\\\/\\\/puhdasplus.ee\\\/en\\\/\",\"logo\":{\"@type\":\"ImageObject\",\"inLanguage\":\"en-US\",\"@id\":\"https:\\\/\\\/puhdasplus.ee\\\/en\\\/#\\\/schema\\\/logo\\\/image\\\/\",\"url\":\"https:\\\/\\\/puhdasplus.ee\\\/wp-content\\\/uploads\\\/2019\\\/10\\\/puhdas_logo-arvele.png\",\"contentUrl\":\"https:\\\/\\\/puhdasplus.ee\\\/wp-content\\\/uploads\\\/2019\\\/10\\\/puhdas_logo-arvele.png\",\"width\":114,\"height\":94,\"caption\":\"Puhdas+\"},\"image\":{\"@id\":\"https:\\\/\\\/puhdasplus.ee\\\/en\\\/#\\\/schema\\\/logo\\\/image\\\/\"},\"sameAs\":[\"https:\\\/\\\/www.facebook.com\\\/puhdasplus\",\"https:\\\/\\\/www.instagram.com\\\/puhdasplus_ee\\\/\"]}]}<\/script>\n<!-- \/ Yoast SEO plugin. -->","yoast_head_json":{"title":"Silica Tonic ingveri ja sidruniga 750 ml | Puhdas+","description":"Puhdas+ Silica Tonic 750 ml \u2013 piihappegeel v\u00e4rskendava ingveri ja sidruni maitsega. Sisaldab r\u00e4ni, puhas koostis ja sobib igap\u00e4evaseks kasutamiseks.","robots":{"index":"index","follow":"follow","max-snippet":"max-snippet:-1","max-image-preview":"max-image-preview:large","max-video-preview":"max-video-preview:-1"},"canonical":"https:\/\/puhdasplus.ee\/en\/tooted\/skin-hair-nails\/ranigeel-silica-tonic-ingveri-ja-sidruniga-750-ml\/","og_locale":"en_US","og_type":"article","og_title":"Silica Tonic ingveri ja sidruniga 750 ml | Puhdas+","og_description":"Puhdas+ Silica Tonic 750 ml \u2013 piihappegeel v\u00e4rskendava ingveri ja sidruni maitsega. Sisaldab r\u00e4ni, puhas koostis ja sobib igap\u00e4evaseks kasutamiseks.","og_url":"https:\/\/puhdasplus.ee\/en\/tooted\/skin-hair-nails\/ranigeel-silica-tonic-ingveri-ja-sidruniga-750-ml\/","og_site_name":"Puhdas+","article_publisher":"https:\/\/www.facebook.com\/puhdasplus","article_modified_time":"2026-04-06T09:33:12+00:00","og_image":[{"width":1280,"height":1760,"url":"https:\/\/puhdasplus.ee\/wp-content\/uploads\/2026\/03\/tooted-ilma-taustata-3-copy.jpg","type":"image\/jpeg"}],"twitter_card":"summary_large_image","twitter_misc":{"Est. reading time":"1 minute"},"schema":{"@context":"https:\/\/schema.org","@graph":[{"@type":"WebPage","@id":"https:\/\/puhdasplus.ee\/en\/tooted\/skin-hair-nails\/ranigeel-silica-tonic-ingveri-ja-sidruniga-750-ml\/","url":"https:\/\/puhdasplus.ee\/en\/tooted\/skin-hair-nails\/ranigeel-silica-tonic-ingveri-ja-sidruniga-750-ml\/","name":"Silica Tonic ingveri ja sidruniga 750 ml | Puhdas+","isPartOf":{"@id":"https:\/\/puhdasplus.ee\/en\/#website"},"primaryImageOfPage":{"@id":"https:\/\/puhdasplus.ee\/en\/tooted\/skin-hair-nails\/ranigeel-silica-tonic-ingveri-ja-sidruniga-750-ml\/#primaryimage"},"image":{"@id":"https:\/\/puhdasplus.ee\/en\/tooted\/skin-hair-nails\/ranigeel-silica-tonic-ingveri-ja-sidruniga-750-ml\/#primaryimage"},"thumbnailUrl":"https:\/\/puhdasplus.ee\/wp-content\/uploads\/2026\/03\/tooted-ilma-taustata-3-copy.jpg","datePublished":"2026-03-30T18:53:39+00:00","dateModified":"2026-04-06T09:33:12+00:00","description":"Puhdas+ Silica Tonic 750 ml \u2013 piihappegeel v\u00e4rskendava ingveri ja sidruni maitsega. Sisaldab r\u00e4ni, puhas koostis ja sobib igap\u00e4evaseks kasutamiseks.","breadcrumb":{"@id":"https:\/\/puhdasplus.ee\/en\/tooted\/skin-hair-nails\/ranigeel-silica-tonic-ingveri-ja-sidruniga-750-ml\/#breadcrumb"},"inLanguage":"en-US","potentialAction":[{"@type":"ReadAction","target":["https:\/\/puhdasplus.ee\/en\/tooted\/skin-hair-nails\/ranigeel-silica-tonic-ingveri-ja-sidruniga-750-ml\/"]}]},{"@type":"ImageObject","inLanguage":"en-US","@id":"https:\/\/puhdasplus.ee\/en\/tooted\/skin-hair-nails\/ranigeel-silica-tonic-ingveri-ja-sidruniga-750-ml\/#primaryimage","url":"https:\/\/puhdasplus.ee\/wp-content\/uploads\/2026\/03\/tooted-ilma-taustata-3-copy.jpg","contentUrl":"https:\/\/puhdasplus.ee\/wp-content\/uploads\/2026\/03\/tooted-ilma-taustata-3-copy.jpg","width":1280,"height":1760,"caption":"R\u00e4nigeel Silica Tonic ingveri ja sidruniga 750 ml"},{"@type":"BreadcrumbList","@id":"https:\/\/puhdasplus.ee\/en\/tooted\/skin-hair-nails\/ranigeel-silica-tonic-ingveri-ja-sidruniga-750-ml\/#breadcrumb","itemListElement":[{"@type":"ListItem","position":1,"name":"Home","item":"https:\/\/puhdasplus.ee\/en\/"},{"@type":"ListItem","position":2,"name":"Products","item":"https:\/\/puhdasplus.ee\/en\/shop\/"},{"@type":"ListItem","position":3,"name":"R\u00e4nigeel Silica Tonic ingveri ja sidruniga 750 ml"}]},{"@type":"WebSite","@id":"https:\/\/puhdasplus.ee\/en\/#website","url":"https:\/\/puhdasplus.ee\/en\/","name":"Puhdas+","description":"Vitamins, supplements, natural cosmetics, health, sport","publisher":{"@id":"https:\/\/puhdasplus.ee\/en\/#organization"},"potentialAction":[{"@type":"SearchAction","target":{"@type":"EntryPoint","urlTemplate":"https:\/\/puhdasplus.ee\/en\/?s={search_term_string}"},"query-input":{"@type":"PropertyValueSpecification","valueRequired":true,"valueName":"search_term_string"}}],"inLanguage":"en-US"},{"@type":"Organization","@id":"https:\/\/puhdasplus.ee\/en\/#organization","name":"Puhdas+","alternateName":"Puhdasplus","url":"https:\/\/puhdasplus.ee\/en\/","logo":{"@type":"ImageObject","inLanguage":"en-US","@id":"https:\/\/puhdasplus.ee\/en\/#\/schema\/logo\/image\/","url":"https:\/\/puhdasplus.ee\/wp-content\/uploads\/2019\/10\/puhdas_logo-arvele.png","contentUrl":"https:\/\/puhdasplus.ee\/wp-content\/uploads\/2019\/10\/puhdas_logo-arvele.png","width":114,"height":94,"caption":"Puhdas+"},"image":{"@id":"https:\/\/puhdasplus.ee\/en\/#\/schema\/logo\/image\/"},"sameAs":["https:\/\/www.facebook.com\/puhdasplus","https:\/\/www.instagram.com\/puhdasplus_ee\/"]}]}},"_yoast_wpseo_title":"Silica Tonic ingveri ja sidruniga 750 ml | Puhdas+","_yoast_wpseo_metadesc":"Puhdas+ Silica Tonic 750 ml \u2013 piihappegeel v\u00e4rskendava ingveri ja sidruni maitsega. Sisaldab r\u00e4ni, puhas koostis ja sobib igap\u00e4evaseks kasutamiseks.","_yoast_wpseo_focuskw":"silica tonic r\u00e4nigeel","_links":{"self":[{"href":"https:\/\/puhdasplus.ee\/en\/wp-json\/wp\/v2\/product\/359857","targetHints":{"allow":["GET"]}}],"collection":[{"href":"https:\/\/puhdasplus.ee\/en\/wp-json\/wp\/v2\/product"}],"about":[{"href":"https:\/\/puhdasplus.ee\/en\/wp-json\/wp\/v2\/types\/product"}],"replies":[{"embeddable":true,"href":"https:\/\/puhdasplus.ee\/en\/wp-json\/wp\/v2\/comments?post=359857"}],"wp:featuredmedia":[{"embeddable":true,"href":"https:\/\/puhdasplus.ee\/en\/wp-json\/wp\/v2\/media\/360006"}],"wp:attachment":[{"href":"https:\/\/puhdasplus.ee\/en\/wp-json\/wp\/v2\/media?parent=359857"}],"wp:term":[{"taxonomy":"product_brand","embeddable":true,"href":"https:\/\/puhdasplus.ee\/en\/wp-json\/wp\/v2\/product_brand?post=359857"},{"taxonomy":"product_cat","embeddable":true,"href":"https:\/\/puhdasplus.ee\/en\/wp-json\/wp\/v2\/product_cat?post=359857"},{"taxonomy":"product_tag","embeddable":true,"href":"https:\/\/puhdasplus.ee\/en\/wp-json\/wp\/v2\/product_tag?post=359857"}],"curies":[{"name":"wp","href":"https:\/\/api.w.org\/{rel}","templated":true}]}}