{"id":359812,"date":"2026-03-30T21:50:48","date_gmt":"2026-03-30T18:50:48","guid":{"rendered":"https:\/\/puhdasplus.ee\/?post_type=product&#038;p=359812"},"modified":"2026-04-05T18:16:07","modified_gmt":"2026-04-05T15:16:07","slug":"k2-vitamiin-500-%c2%b5g-60-kapslit","status":"publish","type":"product","link":"https:\/\/puhdasplus.ee\/products\/vitamins\/vitamin-k2\/k2-vitamiin-500-%c2%b5g-60-kapslit\/","title":{"rendered":"K2-vitamiin 500 \u00b5g 60 kapslit"},"content":{"rendered":"<h2><b>Miks valida K2-vitamiin?<\/b><\/h2>\n<p class=\"p1\">K2-vitamiin on oluline rasvlahustuv vitamiin, mis osaleb organismis mitmetes olulistes protsessides. Toode sisaldab h\u00e4sti imenduvat MK-7 vormi, mis sobib igap\u00e4evaseks kasutamiseks. <span class=\"s1\">K2-vitamiin aitab kaasa <\/span><b>luude normaalsele seisundile <\/b>ja <b>vere normaalsele h\u00fc\u00fcbimisele<\/b><\/p>\n<p>&nbsp;<\/p>\n<h2><strong>Kasutamisjuhend<\/strong><\/h2>\n<p>1 kapsel p\u00e4evas. Soovituslikku p\u00e4evaannust ei tohi \u00fcletada. Toidulisand ei asenda mitmekesist ja tasakaalustatud toitumist ega tervislikku eluviisi. Hoida lastele k\u00e4ttesaamatus kohas. DOSERING: 1 kapsel dagligen.ers\u00e4tter inte en m\u00e5ngsidig och balanserad kost eller en h\u00e4lsosam livsstil.<\/p>\n<p>&nbsp;<\/p>\n<h2><strong>Koostisosad<\/strong><\/h2>\n<p>T\u00e4iteaine (riisijahu), kapsel (stabilisaator: h\u00fcdroks\u00fcprop\u00fc\u00fclmet\u00fc\u00fcltselluloos), menakinoonipreparaat (MK-7 &#8211; K2-vitamiin).<\/p>\n<p>&nbsp;<\/p>\n<h2><strong>Toiteainesisaldus \u00fche kapsli kohta\u00a0<\/strong><\/h2>\n<p><strong data-start=\"50\" data-end=\"66\">K2-vitamiin:<\/strong> 500 \u00b5g (<em data-start=\"75\" data-end=\"81\">667%<\/em>) \u00a0 * % p\u00e4evasest v\u00f5rdluskogusest<\/p>\n<p>&nbsp;<\/p>\n<h2><strong>Hoiatused<\/strong><\/h2>\n<ul>\n<li>Toidulisand ei asenda mitmekesist ja tasakaalustatud toitumist ega tervislikku eluviisi.<\/li>\n<li>Hoida laste k\u00e4eulatusest eemal.<\/li>\n<li>Soovitatud p\u00e4evast annust ei tohi \u00fcletada.<\/li>\n<\/ul>\n<p>&nbsp;<\/p>\n<h2><strong>S\u00e4ilitamine<\/strong><\/h2>\n<p class=\"p3\">Hoida kuivas ja jahedas, otsese p\u00e4ikesevalguse eest kaitstult.<\/p>\n<p>&nbsp;<\/p>\n<h2 class=\"p1\"><b>Netokogus<\/b><\/h2>\n<p class=\"p1\">17 g (60 kapslit)<\/p>\n","protected":false},"excerpt":{"rendered":"<p class=\"p1\">Toidulisand K2-vitamiiniga, mis aitab kaasa <strong>l<\/strong><b>uude normaalsele seisundile<\/b> ja <b>vere normaalsele h\u00fc\u00fcbimisele.<\/b><b><\/b><\/p>\n<p class=\"p2\">Kas otsid tugevat ja h\u00e4sti imenduvat K2-vitamiini? See toode sisaldab <span class=\"s1\"><b>500 \u00b5g K2-vitamiini (MK-7 vormis)<\/b><\/span> \u00fches kapslis. Mugav kapslivorm v\u00f5imaldab lihtsat ja j\u00e4rjepidevat kasutamist igap\u00e4evaselt.<\/p>\n","protected":false},"featured_media":359892,"comment_status":"open","ping_status":"closed","template":"","meta":{"_acf_changed":false,"googlesitekit_rrm_CAow3eq7DA:productID":""},"product_brand":[],"product_cat":[441,463,443],"product_tag":[8159,1600,8164,8166,597,541,524],"class_list":{"0":"post-359812","1":"product","2":"type-product","3":"status-publish","4":"has-post-thumbnail","6":"product_cat-liigesed-lihased-ja-luud","7":"product_cat-vitamiinid","8":"product_cat-k2-vitamiin","9":"product_tag-gluteenivaba","10":"product_tag-lihased-ja-liigesed","11":"product_tag-mineraalained","12":"product_tag-soome-kvaliteet","13":"product_tag-sudame-tervis","14":"product_tag-toidulisand","15":"product_tag-vegan","17":"first","18":"onbackorder","19":"taxable","20":"shipping-taxable","21":"purchasable","22":"product-type-simple"},"acf":[],"yoast_head":"<!-- This site is optimized with the Yoast SEO plugin v27.3 - https:\/\/yoast.com\/product\/yoast-seo-wordpress\/ -->\n<title>K2-vitamiin 500 \u00b5g 60 kapslit | Puhdas+<\/title>\n<meta name=\"description\" content=\"Puhdas+ K2-vitamiin (MK-7) 500 \u00b5g \u2013 kvaliteetne toidulisand luude ja veresoonte tervise toetamiseks. H\u00e4sti imenduv vorm, 1 kapsel p\u00e4evas.\" \/>\n<meta name=\"robots\" content=\"index, follow, max-snippet:-1, max-image-preview:large, max-video-preview:-1\" \/>\n<link rel=\"canonical\" href=\"https:\/\/puhdasplus.ee\/en\/products\/vitamins\/vitamin-k2\/k2-vitamiin-500-%c2%b5g-60-kapslit\/\" \/>\n<meta property=\"og:locale\" content=\"en_US\" \/>\n<meta property=\"og:type\" content=\"article\" \/>\n<meta property=\"og:title\" content=\"K2-vitamiin 500 \u00b5g 60 kapslit | Puhdas+\" \/>\n<meta property=\"og:description\" content=\"Puhdas+ K2-vitamiin (MK-7) 500 \u00b5g \u2013 kvaliteetne toidulisand luude ja veresoonte tervise toetamiseks. H\u00e4sti imenduv vorm, 1 kapsel p\u00e4evas.\" \/>\n<meta property=\"og:url\" content=\"https:\/\/puhdasplus.ee\/products\/vitamins\/vitamin-k2\/k2-vitamiin-500-%c2%b5g-60-kapslit\/\" \/>\n<meta property=\"og:site_name\" content=\"Puhdas+\" \/>\n<meta property=\"article:publisher\" content=\"https:\/\/www.facebook.com\/puhdasplus\" \/>\n<meta property=\"article:modified_time\" content=\"2026-04-05T15:16:07+00:00\" \/>\n<meta property=\"og:image\" content=\"https:\/\/puhdasplus.ee\/wp-content\/uploads\/2026\/03\/359812_359811.png\" \/>\n\t<meta property=\"og:image:width\" content=\"582\" \/>\n\t<meta property=\"og:image:height\" content=\"800\" \/>\n\t<meta property=\"og:image:type\" content=\"image\/png\" \/>\n<meta name=\"twitter:card\" content=\"summary_large_image\" \/>\n<meta name=\"twitter:label1\" content=\"Est. reading time\" \/>\n\t<meta name=\"twitter:data1\" content=\"1 minute\" \/>\n<script type=\"application\/ld+json\" class=\"yoast-schema-graph\">{\"@context\":\"https:\\\/\\\/schema.org\",\"@graph\":[{\"@type\":\"WebPage\",\"@id\":\"https:\\\/\\\/puhdasplus.ee\\\/products\\\/vitamins\\\/vitamin-k2\\\/k2-vitamiin-500-%c2%b5g-60-kapslit\\\/\",\"url\":\"https:\\\/\\\/puhdasplus.ee\\\/products\\\/vitamins\\\/vitamin-k2\\\/k2-vitamiin-500-%c2%b5g-60-kapslit\\\/\",\"name\":\"K2-vitamiin 500 \u00b5g 60 kapslit | Puhdas+\",\"isPartOf\":{\"@id\":\"https:\\\/\\\/puhdasplus.ee\\\/en\\\/#website\"},\"primaryImageOfPage\":{\"@id\":\"https:\\\/\\\/puhdasplus.ee\\\/products\\\/vitamins\\\/vitamin-k2\\\/k2-vitamiin-500-%c2%b5g-60-kapslit\\\/#primaryimage\"},\"image\":{\"@id\":\"https:\\\/\\\/puhdasplus.ee\\\/products\\\/vitamins\\\/vitamin-k2\\\/k2-vitamiin-500-%c2%b5g-60-kapslit\\\/#primaryimage\"},\"thumbnailUrl\":\"https:\\\/\\\/puhdasplus.ee\\\/wp-content\\\/uploads\\\/2026\\\/03\\\/359812_359811.png\",\"datePublished\":\"2026-03-30T18:50:48+00:00\",\"dateModified\":\"2026-04-05T15:16:07+00:00\",\"description\":\"Puhdas+ K2-vitamiin (MK-7) 500 \u00b5g \u2013 kvaliteetne toidulisand luude ja veresoonte tervise toetamiseks. H\u00e4sti imenduv vorm, 1 kapsel p\u00e4evas.\",\"breadcrumb\":{\"@id\":\"https:\\\/\\\/puhdasplus.ee\\\/products\\\/vitamins\\\/vitamin-k2\\\/k2-vitamiin-500-%c2%b5g-60-kapslit\\\/#breadcrumb\"},\"inLanguage\":\"en-US\",\"potentialAction\":[{\"@type\":\"ReadAction\",\"target\":[\"https:\\\/\\\/puhdasplus.ee\\\/products\\\/vitamins\\\/vitamin-k2\\\/k2-vitamiin-500-%c2%b5g-60-kapslit\\\/\"]}]},{\"@type\":\"ImageObject\",\"inLanguage\":\"en-US\",\"@id\":\"https:\\\/\\\/puhdasplus.ee\\\/products\\\/vitamins\\\/vitamin-k2\\\/k2-vitamiin-500-%c2%b5g-60-kapslit\\\/#primaryimage\",\"url\":\"https:\\\/\\\/puhdasplus.ee\\\/wp-content\\\/uploads\\\/2026\\\/03\\\/359812_359811.png\",\"contentUrl\":\"https:\\\/\\\/puhdasplus.ee\\\/wp-content\\\/uploads\\\/2026\\\/03\\\/359812_359811.png\",\"width\":582,\"height\":800,\"caption\":\"K2-vitamiin 500 \u00b5g 60 kapslit | Puhdas+\"},{\"@type\":\"BreadcrumbList\",\"@id\":\"https:\\\/\\\/puhdasplus.ee\\\/products\\\/vitamins\\\/vitamin-k2\\\/k2-vitamiin-500-%c2%b5g-60-kapslit\\\/#breadcrumb\",\"itemListElement\":[{\"@type\":\"ListItem\",\"position\":1,\"name\":\"Home\",\"item\":\"https:\\\/\\\/puhdasplus.ee\\\/en\\\/\"},{\"@type\":\"ListItem\",\"position\":2,\"name\":\"Products\",\"item\":\"https:\\\/\\\/puhdasplus.ee\\\/en\\\/shop\\\/\"},{\"@type\":\"ListItem\",\"position\":3,\"name\":\"K2-vitamiin 500 \u00b5g 60 kapslit\"}]},{\"@type\":\"WebSite\",\"@id\":\"https:\\\/\\\/puhdasplus.ee\\\/en\\\/#website\",\"url\":\"https:\\\/\\\/puhdasplus.ee\\\/en\\\/\",\"name\":\"Puhdas+\",\"description\":\"Vitamins, supplements, natural cosmetics, health, sport\",\"publisher\":{\"@id\":\"https:\\\/\\\/puhdasplus.ee\\\/en\\\/#organization\"},\"potentialAction\":[{\"@type\":\"SearchAction\",\"target\":{\"@type\":\"EntryPoint\",\"urlTemplate\":\"https:\\\/\\\/puhdasplus.ee\\\/en\\\/?s={search_term_string}\"},\"query-input\":{\"@type\":\"PropertyValueSpecification\",\"valueRequired\":true,\"valueName\":\"search_term_string\"}}],\"inLanguage\":\"en-US\"},{\"@type\":\"Organization\",\"@id\":\"https:\\\/\\\/puhdasplus.ee\\\/en\\\/#organization\",\"name\":\"Puhdas+\",\"alternateName\":\"Puhdasplus\",\"url\":\"https:\\\/\\\/puhdasplus.ee\\\/en\\\/\",\"logo\":{\"@type\":\"ImageObject\",\"inLanguage\":\"en-US\",\"@id\":\"https:\\\/\\\/puhdasplus.ee\\\/en\\\/#\\\/schema\\\/logo\\\/image\\\/\",\"url\":\"https:\\\/\\\/puhdasplus.ee\\\/wp-content\\\/uploads\\\/2019\\\/10\\\/puhdas_logo-arvele.png\",\"contentUrl\":\"https:\\\/\\\/puhdasplus.ee\\\/wp-content\\\/uploads\\\/2019\\\/10\\\/puhdas_logo-arvele.png\",\"width\":114,\"height\":94,\"caption\":\"Puhdas+\"},\"image\":{\"@id\":\"https:\\\/\\\/puhdasplus.ee\\\/en\\\/#\\\/schema\\\/logo\\\/image\\\/\"},\"sameAs\":[\"https:\\\/\\\/www.facebook.com\\\/puhdasplus\",\"https:\\\/\\\/www.instagram.com\\\/puhdasplus_ee\\\/\"]}]}<\/script>\n<!-- \/ Yoast SEO plugin. -->","yoast_head_json":{"title":"K2-vitamiin 500 \u00b5g 60 kapslit | Puhdas+","description":"Puhdas+ K2-vitamiin (MK-7) 500 \u00b5g \u2013 kvaliteetne toidulisand luude ja veresoonte tervise toetamiseks. H\u00e4sti imenduv vorm, 1 kapsel p\u00e4evas.","robots":{"index":"index","follow":"follow","max-snippet":"max-snippet:-1","max-image-preview":"max-image-preview:large","max-video-preview":"max-video-preview:-1"},"canonical":"https:\/\/puhdasplus.ee\/en\/products\/vitamins\/vitamin-k2\/k2-vitamiin-500-%c2%b5g-60-kapslit\/","og_locale":"en_US","og_type":"article","og_title":"K2-vitamiin 500 \u00b5g 60 kapslit | Puhdas+","og_description":"Puhdas+ K2-vitamiin (MK-7) 500 \u00b5g \u2013 kvaliteetne toidulisand luude ja veresoonte tervise toetamiseks. H\u00e4sti imenduv vorm, 1 kapsel p\u00e4evas.","og_url":"https:\/\/puhdasplus.ee\/products\/vitamins\/vitamin-k2\/k2-vitamiin-500-%c2%b5g-60-kapslit\/","og_site_name":"Puhdas+","article_publisher":"https:\/\/www.facebook.com\/puhdasplus","article_modified_time":"2026-04-05T15:16:07+00:00","og_image":[{"width":582,"height":800,"url":"https:\/\/puhdasplus.ee\/wp-content\/uploads\/2026\/03\/359812_359811.png","type":"image\/png"}],"twitter_card":"summary_large_image","twitter_misc":{"Est. reading time":"1 minute"},"schema":{"@context":"https:\/\/schema.org","@graph":[{"@type":"WebPage","@id":"https:\/\/puhdasplus.ee\/products\/vitamins\/vitamin-k2\/k2-vitamiin-500-%c2%b5g-60-kapslit\/","url":"https:\/\/puhdasplus.ee\/products\/vitamins\/vitamin-k2\/k2-vitamiin-500-%c2%b5g-60-kapslit\/","name":"K2-vitamiin 500 \u00b5g 60 kapslit | Puhdas+","isPartOf":{"@id":"https:\/\/puhdasplus.ee\/en\/#website"},"primaryImageOfPage":{"@id":"https:\/\/puhdasplus.ee\/products\/vitamins\/vitamin-k2\/k2-vitamiin-500-%c2%b5g-60-kapslit\/#primaryimage"},"image":{"@id":"https:\/\/puhdasplus.ee\/products\/vitamins\/vitamin-k2\/k2-vitamiin-500-%c2%b5g-60-kapslit\/#primaryimage"},"thumbnailUrl":"https:\/\/puhdasplus.ee\/wp-content\/uploads\/2026\/03\/359812_359811.png","datePublished":"2026-03-30T18:50:48+00:00","dateModified":"2026-04-05T15:16:07+00:00","description":"Puhdas+ K2-vitamiin (MK-7) 500 \u00b5g \u2013 kvaliteetne toidulisand luude ja veresoonte tervise toetamiseks. H\u00e4sti imenduv vorm, 1 kapsel p\u00e4evas.","breadcrumb":{"@id":"https:\/\/puhdasplus.ee\/products\/vitamins\/vitamin-k2\/k2-vitamiin-500-%c2%b5g-60-kapslit\/#breadcrumb"},"inLanguage":"en-US","potentialAction":[{"@type":"ReadAction","target":["https:\/\/puhdasplus.ee\/products\/vitamins\/vitamin-k2\/k2-vitamiin-500-%c2%b5g-60-kapslit\/"]}]},{"@type":"ImageObject","inLanguage":"en-US","@id":"https:\/\/puhdasplus.ee\/products\/vitamins\/vitamin-k2\/k2-vitamiin-500-%c2%b5g-60-kapslit\/#primaryimage","url":"https:\/\/puhdasplus.ee\/wp-content\/uploads\/2026\/03\/359812_359811.png","contentUrl":"https:\/\/puhdasplus.ee\/wp-content\/uploads\/2026\/03\/359812_359811.png","width":582,"height":800,"caption":"K2-vitamiin 500 \u00b5g 60 kapslit | Puhdas+"},{"@type":"BreadcrumbList","@id":"https:\/\/puhdasplus.ee\/products\/vitamins\/vitamin-k2\/k2-vitamiin-500-%c2%b5g-60-kapslit\/#breadcrumb","itemListElement":[{"@type":"ListItem","position":1,"name":"Home","item":"https:\/\/puhdasplus.ee\/en\/"},{"@type":"ListItem","position":2,"name":"Products","item":"https:\/\/puhdasplus.ee\/en\/shop\/"},{"@type":"ListItem","position":3,"name":"K2-vitamiin 500 \u00b5g 60 kapslit"}]},{"@type":"WebSite","@id":"https:\/\/puhdasplus.ee\/en\/#website","url":"https:\/\/puhdasplus.ee\/en\/","name":"Puhdas+","description":"Vitamins, supplements, natural cosmetics, health, sport","publisher":{"@id":"https:\/\/puhdasplus.ee\/en\/#organization"},"potentialAction":[{"@type":"SearchAction","target":{"@type":"EntryPoint","urlTemplate":"https:\/\/puhdasplus.ee\/en\/?s={search_term_string}"},"query-input":{"@type":"PropertyValueSpecification","valueRequired":true,"valueName":"search_term_string"}}],"inLanguage":"en-US"},{"@type":"Organization","@id":"https:\/\/puhdasplus.ee\/en\/#organization","name":"Puhdas+","alternateName":"Puhdasplus","url":"https:\/\/puhdasplus.ee\/en\/","logo":{"@type":"ImageObject","inLanguage":"en-US","@id":"https:\/\/puhdasplus.ee\/en\/#\/schema\/logo\/image\/","url":"https:\/\/puhdasplus.ee\/wp-content\/uploads\/2019\/10\/puhdas_logo-arvele.png","contentUrl":"https:\/\/puhdasplus.ee\/wp-content\/uploads\/2019\/10\/puhdas_logo-arvele.png","width":114,"height":94,"caption":"Puhdas+"},"image":{"@id":"https:\/\/puhdasplus.ee\/en\/#\/schema\/logo\/image\/"},"sameAs":["https:\/\/www.facebook.com\/puhdasplus","https:\/\/www.instagram.com\/puhdasplus_ee\/"]}]}},"_yoast_wpseo_title":"K2-vitamiin 500 \u00b5g 60 kapslit | Puhdas+","_yoast_wpseo_metadesc":"Puhdas+ K2-vitamiin (MK-7) 500 \u00b5g \u2013 kvaliteetne toidulisand luude ja veresoonte tervise toetamiseks. H\u00e4sti imenduv vorm, 1 kapsel p\u00e4evas.","_yoast_wpseo_focuskw":"K2-vitamiin 500","_links":{"self":[{"href":"https:\/\/puhdasplus.ee\/en\/wp-json\/wp\/v2\/product\/359812","targetHints":{"allow":["GET"]}}],"collection":[{"href":"https:\/\/puhdasplus.ee\/en\/wp-json\/wp\/v2\/product"}],"about":[{"href":"https:\/\/puhdasplus.ee\/en\/wp-json\/wp\/v2\/types\/product"}],"replies":[{"embeddable":true,"href":"https:\/\/puhdasplus.ee\/en\/wp-json\/wp\/v2\/comments?post=359812"}],"wp:featuredmedia":[{"embeddable":true,"href":"https:\/\/puhdasplus.ee\/en\/wp-json\/wp\/v2\/media\/359892"}],"wp:attachment":[{"href":"https:\/\/puhdasplus.ee\/en\/wp-json\/wp\/v2\/media?parent=359812"}],"wp:term":[{"taxonomy":"product_brand","embeddable":true,"href":"https:\/\/puhdasplus.ee\/en\/wp-json\/wp\/v2\/product_brand?post=359812"},{"taxonomy":"product_cat","embeddable":true,"href":"https:\/\/puhdasplus.ee\/en\/wp-json\/wp\/v2\/product_cat?post=359812"},{"taxonomy":"product_tag","embeddable":true,"href":"https:\/\/puhdasplus.ee\/en\/wp-json\/wp\/v2\/product_tag?post=359812"}],"curies":[{"name":"wp","href":"https:\/\/api.w.org\/{rel}","templated":true}]}}