{"id":359803,"date":"2026-03-30T21:50:15","date_gmt":"2026-03-30T18:50:15","guid":{"rendered":"https:\/\/puhdasplus.ee\/?post_type=product&#038;p=359803"},"modified":"2026-04-03T17:09:45","modified_gmt":"2026-04-03T14:09:45","slug":"tsink-ja-biotiin-rani-60-kapslit","status":"publish","type":"product","link":"https:\/\/puhdasplus.ee\/en\/tooted\/skin-hair-nails\/tsink-ja-biotiin-rani-60-kapslit\/","title":{"rendered":"Tsink ja biotiin + r\u00e4ni 60 kapslit"},"content":{"rendered":"<p>Puhdas+ Tsink &amp; Biotiin on toidulisand, mis sisaldab tsinki, biotiini ja r\u00e4ni (pii\u00fchendeid).<\/p>\n<h2>Kasutamisjuhend<\/h2>\n<p>1 kapsel \u00f6\u00f6p\u00e4evas. Soovituslikku p\u00e4evaannust ei tohi \u00fcletada.<\/p>\n<h2>Koostisosad<\/h2>\n<p>R\u00e4niallikas (kieselgur), kapsel (stabilisaatorid: h\u00fcdroks\u00fcprop\u00fc\u00fclmet\u00fc\u00fcltselluloos, gellaankummi), tsinksitraat, t\u00e4iteaine (mikrokristalliline tselluloos), D-biotiin.<\/p>\n<h2>Toitev\u00e4\u00e4rtus<\/h2>\n<p data-start=\"434\" data-end=\"456\"><strong data-start=\"434\" data-end=\"456\">1 kapsel sisaldab:<\/strong><\/p>\n<ul data-start=\"457\" data-end=\"589\">\n<li data-section-id=\"16mak8\" data-start=\"457\" data-end=\"522\"><strong data-start=\"459\" data-end=\"487\">Kieselgur (r\u00e4niallikas):<\/strong> 119 mg\n<ul data-start=\"499\" data-end=\"522\">\n<li data-section-id=\"1oi7gcq\" data-start=\"499\" data-end=\"522\">millest r\u00e4ni: 50 mg<\/li>\n<\/ul>\n<\/li>\n<li data-section-id=\"l57kx3\" data-start=\"523\" data-end=\"552\"><strong data-start=\"525\" data-end=\"535\">Tsink:<\/strong> 10 mg (<em data-start=\"543\" data-end=\"549\">100%<\/em>)<\/li>\n<li data-section-id=\"6mi0z2\" data-start=\"553\" data-end=\"589\"><strong data-start=\"555\" data-end=\"567\">Biotiin:<\/strong> 5000 \u00b5g (<em data-start=\"577\" data-end=\"586\">10 000%<\/em>)<\/li>\n<\/ul>\n<p data-start=\"591\" data-end=\"623\">* % p\u00e4evasest v\u00f5rdluskogusest<\/p>\n<h2><strong>Hoiatused<\/strong><\/h2>\n<ul>\n<li>Toidulisand ei asenda mitmekesist ja tasakaalustatud toitumist ega tervislikku eluviisi.<\/li>\n<li>Hoida laste k\u00e4eulatusest eemal.<\/li>\n<li>Soovitatud p\u00e4evast annust ei tohi \u00fcletada.<\/li>\n<\/ul>\n<p><strong>Tootja:<\/strong> New Organics Oy, Soome<br \/>\n<strong>Maaletooja:<\/strong> NordenBio O\u00dc, Narva mnt 7, 10117 Tallinn, Eesti<\/p>\n","protected":false},"excerpt":{"rendered":"<p><b>Puhdas+ tsink &amp; biotiin + r\u00e4ni 60 kapslit<\/b> on ilukapsel nahale, juustele ja k\u00fc\u00fcntele. Sisaldab tugevat annust tsinki, biotiini ja r\u00e4ni.<\/p>\n","protected":false},"featured_media":360000,"comment_status":"open","ping_status":"closed","template":"","meta":{"_acf_changed":false,"googlesitekit_rrm_CAow3eq7DA:productID":""},"product_brand":[],"product_cat":[466,461],"product_tag":[537,8159,949,847,8166,541],"class_list":{"0":"post-359803","1":"product","2":"type-product","3":"status-publish","4":"has-post-thumbnail","6":"product_cat-mineraalained","7":"product_cat-nahk-juuksed-kuuned","8":"product_tag-biotiin","9":"product_tag-gluteenivaba","10":"product_tag-juuksehooldus","11":"product_tag-naha-tervis","12":"product_tag-soome-kvaliteet","13":"product_tag-toidulisand","15":"first","16":"onbackorder","17":"taxable","18":"shipping-taxable","19":"purchasable","20":"product-type-simple"},"acf":[],"yoast_head":"<!-- This site is optimized with the Yoast SEO plugin v27.3 - https:\/\/yoast.com\/product\/yoast-seo-wordpress\/ -->\n<title>Tsink &amp; Biotiin + R\u00e4ni 60 kapslit | Puhdas+<\/title>\n<meta name=\"description\" content=\"Puhdas+ Tsink &amp; Biotiin + R\u00e4ni \u2013 kapslid naha, juuste ja k\u00fc\u00fcnte toetuseks. Tsink, biotiin ja r\u00e4ni \u00fches tootes. 60 kapslit igap\u00e4evaseks kasutamiseks.\" \/>\n<meta name=\"robots\" content=\"index, follow, max-snippet:-1, max-image-preview:large, max-video-preview:-1\" \/>\n<link rel=\"canonical\" href=\"https:\/\/puhdasplus.ee\/en\/tooted\/skin-hair-nails\/tsink-ja-biotiin-rani-60-kapslit\/\" \/>\n<meta property=\"og:locale\" content=\"en_US\" \/>\n<meta property=\"og:type\" content=\"article\" \/>\n<meta property=\"og:title\" content=\"Tsink &amp; Biotiin + R\u00e4ni 60 kapslit | Puhdas+\" \/>\n<meta property=\"og:description\" content=\"Puhdas+ Tsink &amp; Biotiin + R\u00e4ni \u2013 kapslid naha, juuste ja k\u00fc\u00fcnte toetuseks. Tsink, biotiin ja r\u00e4ni \u00fches tootes. 60 kapslit igap\u00e4evaseks kasutamiseks.\" \/>\n<meta property=\"og:url\" content=\"https:\/\/puhdasplus.ee\/en\/tooted\/skin-hair-nails\/tsink-ja-biotiin-rani-60-kapslit\/\" \/>\n<meta property=\"og:site_name\" content=\"Puhdas+\" \/>\n<meta property=\"article:publisher\" content=\"https:\/\/www.facebook.com\/puhdasplus\" \/>\n<meta property=\"article:modified_time\" content=\"2026-04-03T14:09:45+00:00\" \/>\n<meta property=\"og:image\" content=\"https:\/\/puhdasplus.ee\/wp-content\/uploads\/2026\/03\/tooted-ilma-taustata-copy.png\" \/>\n\t<meta property=\"og:image:width\" content=\"1280\" \/>\n\t<meta property=\"og:image:height\" content=\"1760\" \/>\n\t<meta property=\"og:image:type\" content=\"image\/png\" \/>\n<meta name=\"twitter:card\" content=\"summary_large_image\" \/>\n<meta name=\"twitter:label1\" content=\"Est. reading time\" \/>\n\t<meta name=\"twitter:data1\" content=\"1 minute\" \/>\n<script type=\"application\/ld+json\" class=\"yoast-schema-graph\">{\"@context\":\"https:\\\/\\\/schema.org\",\"@graph\":[{\"@type\":\"WebPage\",\"@id\":\"https:\\\/\\\/puhdasplus.ee\\\/en\\\/tooted\\\/skin-hair-nails\\\/tsink-ja-biotiin-rani-60-kapslit\\\/\",\"url\":\"https:\\\/\\\/puhdasplus.ee\\\/en\\\/tooted\\\/skin-hair-nails\\\/tsink-ja-biotiin-rani-60-kapslit\\\/\",\"name\":\"Tsink & Biotiin + R\u00e4ni 60 kapslit | Puhdas+\",\"isPartOf\":{\"@id\":\"https:\\\/\\\/puhdasplus.ee\\\/en\\\/#website\"},\"primaryImageOfPage\":{\"@id\":\"https:\\\/\\\/puhdasplus.ee\\\/en\\\/tooted\\\/skin-hair-nails\\\/tsink-ja-biotiin-rani-60-kapslit\\\/#primaryimage\"},\"image\":{\"@id\":\"https:\\\/\\\/puhdasplus.ee\\\/en\\\/tooted\\\/skin-hair-nails\\\/tsink-ja-biotiin-rani-60-kapslit\\\/#primaryimage\"},\"thumbnailUrl\":\"https:\\\/\\\/puhdasplus.ee\\\/wp-content\\\/uploads\\\/2026\\\/03\\\/tooted-ilma-taustata-copy.png\",\"datePublished\":\"2026-03-30T18:50:15+00:00\",\"dateModified\":\"2026-04-03T14:09:45+00:00\",\"description\":\"Puhdas+ Tsink & Biotiin + R\u00e4ni \u2013 kapslid naha, juuste ja k\u00fc\u00fcnte toetuseks. Tsink, biotiin ja r\u00e4ni \u00fches tootes. 60 kapslit igap\u00e4evaseks kasutamiseks.\",\"breadcrumb\":{\"@id\":\"https:\\\/\\\/puhdasplus.ee\\\/en\\\/tooted\\\/skin-hair-nails\\\/tsink-ja-biotiin-rani-60-kapslit\\\/#breadcrumb\"},\"inLanguage\":\"en-US\",\"potentialAction\":[{\"@type\":\"ReadAction\",\"target\":[\"https:\\\/\\\/puhdasplus.ee\\\/en\\\/tooted\\\/skin-hair-nails\\\/tsink-ja-biotiin-rani-60-kapslit\\\/\"]}]},{\"@type\":\"ImageObject\",\"inLanguage\":\"en-US\",\"@id\":\"https:\\\/\\\/puhdasplus.ee\\\/en\\\/tooted\\\/skin-hair-nails\\\/tsink-ja-biotiin-rani-60-kapslit\\\/#primaryimage\",\"url\":\"https:\\\/\\\/puhdasplus.ee\\\/wp-content\\\/uploads\\\/2026\\\/03\\\/tooted-ilma-taustata-copy.png\",\"contentUrl\":\"https:\\\/\\\/puhdasplus.ee\\\/wp-content\\\/uploads\\\/2026\\\/03\\\/tooted-ilma-taustata-copy.png\",\"width\":1280,\"height\":1760,\"caption\":\"Tsink ja biotiin + r\u00e4ni 60 kapslit\"},{\"@type\":\"BreadcrumbList\",\"@id\":\"https:\\\/\\\/puhdasplus.ee\\\/en\\\/tooted\\\/skin-hair-nails\\\/tsink-ja-biotiin-rani-60-kapslit\\\/#breadcrumb\",\"itemListElement\":[{\"@type\":\"ListItem\",\"position\":1,\"name\":\"Home\",\"item\":\"https:\\\/\\\/puhdasplus.ee\\\/en\\\/\"},{\"@type\":\"ListItem\",\"position\":2,\"name\":\"Products\",\"item\":\"https:\\\/\\\/puhdasplus.ee\\\/en\\\/shop\\\/\"},{\"@type\":\"ListItem\",\"position\":3,\"name\":\"Tsink ja biotiin + r\u00e4ni 60 kapslit\"}]},{\"@type\":\"WebSite\",\"@id\":\"https:\\\/\\\/puhdasplus.ee\\\/en\\\/#website\",\"url\":\"https:\\\/\\\/puhdasplus.ee\\\/en\\\/\",\"name\":\"Puhdas+\",\"description\":\"Vitamins, supplements, natural cosmetics, health, sport\",\"publisher\":{\"@id\":\"https:\\\/\\\/puhdasplus.ee\\\/en\\\/#organization\"},\"potentialAction\":[{\"@type\":\"SearchAction\",\"target\":{\"@type\":\"EntryPoint\",\"urlTemplate\":\"https:\\\/\\\/puhdasplus.ee\\\/en\\\/?s={search_term_string}\"},\"query-input\":{\"@type\":\"PropertyValueSpecification\",\"valueRequired\":true,\"valueName\":\"search_term_string\"}}],\"inLanguage\":\"en-US\"},{\"@type\":\"Organization\",\"@id\":\"https:\\\/\\\/puhdasplus.ee\\\/en\\\/#organization\",\"name\":\"Puhdas+\",\"alternateName\":\"Puhdasplus\",\"url\":\"https:\\\/\\\/puhdasplus.ee\\\/en\\\/\",\"logo\":{\"@type\":\"ImageObject\",\"inLanguage\":\"en-US\",\"@id\":\"https:\\\/\\\/puhdasplus.ee\\\/en\\\/#\\\/schema\\\/logo\\\/image\\\/\",\"url\":\"https:\\\/\\\/puhdasplus.ee\\\/wp-content\\\/uploads\\\/2019\\\/10\\\/puhdas_logo-arvele.png\",\"contentUrl\":\"https:\\\/\\\/puhdasplus.ee\\\/wp-content\\\/uploads\\\/2019\\\/10\\\/puhdas_logo-arvele.png\",\"width\":114,\"height\":94,\"caption\":\"Puhdas+\"},\"image\":{\"@id\":\"https:\\\/\\\/puhdasplus.ee\\\/en\\\/#\\\/schema\\\/logo\\\/image\\\/\"},\"sameAs\":[\"https:\\\/\\\/www.facebook.com\\\/puhdasplus\",\"https:\\\/\\\/www.instagram.com\\\/puhdasplus_ee\\\/\"]}]}<\/script>\n<!-- \/ Yoast SEO plugin. -->","yoast_head_json":{"title":"Tsink & Biotiin + R\u00e4ni 60 kapslit | Puhdas+","description":"Puhdas+ Tsink & Biotiin + R\u00e4ni \u2013 kapslid naha, juuste ja k\u00fc\u00fcnte toetuseks. Tsink, biotiin ja r\u00e4ni \u00fches tootes. 60 kapslit igap\u00e4evaseks kasutamiseks.","robots":{"index":"index","follow":"follow","max-snippet":"max-snippet:-1","max-image-preview":"max-image-preview:large","max-video-preview":"max-video-preview:-1"},"canonical":"https:\/\/puhdasplus.ee\/en\/tooted\/skin-hair-nails\/tsink-ja-biotiin-rani-60-kapslit\/","og_locale":"en_US","og_type":"article","og_title":"Tsink & Biotiin + R\u00e4ni 60 kapslit | Puhdas+","og_description":"Puhdas+ Tsink & Biotiin + R\u00e4ni \u2013 kapslid naha, juuste ja k\u00fc\u00fcnte toetuseks. Tsink, biotiin ja r\u00e4ni \u00fches tootes. 60 kapslit igap\u00e4evaseks kasutamiseks.","og_url":"https:\/\/puhdasplus.ee\/en\/tooted\/skin-hair-nails\/tsink-ja-biotiin-rani-60-kapslit\/","og_site_name":"Puhdas+","article_publisher":"https:\/\/www.facebook.com\/puhdasplus","article_modified_time":"2026-04-03T14:09:45+00:00","og_image":[{"width":1280,"height":1760,"url":"https:\/\/puhdasplus.ee\/wp-content\/uploads\/2026\/03\/tooted-ilma-taustata-copy.png","type":"image\/png"}],"twitter_card":"summary_large_image","twitter_misc":{"Est. reading time":"1 minute"},"schema":{"@context":"https:\/\/schema.org","@graph":[{"@type":"WebPage","@id":"https:\/\/puhdasplus.ee\/en\/tooted\/skin-hair-nails\/tsink-ja-biotiin-rani-60-kapslit\/","url":"https:\/\/puhdasplus.ee\/en\/tooted\/skin-hair-nails\/tsink-ja-biotiin-rani-60-kapslit\/","name":"Tsink & Biotiin + R\u00e4ni 60 kapslit | Puhdas+","isPartOf":{"@id":"https:\/\/puhdasplus.ee\/en\/#website"},"primaryImageOfPage":{"@id":"https:\/\/puhdasplus.ee\/en\/tooted\/skin-hair-nails\/tsink-ja-biotiin-rani-60-kapslit\/#primaryimage"},"image":{"@id":"https:\/\/puhdasplus.ee\/en\/tooted\/skin-hair-nails\/tsink-ja-biotiin-rani-60-kapslit\/#primaryimage"},"thumbnailUrl":"https:\/\/puhdasplus.ee\/wp-content\/uploads\/2026\/03\/tooted-ilma-taustata-copy.png","datePublished":"2026-03-30T18:50:15+00:00","dateModified":"2026-04-03T14:09:45+00:00","description":"Puhdas+ Tsink & Biotiin + R\u00e4ni \u2013 kapslid naha, juuste ja k\u00fc\u00fcnte toetuseks. Tsink, biotiin ja r\u00e4ni \u00fches tootes. 60 kapslit igap\u00e4evaseks kasutamiseks.","breadcrumb":{"@id":"https:\/\/puhdasplus.ee\/en\/tooted\/skin-hair-nails\/tsink-ja-biotiin-rani-60-kapslit\/#breadcrumb"},"inLanguage":"en-US","potentialAction":[{"@type":"ReadAction","target":["https:\/\/puhdasplus.ee\/en\/tooted\/skin-hair-nails\/tsink-ja-biotiin-rani-60-kapslit\/"]}]},{"@type":"ImageObject","inLanguage":"en-US","@id":"https:\/\/puhdasplus.ee\/en\/tooted\/skin-hair-nails\/tsink-ja-biotiin-rani-60-kapslit\/#primaryimage","url":"https:\/\/puhdasplus.ee\/wp-content\/uploads\/2026\/03\/tooted-ilma-taustata-copy.png","contentUrl":"https:\/\/puhdasplus.ee\/wp-content\/uploads\/2026\/03\/tooted-ilma-taustata-copy.png","width":1280,"height":1760,"caption":"Tsink ja biotiin + r\u00e4ni 60 kapslit"},{"@type":"BreadcrumbList","@id":"https:\/\/puhdasplus.ee\/en\/tooted\/skin-hair-nails\/tsink-ja-biotiin-rani-60-kapslit\/#breadcrumb","itemListElement":[{"@type":"ListItem","position":1,"name":"Home","item":"https:\/\/puhdasplus.ee\/en\/"},{"@type":"ListItem","position":2,"name":"Products","item":"https:\/\/puhdasplus.ee\/en\/shop\/"},{"@type":"ListItem","position":3,"name":"Tsink ja biotiin + r\u00e4ni 60 kapslit"}]},{"@type":"WebSite","@id":"https:\/\/puhdasplus.ee\/en\/#website","url":"https:\/\/puhdasplus.ee\/en\/","name":"Puhdas+","description":"Vitamins, supplements, natural cosmetics, health, sport","publisher":{"@id":"https:\/\/puhdasplus.ee\/en\/#organization"},"potentialAction":[{"@type":"SearchAction","target":{"@type":"EntryPoint","urlTemplate":"https:\/\/puhdasplus.ee\/en\/?s={search_term_string}"},"query-input":{"@type":"PropertyValueSpecification","valueRequired":true,"valueName":"search_term_string"}}],"inLanguage":"en-US"},{"@type":"Organization","@id":"https:\/\/puhdasplus.ee\/en\/#organization","name":"Puhdas+","alternateName":"Puhdasplus","url":"https:\/\/puhdasplus.ee\/en\/","logo":{"@type":"ImageObject","inLanguage":"en-US","@id":"https:\/\/puhdasplus.ee\/en\/#\/schema\/logo\/image\/","url":"https:\/\/puhdasplus.ee\/wp-content\/uploads\/2019\/10\/puhdas_logo-arvele.png","contentUrl":"https:\/\/puhdasplus.ee\/wp-content\/uploads\/2019\/10\/puhdas_logo-arvele.png","width":114,"height":94,"caption":"Puhdas+"},"image":{"@id":"https:\/\/puhdasplus.ee\/en\/#\/schema\/logo\/image\/"},"sameAs":["https:\/\/www.facebook.com\/puhdasplus","https:\/\/www.instagram.com\/puhdasplus_ee\/"]}]}},"_yoast_wpseo_title":"Tsink & Biotiin + R\u00e4ni 60 kapslit | Puhdas+","_yoast_wpseo_metadesc":"Puhdas+ Tsink & Biotiin + R\u00e4ni \u2013 kapslid naha, juuste ja k\u00fc\u00fcnte toetuseks. Tsink, biotiin ja r\u00e4ni \u00fches tootes. 60 kapslit igap\u00e4evaseks kasutamiseks.","_yoast_wpseo_focuskw":"tsink biotiin r\u00e4ni","_links":{"self":[{"href":"https:\/\/puhdasplus.ee\/en\/wp-json\/wp\/v2\/product\/359803","targetHints":{"allow":["GET"]}}],"collection":[{"href":"https:\/\/puhdasplus.ee\/en\/wp-json\/wp\/v2\/product"}],"about":[{"href":"https:\/\/puhdasplus.ee\/en\/wp-json\/wp\/v2\/types\/product"}],"replies":[{"embeddable":true,"href":"https:\/\/puhdasplus.ee\/en\/wp-json\/wp\/v2\/comments?post=359803"}],"wp:featuredmedia":[{"embeddable":true,"href":"https:\/\/puhdasplus.ee\/en\/wp-json\/wp\/v2\/media\/360000"}],"wp:attachment":[{"href":"https:\/\/puhdasplus.ee\/en\/wp-json\/wp\/v2\/media?parent=359803"}],"wp:term":[{"taxonomy":"product_brand","embeddable":true,"href":"https:\/\/puhdasplus.ee\/en\/wp-json\/wp\/v2\/product_brand?post=359803"},{"taxonomy":"product_cat","embeddable":true,"href":"https:\/\/puhdasplus.ee\/en\/wp-json\/wp\/v2\/product_cat?post=359803"},{"taxonomy":"product_tag","embeddable":true,"href":"https:\/\/puhdasplus.ee\/en\/wp-json\/wp\/v2\/product_tag?post=359803"}],"curies":[{"name":"wp","href":"https:\/\/api.w.org\/{rel}","templated":true}]}}