{"id":359786,"date":"2026-03-30T21:49:26","date_gmt":"2026-03-30T18:49:26","guid":{"rendered":"https:\/\/puhdasplus.ee\/?post_type=product&#038;p=359786"},"modified":"2026-04-06T13:03:26","modified_gmt":"2026-04-06T10:03:26","slug":"astaksantiin-8-mg-60-kapslit","status":"publish","type":"product","link":"https:\/\/puhdasplus.ee\/en\/tooted\/skin-hair-nails\/astaksantiin-8-mg-60-kapslit\/","title":{"rendered":"Astaksantiin 8 mg 30 kapslit"},"content":{"rendered":"<p>Puhdas+ astaksantiin on mikrovetikast <em data-start=\"38\" data-end=\"63\">Haematococcus pluvialis<\/em> saadud astaksantiin. Astaksantiin on punaka v\u00e4rvusega karotenoid.<\/p>\n<p>&nbsp;<\/p>\n<h2><strong>Kasutamisjuhend<\/strong><\/h2>\n<p>1 kapsel \u00f6\u00f6p\u00e4evas. Soovituslikku p\u00e4evaannust ei tohi \u00fcletada.<\/p>\n<p>&nbsp;<\/p>\n<h2><strong>Koostisosad<\/strong><\/h2>\n<p>Astaksantiinipreparaat (<em data-start=\"24\" data-end=\"49\">Haematococcus pluvialis<\/em>), kapsel (stabilisaator &#8211; h\u00fcdroks\u00fcprop\u00fc\u00fclmet\u00fc\u00fcltselluloos).<\/p>\n<p>Ei sisalda laktoosi, p\u00e4rmi ega gluteeni. Ei sisalda suhkrut, soola ega magusaineid.<\/p>\n<p>&nbsp;<\/p>\n<h2><strong>Toitev\u00e4\u00e4rtus \u00fche kapsli kohta<\/strong><\/h2>\n<p>Astaksantiini \u00a08 mg<\/p>\n<p>&nbsp;<\/p>\n<h2><strong>Hoiatused<\/strong><\/h2>\n<ul>\n<li>Toidulisand ei asenda mitmekesist ja tasakaalustatud toitumist ega tervislikku eluviisi.<\/li>\n<li>Oluline on s\u00fc\u00fca mitmek\u00fclgselt ja tasakaalustatult ning j\u00e4rgida tervislikku eluviisi.<\/li>\n<li>Hoida laste k\u00e4eulatusest eemal.<\/li>\n<li>Soovitatud p\u00e4evast annust ei tohi \u00fcletada.<\/li>\n<\/ul>\n<p>&nbsp;<\/p>\n","protected":false},"excerpt":{"rendered":"<p>Puhdas+ Astaksantiin 8 mg, 30 kapslit \u00a0sisaldab mikrovetikast <em data-start=\"62\" data-end=\"87\">Haematococcus pluvialis<\/em> p\u00e4rinevat <strong>astaksantiini<\/strong>, mis on \u00fcks <strong>looduses leiduvatest antioks\u00fcdantidest.<\/strong> Toidulisand \u00a0sobib igap\u00e4evaseks kasutamiseks.<\/p>\n","protected":false},"featured_media":359995,"comment_status":"open","ping_status":"closed","template":"","meta":{"_acf_changed":false,"googlesitekit_rrm_CAow3eq7DA:productID":""},"product_brand":[],"product_cat":[488,461,511],"product_tag":[805,8427,8159,847,8169,8166,541],"class_list":{"0":"post-359786","1":"product","2":"type-product","3":"status-publish","4":"has-post-thumbnail","6":"product_cat-immuunsusteem","7":"product_cat-nahk-juuksed-kuuned","8":"product_cat-silmadele","9":"product_tag-antioksudant","10":"product_tag-astaksantiin","11":"product_tag-gluteenivaba","12":"product_tag-naha-tervis","13":"product_tag-silmade-tervis","14":"product_tag-soome-kvaliteet","15":"product_tag-toidulisand","17":"first","18":"onbackorder","19":"taxable","20":"shipping-taxable","21":"purchasable","22":"product-type-simple"},"acf":[],"yoast_head":"<!-- This site is optimized with the Yoast SEO plugin v27.3 - https:\/\/yoast.com\/product\/yoast-seo-wordpress\/ -->\n<title>Astaksantiin 8 mg 60 kapslit | Puhdas+<\/title>\n<meta name=\"description\" content=\"Puhdas+ Astaksantiin 8 mg \u2013 kvaliteetne antioks\u00fcdant mikrovetikast (Haematococcus pluvialis). Puhas koostis ja 60 kapslit igap\u00e4evaseks tarbimiseks.\" \/>\n<meta name=\"robots\" content=\"index, follow, max-snippet:-1, max-image-preview:large, max-video-preview:-1\" \/>\n<link rel=\"canonical\" href=\"https:\/\/puhdasplus.ee\/en\/tooted\/skin-hair-nails\/astaksantiin-8-mg-60-kapslit\/\" \/>\n<meta property=\"og:locale\" content=\"en_US\" \/>\n<meta property=\"og:type\" content=\"article\" \/>\n<meta property=\"og:title\" content=\"Astaksantiin 8 mg 60 kapslit | Puhdas+\" \/>\n<meta property=\"og:description\" content=\"Puhdas+ Astaksantiin 8 mg \u2013 kvaliteetne antioks\u00fcdant mikrovetikast (Haematococcus pluvialis). Puhas koostis ja 60 kapslit igap\u00e4evaseks tarbimiseks.\" \/>\n<meta property=\"og:url\" content=\"https:\/\/puhdasplus.ee\/en\/tooted\/skin-hair-nails\/astaksantiin-8-mg-60-kapslit\/\" \/>\n<meta property=\"og:site_name\" content=\"Puhdas+\" \/>\n<meta property=\"article:publisher\" content=\"https:\/\/www.facebook.com\/puhdasplus\" \/>\n<meta property=\"article:modified_time\" content=\"2026-04-06T10:03:26+00:00\" \/>\n<meta property=\"og:image\" content=\"https:\/\/puhdasplus.ee\/wp-content\/uploads\/2026\/03\/Astaksantiin-8-mg-scaled.png\" \/>\n\t<meta property=\"og:image:width\" content=\"1862\" \/>\n\t<meta property=\"og:image:height\" content=\"2560\" \/>\n\t<meta property=\"og:image:type\" content=\"image\/png\" \/>\n<meta name=\"twitter:card\" content=\"summary_large_image\" \/>\n<meta name=\"twitter:label1\" content=\"Est. reading time\" \/>\n\t<meta name=\"twitter:data1\" content=\"1 minute\" \/>\n<script type=\"application\/ld+json\" class=\"yoast-schema-graph\">{\"@context\":\"https:\\\/\\\/schema.org\",\"@graph\":[{\"@type\":\"WebPage\",\"@id\":\"https:\\\/\\\/puhdasplus.ee\\\/en\\\/tooted\\\/skin-hair-nails\\\/astaksantiin-8-mg-60-kapslit\\\/\",\"url\":\"https:\\\/\\\/puhdasplus.ee\\\/en\\\/tooted\\\/skin-hair-nails\\\/astaksantiin-8-mg-60-kapslit\\\/\",\"name\":\"Astaksantiin 8 mg 60 kapslit | Puhdas+\",\"isPartOf\":{\"@id\":\"https:\\\/\\\/puhdasplus.ee\\\/en\\\/#website\"},\"primaryImageOfPage\":{\"@id\":\"https:\\\/\\\/puhdasplus.ee\\\/en\\\/tooted\\\/skin-hair-nails\\\/astaksantiin-8-mg-60-kapslit\\\/#primaryimage\"},\"image\":{\"@id\":\"https:\\\/\\\/puhdasplus.ee\\\/en\\\/tooted\\\/skin-hair-nails\\\/astaksantiin-8-mg-60-kapslit\\\/#primaryimage\"},\"thumbnailUrl\":\"https:\\\/\\\/puhdasplus.ee\\\/wp-content\\\/uploads\\\/2026\\\/03\\\/Astaksantiin-8-mg-scaled.png\",\"datePublished\":\"2026-03-30T18:49:26+00:00\",\"dateModified\":\"2026-04-06T10:03:26+00:00\",\"description\":\"Puhdas+ Astaksantiin 8 mg \u2013 kvaliteetne antioks\u00fcdant mikrovetikast (Haematococcus pluvialis). Puhas koostis ja 60 kapslit igap\u00e4evaseks tarbimiseks.\",\"breadcrumb\":{\"@id\":\"https:\\\/\\\/puhdasplus.ee\\\/en\\\/tooted\\\/skin-hair-nails\\\/astaksantiin-8-mg-60-kapslit\\\/#breadcrumb\"},\"inLanguage\":\"en-US\",\"potentialAction\":[{\"@type\":\"ReadAction\",\"target\":[\"https:\\\/\\\/puhdasplus.ee\\\/en\\\/tooted\\\/skin-hair-nails\\\/astaksantiin-8-mg-60-kapslit\\\/\"]}]},{\"@type\":\"ImageObject\",\"inLanguage\":\"en-US\",\"@id\":\"https:\\\/\\\/puhdasplus.ee\\\/en\\\/tooted\\\/skin-hair-nails\\\/astaksantiin-8-mg-60-kapslit\\\/#primaryimage\",\"url\":\"https:\\\/\\\/puhdasplus.ee\\\/wp-content\\\/uploads\\\/2026\\\/03\\\/Astaksantiin-8-mg-scaled.png\",\"contentUrl\":\"https:\\\/\\\/puhdasplus.ee\\\/wp-content\\\/uploads\\\/2026\\\/03\\\/Astaksantiin-8-mg-scaled.png\",\"width\":1862,\"height\":2560,\"caption\":\"Astaksantiin 8 mg\"},{\"@type\":\"BreadcrumbList\",\"@id\":\"https:\\\/\\\/puhdasplus.ee\\\/en\\\/tooted\\\/skin-hair-nails\\\/astaksantiin-8-mg-60-kapslit\\\/#breadcrumb\",\"itemListElement\":[{\"@type\":\"ListItem\",\"position\":1,\"name\":\"Home\",\"item\":\"https:\\\/\\\/puhdasplus.ee\\\/en\\\/\"},{\"@type\":\"ListItem\",\"position\":2,\"name\":\"Products\",\"item\":\"https:\\\/\\\/puhdasplus.ee\\\/en\\\/shop\\\/\"},{\"@type\":\"ListItem\",\"position\":3,\"name\":\"Astaksantiin 8 mg 30 kapslit\"}]},{\"@type\":\"WebSite\",\"@id\":\"https:\\\/\\\/puhdasplus.ee\\\/en\\\/#website\",\"url\":\"https:\\\/\\\/puhdasplus.ee\\\/en\\\/\",\"name\":\"Puhdas+\",\"description\":\"Vitamins, supplements, natural cosmetics, health, sport\",\"publisher\":{\"@id\":\"https:\\\/\\\/puhdasplus.ee\\\/en\\\/#organization\"},\"potentialAction\":[{\"@type\":\"SearchAction\",\"target\":{\"@type\":\"EntryPoint\",\"urlTemplate\":\"https:\\\/\\\/puhdasplus.ee\\\/en\\\/?s={search_term_string}\"},\"query-input\":{\"@type\":\"PropertyValueSpecification\",\"valueRequired\":true,\"valueName\":\"search_term_string\"}}],\"inLanguage\":\"en-US\"},{\"@type\":\"Organization\",\"@id\":\"https:\\\/\\\/puhdasplus.ee\\\/en\\\/#organization\",\"name\":\"Puhdas+\",\"alternateName\":\"Puhdasplus\",\"url\":\"https:\\\/\\\/puhdasplus.ee\\\/en\\\/\",\"logo\":{\"@type\":\"ImageObject\",\"inLanguage\":\"en-US\",\"@id\":\"https:\\\/\\\/puhdasplus.ee\\\/en\\\/#\\\/schema\\\/logo\\\/image\\\/\",\"url\":\"https:\\\/\\\/puhdasplus.ee\\\/wp-content\\\/uploads\\\/2019\\\/10\\\/puhdas_logo-arvele.png\",\"contentUrl\":\"https:\\\/\\\/puhdasplus.ee\\\/wp-content\\\/uploads\\\/2019\\\/10\\\/puhdas_logo-arvele.png\",\"width\":114,\"height\":94,\"caption\":\"Puhdas+\"},\"image\":{\"@id\":\"https:\\\/\\\/puhdasplus.ee\\\/en\\\/#\\\/schema\\\/logo\\\/image\\\/\"},\"sameAs\":[\"https:\\\/\\\/www.facebook.com\\\/puhdasplus\",\"https:\\\/\\\/www.instagram.com\\\/puhdasplus_ee\\\/\"]}]}<\/script>\n<!-- \/ Yoast SEO plugin. -->","yoast_head_json":{"title":"Astaksantiin 8 mg 60 kapslit | Puhdas+","description":"Puhdas+ Astaksantiin 8 mg \u2013 kvaliteetne antioks\u00fcdant mikrovetikast (Haematococcus pluvialis). Puhas koostis ja 60 kapslit igap\u00e4evaseks tarbimiseks.","robots":{"index":"index","follow":"follow","max-snippet":"max-snippet:-1","max-image-preview":"max-image-preview:large","max-video-preview":"max-video-preview:-1"},"canonical":"https:\/\/puhdasplus.ee\/en\/tooted\/skin-hair-nails\/astaksantiin-8-mg-60-kapslit\/","og_locale":"en_US","og_type":"article","og_title":"Astaksantiin 8 mg 60 kapslit | Puhdas+","og_description":"Puhdas+ Astaksantiin 8 mg \u2013 kvaliteetne antioks\u00fcdant mikrovetikast (Haematococcus pluvialis). Puhas koostis ja 60 kapslit igap\u00e4evaseks tarbimiseks.","og_url":"https:\/\/puhdasplus.ee\/en\/tooted\/skin-hair-nails\/astaksantiin-8-mg-60-kapslit\/","og_site_name":"Puhdas+","article_publisher":"https:\/\/www.facebook.com\/puhdasplus","article_modified_time":"2026-04-06T10:03:26+00:00","og_image":[{"width":1862,"height":2560,"url":"https:\/\/puhdasplus.ee\/wp-content\/uploads\/2026\/03\/Astaksantiin-8-mg-scaled.png","type":"image\/png"}],"twitter_card":"summary_large_image","twitter_misc":{"Est. reading time":"1 minute"},"schema":{"@context":"https:\/\/schema.org","@graph":[{"@type":"WebPage","@id":"https:\/\/puhdasplus.ee\/en\/tooted\/skin-hair-nails\/astaksantiin-8-mg-60-kapslit\/","url":"https:\/\/puhdasplus.ee\/en\/tooted\/skin-hair-nails\/astaksantiin-8-mg-60-kapslit\/","name":"Astaksantiin 8 mg 60 kapslit | Puhdas+","isPartOf":{"@id":"https:\/\/puhdasplus.ee\/en\/#website"},"primaryImageOfPage":{"@id":"https:\/\/puhdasplus.ee\/en\/tooted\/skin-hair-nails\/astaksantiin-8-mg-60-kapslit\/#primaryimage"},"image":{"@id":"https:\/\/puhdasplus.ee\/en\/tooted\/skin-hair-nails\/astaksantiin-8-mg-60-kapslit\/#primaryimage"},"thumbnailUrl":"https:\/\/puhdasplus.ee\/wp-content\/uploads\/2026\/03\/Astaksantiin-8-mg-scaled.png","datePublished":"2026-03-30T18:49:26+00:00","dateModified":"2026-04-06T10:03:26+00:00","description":"Puhdas+ Astaksantiin 8 mg \u2013 kvaliteetne antioks\u00fcdant mikrovetikast (Haematococcus pluvialis). Puhas koostis ja 60 kapslit igap\u00e4evaseks tarbimiseks.","breadcrumb":{"@id":"https:\/\/puhdasplus.ee\/en\/tooted\/skin-hair-nails\/astaksantiin-8-mg-60-kapslit\/#breadcrumb"},"inLanguage":"en-US","potentialAction":[{"@type":"ReadAction","target":["https:\/\/puhdasplus.ee\/en\/tooted\/skin-hair-nails\/astaksantiin-8-mg-60-kapslit\/"]}]},{"@type":"ImageObject","inLanguage":"en-US","@id":"https:\/\/puhdasplus.ee\/en\/tooted\/skin-hair-nails\/astaksantiin-8-mg-60-kapslit\/#primaryimage","url":"https:\/\/puhdasplus.ee\/wp-content\/uploads\/2026\/03\/Astaksantiin-8-mg-scaled.png","contentUrl":"https:\/\/puhdasplus.ee\/wp-content\/uploads\/2026\/03\/Astaksantiin-8-mg-scaled.png","width":1862,"height":2560,"caption":"Astaksantiin 8 mg"},{"@type":"BreadcrumbList","@id":"https:\/\/puhdasplus.ee\/en\/tooted\/skin-hair-nails\/astaksantiin-8-mg-60-kapslit\/#breadcrumb","itemListElement":[{"@type":"ListItem","position":1,"name":"Home","item":"https:\/\/puhdasplus.ee\/en\/"},{"@type":"ListItem","position":2,"name":"Products","item":"https:\/\/puhdasplus.ee\/en\/shop\/"},{"@type":"ListItem","position":3,"name":"Astaksantiin 8 mg 30 kapslit"}]},{"@type":"WebSite","@id":"https:\/\/puhdasplus.ee\/en\/#website","url":"https:\/\/puhdasplus.ee\/en\/","name":"Puhdas+","description":"Vitamins, supplements, natural cosmetics, health, sport","publisher":{"@id":"https:\/\/puhdasplus.ee\/en\/#organization"},"potentialAction":[{"@type":"SearchAction","target":{"@type":"EntryPoint","urlTemplate":"https:\/\/puhdasplus.ee\/en\/?s={search_term_string}"},"query-input":{"@type":"PropertyValueSpecification","valueRequired":true,"valueName":"search_term_string"}}],"inLanguage":"en-US"},{"@type":"Organization","@id":"https:\/\/puhdasplus.ee\/en\/#organization","name":"Puhdas+","alternateName":"Puhdasplus","url":"https:\/\/puhdasplus.ee\/en\/","logo":{"@type":"ImageObject","inLanguage":"en-US","@id":"https:\/\/puhdasplus.ee\/en\/#\/schema\/logo\/image\/","url":"https:\/\/puhdasplus.ee\/wp-content\/uploads\/2019\/10\/puhdas_logo-arvele.png","contentUrl":"https:\/\/puhdasplus.ee\/wp-content\/uploads\/2019\/10\/puhdas_logo-arvele.png","width":114,"height":94,"caption":"Puhdas+"},"image":{"@id":"https:\/\/puhdasplus.ee\/en\/#\/schema\/logo\/image\/"},"sameAs":["https:\/\/www.facebook.com\/puhdasplus","https:\/\/www.instagram.com\/puhdasplus_ee\/"]}]}},"_yoast_wpseo_title":"Astaksantiin 8 mg 60 kapslit | Puhdas+","_yoast_wpseo_metadesc":"Puhdas+ Astaksantiin 8 mg \u2013 kvaliteetne antioks\u00fcdant mikrovetikast (Haematococcus pluvialis). Puhas koostis ja 60 kapslit igap\u00e4evaseks tarbimiseks.","_yoast_wpseo_focuskw":"astaksantiin","_links":{"self":[{"href":"https:\/\/puhdasplus.ee\/en\/wp-json\/wp\/v2\/product\/359786","targetHints":{"allow":["GET"]}}],"collection":[{"href":"https:\/\/puhdasplus.ee\/en\/wp-json\/wp\/v2\/product"}],"about":[{"href":"https:\/\/puhdasplus.ee\/en\/wp-json\/wp\/v2\/types\/product"}],"replies":[{"embeddable":true,"href":"https:\/\/puhdasplus.ee\/en\/wp-json\/wp\/v2\/comments?post=359786"}],"wp:featuredmedia":[{"embeddable":true,"href":"https:\/\/puhdasplus.ee\/en\/wp-json\/wp\/v2\/media\/359995"}],"wp:attachment":[{"href":"https:\/\/puhdasplus.ee\/en\/wp-json\/wp\/v2\/media?parent=359786"}],"wp:term":[{"taxonomy":"product_brand","embeddable":true,"href":"https:\/\/puhdasplus.ee\/en\/wp-json\/wp\/v2\/product_brand?post=359786"},{"taxonomy":"product_cat","embeddable":true,"href":"https:\/\/puhdasplus.ee\/en\/wp-json\/wp\/v2\/product_cat?post=359786"},{"taxonomy":"product_tag","embeddable":true,"href":"https:\/\/puhdasplus.ee\/en\/wp-json\/wp\/v2\/product_tag?post=359786"}],"curies":[{"name":"wp","href":"https:\/\/api.w.org\/{rel}","templated":true}]}}